{"id":6858,"date":"2026-01-28T12:21:26","date_gmt":"2026-01-28T10:21:26","guid":{"rendered":"https:\/\/mnir.ro\/shop\/?post_type=product&#038;p=6858"},"modified":"2026-01-28T12:21:26","modified_gmt":"2026-01-28T10:21:26","slug":"intre-calea-victoriei-si-bulevardul-domnitei-o-calatorie-prin-centrul-istoric-al-bucurestilor","status":"publish","type":"product","link":"https:\/\/mnir.ro\/shop\/index.php\/produs\/intre-calea-victoriei-si-bulevardul-domnitei-o-calatorie-prin-centrul-istoric-al-bucurestilor\/","title":{"rendered":"\u00centre Calea Victoriei \u0219i Bulevardul Domni\u021bei&#8230;O c\u0103l\u0103torie prin Centrul Istoric al Bucure\u0219tilor"},"content":{"rendered":"<p>Volumul <em>\u00centre Calea Victoriei \u0219i Bulevardul Domni\u021bei&#8230;O c\u0103l\u0103torie prin Centrul Istoric al Bucure\u0219tilor<\/em> inten\u021bioneaz\u0103 s\u0103 poarte cititorul nu doar prin locurile at\u00e2t de cunoscute ale T\u00e2rgului din\u0103untru, ci \u0219i prin cele mai pu\u021bin \u0219tiute, la fel de \u00eenc\u0103rcate de istorie, \u0219i s\u0103 \u00eei prezinte o pleiad\u0103 de personaje care au f\u0103cut ca aceast\u0103 parte a Capitalei s\u0103 aib\u0103 un trecut at\u00e2t bogat \u0219i de fascinant.<\/p>\n<p>C\u0103l\u0103toria noastr\u0103 \u00eencepe cu o privire atent\u0103 asupra evolu\u021biei administrative \u0219i edilitare a Bucure\u0219tilor, cu accent, desigur, pe Centrul Istoric, descoperind dezvoltarea ora\u0219ului, provoc\u0103rile prin care a trecut, precum \u0219i etapele moderniz\u0103rii acestuia.<\/p>\n<p>V\u0103 invit\u0103m, apoi, la un periplu prin hanurile \u0219i hotelurile Centrului Istoric, prin numeroasele l\u0103ca\u0219uri de cult, prin edificiile reprezentative (sedii de institu\u021bii publice, b\u0103nci, spitale). De asemenea, v\u0103 vom conduce prin fascinanta lume a comer\u021bului, unde v\u0103 vom face cuno\u0219tin\u021b\u0103 cu c\u00e2\u021biva dintre marii antreprenori ale c\u0103ror afaceri au fost str\u00e2ns legate de Centrul Istoric al Bucure\u0219tilor \u0219i v\u0103 vom dezv\u0103lui, totodat\u0103, dedesubturile unor falimente celebre, dar \u0219i pe cele ale crizelor financiare.<\/p>\n","protected":false},"excerpt":{"rendered":"<p>Volumul \u00centre Calea Victoriei \u0219i Bulevardul Domni\u021bei&#8230;O c\u0103l\u0103torie prin Centrul Istoric al Bucure\u0219tilor inten\u021bioneaz\u0103 s\u0103 poarte cititorul nu doar prin locurile at\u00e2t de cunoscute ale T\u00e2rgului din\u0103untru, ci \u0219i prin&#8230;<\/p>\n","protected":false},"featured_media":6859,"template":"","meta":[],"product_brand":[],"product_cat":[39],"product_tag":[],"class_list":{"0":"post-6858","1":"product","2":"type-product","3":"status-publish","4":"has-post-thumbnail","6":"product_cat-carte","8":"first","9":"instock","10":"shipping-taxable","11":"purchasable","12":"product-type-simple"},"_links":{"self":[{"href":"https:\/\/mnir.ro\/shop\/index.php\/wp-json\/wp\/v2\/product\/6858","targetHints":{"allow":["GET"]}}],"collection":[{"href":"https:\/\/mnir.ro\/shop\/index.php\/wp-json\/wp\/v2\/product"}],"about":[{"href":"https:\/\/mnir.ro\/shop\/index.php\/wp-json\/wp\/v2\/types\/product"}],"wp:featuredmedia":[{"embeddable":true,"href":"https:\/\/mnir.ro\/shop\/index.php\/wp-json\/wp\/v2\/media\/6859"}],"wp:attachment":[{"href":"https:\/\/mnir.ro\/shop\/index.php\/wp-json\/wp\/v2\/media?parent=6858"}],"wp:term":[{"taxonomy":"product_brand","embeddable":true,"href":"https:\/\/mnir.ro\/shop\/index.php\/wp-json\/wp\/v2\/product_brand?post=6858"},{"taxonomy":"product_cat","embeddable":true,"href":"https:\/\/mnir.ro\/shop\/index.php\/wp-json\/wp\/v2\/product_cat?post=6858"},{"taxonomy":"product_tag","embeddable":true,"href":"https:\/\/mnir.ro\/shop\/index.php\/wp-json\/wp\/v2\/product_tag?post=6858"}],"curies":[{"name":"wp","href":"https:\/\/api.w.org\/{rel}","templated":true}]}}