{"id":6824,"date":"2026-01-20T13:52:41","date_gmt":"2026-01-20T11:52:41","guid":{"rendered":"https:\/\/mnir.ro\/shop\/?post_type=product&#038;p=6824"},"modified":"2026-01-20T13:54:51","modified_gmt":"2026-01-20T11:54:51","slug":"matritele-marcilor-postale-romanesti-vol-i","status":"publish","type":"product","link":"https:\/\/mnir.ro\/shop\/index.php\/produs\/matritele-marcilor-postale-romanesti-vol-i\/","title":{"rendered":"Matri\u021bele m\u0103rcilor po\u0219tale rom\u00e2ne\u0219ti, vol. I"},"content":{"rendered":"<p><em><strong>Matri\u021bele m\u0103rcilor po\u0219tale rom\u00e2ne\u0219ti<\/strong><\/em><strong>, editor Cristina Antonie, Editura Muzeului Na\u021bional de Istorie a Rom\u00e2niei, Bucure\u0219ti, 2025, catalog, volumul I.<\/strong><\/p>\n<p>Catalogul aduce informa\u021bii noi \u0219i utile despre piese din <strong>Colec\u021bia de Matri\u021be<\/strong>, care, al\u0103turi de m\u0103rci po\u0219tale \u0219i timbre fiscale rom\u00e2ne\u0219ti, efecte po\u0219tale, \u0219tampile omagiale, \u0219tampile \u201eprima zi\u201d, diplome \u0219i medalii ob\u021binute la diverse expozi\u021bii filatelice, precum \u0219i m\u0103rci po\u0219tale str\u0103ine, fac parte din <strong>Colec\u021bia Filatelic\u0103 a Rom\u00e2niei<\/strong>.<\/p>\n<p>Av\u00e2nd \u00een vedere tipologia variat\u0103 a cli\u0219eelor existente \u00een colec\u021bie, pentru categoriile de m\u0103rci po\u0219tale \u0219i timbre fiscale, catalogul este structurat \u00een mai multe volume. Studiul de fa\u021b\u0103 se axeaz\u0103 asupra <strong>matri\u021belor m\u0103rcilor po\u0219tale<\/strong>, clasificate de speciali\u0219ti \u00een patru mari categorii: <strong>clasice, postclasice, moderne \u0219i contemporane<\/strong>. \u00cen acest prim volum sunt prezentate <strong>matri\u021bele de baz\u0103 \u0219i pl\u0103cile de tipar clasice \u0219i postclasice<\/strong>, utilizate \u00een perioada <strong>1858\u20131893<\/strong>, urm\u00e2nd ca celelalte categorii s\u0103 fie tratate \u00een volumele viitoare.<\/p>\n<p>Dintre emisiunile celebre din perioada clasic\u0103, prezentate pe larg \u00een catalog, amintim: <strong>matri\u021bele <em>Cap de Bour<\/em><\/strong>, realizate la Atelierele Timbrului din Ia\u0219i dup\u0103 model francez, gravate \u00een o\u021bel \u0219i reprezent\u00e2nd capul de bour, simbol heraldic al Principatului Moldovei, cu ajutorul c\u0103rora au fost tip\u0103rite, \u00een 1858, primele m\u0103rci po\u0219tale din spa\u021biul rom\u00e2nesc \u0219i din Europa de Est; <strong>pl\u0103cile de tipar ale emisiunii <em>Principatele Unite<\/em> (1864)<\/strong>, realizate printr-o tehnic\u0103 inovatoare pentru epoc\u0103 \u2013 <strong><em>galvanoplastia<\/em><\/strong>, care presupunea multiplicarea cli\u0219eelor ini\u021biale; <strong>pl\u0103cile litografice<\/strong> utilizate ca etap\u0103 intermediar\u0103 \u00een procesul de imprimare a m\u0103rcilor clasice rom\u00e2ne\u0219ti <em>Carol cu Favori\u021bi<\/em> \u0219i <em>Carol cu Barb\u0103<\/em>, realizate de litograful <strong>S. Sander<\/strong> \u00eentre 1866 \u0219i 1872, piese unicat \u00een Rom\u00e2nia \u0219i <strong>matri\u021bele emisiunii <em>Paris<\/em><\/strong>, tip\u0103rite la <em>Atelier de la Monnaie<\/em>, gravate de <strong>Anatole Auguste Hulot<\/strong> dup\u0103 desenul artistului <strong>D\u00e9sir\u00e9-Albert Barre<\/strong>.<\/p>\n<p>De asemenea, catalogul ofer\u0103 informa\u021bii valoroase privind <strong>procesele de tip\u0103rire<\/strong> \u0219i <strong>etapele premerg\u0103toare confec\u021bion\u0103rii m\u0103rcilor po\u0219tale<\/strong>, aspecte mai pu\u021bin cunoscute publicului larg. Conceput ca <strong>instrument de lucru<\/strong> pentru identificarea, prezentarea \u0219i studierea matri\u021belor de c\u0103tre speciali\u0219ti, catalogul reprezint\u0103 totodat\u0103 un demers de <strong>popularizare \u0219i valorificare a patrimoniului filatelic<\/strong>, contribuind la promovarea matri\u021belor din Colec\u021bia Filatelic\u0103 a Rom\u00e2niei at\u00e2t \u00een mediul muzeal, c\u00e2t \u0219i \u00een cel filatelic.<\/p>\n","protected":false},"excerpt":{"rendered":"<p>Matri\u021bele m\u0103rcilor po\u0219tale rom\u00e2ne\u0219ti, editor Cristina Antonie, Editura Muzeului Na\u021bional de Istorie a Rom\u00e2niei, Bucure\u0219ti, 2025, catalog, volumul I. Catalogul aduce informa\u021bii noi \u0219i utile despre piese din Colec\u021bia de&#8230;<\/p>\n","protected":false},"featured_media":6825,"template":"","meta":[],"product_brand":[],"product_cat":[123],"product_tag":[],"class_list":{"0":"post-6824","1":"product","2":"type-product","3":"status-publish","4":"has-post-thumbnail","6":"product_cat-catalog-de-colectie","8":"first","9":"instock","10":"shipping-taxable","11":"purchasable","12":"product-type-simple"},"_links":{"self":[{"href":"https:\/\/mnir.ro\/shop\/index.php\/wp-json\/wp\/v2\/product\/6824","targetHints":{"allow":["GET"]}}],"collection":[{"href":"https:\/\/mnir.ro\/shop\/index.php\/wp-json\/wp\/v2\/product"}],"about":[{"href":"https:\/\/mnir.ro\/shop\/index.php\/wp-json\/wp\/v2\/types\/product"}],"wp:featuredmedia":[{"embeddable":true,"href":"https:\/\/mnir.ro\/shop\/index.php\/wp-json\/wp\/v2\/media\/6825"}],"wp:attachment":[{"href":"https:\/\/mnir.ro\/shop\/index.php\/wp-json\/wp\/v2\/media?parent=6824"}],"wp:term":[{"taxonomy":"product_brand","embeddable":true,"href":"https:\/\/mnir.ro\/shop\/index.php\/wp-json\/wp\/v2\/product_brand?post=6824"},{"taxonomy":"product_cat","embeddable":true,"href":"https:\/\/mnir.ro\/shop\/index.php\/wp-json\/wp\/v2\/product_cat?post=6824"},{"taxonomy":"product_tag","embeddable":true,"href":"https:\/\/mnir.ro\/shop\/index.php\/wp-json\/wp\/v2\/product_tag?post=6824"}],"curies":[{"name":"wp","href":"https:\/\/api.w.org\/{rel}","templated":true}]}}