{"id":6781,"date":"2025-10-17T12:08:57","date_gmt":"2025-10-17T09:08:57","guid":{"rendered":"https:\/\/mnir.ro\/shop\/?post_type=product&#038;p=6781"},"modified":"2026-01-19T12:35:48","modified_gmt":"2026-01-19T10:35:48","slug":"conservarea-restaurarea-picturilor-din-colectia-mnir","status":"publish","type":"product","link":"https:\/\/mnir.ro\/shop\/index.php\/produs\/conservarea-restaurarea-picturilor-din-colectia-mnir\/","title":{"rendered":"Conservarea-restaurarea picturilor din colec\u021bia MNIR"},"content":{"rendered":"<p>Catalogul expozi\u021biei <em>Conservarea-restaurarea picturilor din colec\u021bia MNIR<\/em> prezint\u0103 o selec\u021bie de lucr\u0103ri de pictur\u0103 aflate \u00een grija Muzeului Na\u021bional de Istorie a Rom\u00e2niei, \u00eenc\u0103 de la \u00eenfiin\u021barea sa, \u00een 1970, ce au trecut printr-un proces laborios de conservare-restaurare \u00een ultimii ani.<\/p>\n<p>Selec\u021bia prezint\u0103 picturi de \u0219evalet, cu valoare de document istoric, dar \u0219i cu valen\u021be artistice deosebite, realizate de arti\u0219ti importan\u021bi ai secolelor XIX-XX, precum: Theodor Aman, Gheorghe Tattarescu, Nicolae Grigorescu, Carol Popp de Szathmari, \u0218tefan Luchian, Nicolae Tonitza, Constantin Popescu Dragoe, George Demetrescu Mirea, Emilian L\u0103z\u0103rescu, Mi\u0219u Popp, F. Eduard Pesky, Tadeusz Adjukiewicz, George von L\u00f6ewendal, Camil Ressu, Theodorescu Sion, Ary Murnu, Ion Stoica Dumitrescu.<\/p>\n<p>Tematica lucr\u0103rilor prezentate ilustreaz\u0103 \u0219i documenteaz\u0103 momente istorice importante la care, uneori, arti\u0219tii au \u0219i participat: <em>Intrarea lui Mihai Viteazul \u00een Alba Iulia, Proclamarea Unirii Principatelor Rom\u00e2ne \u2013 1859, R\u0103zboiul de Independen\u021b\u0103 \u2013 Lupta de la Rahova \u2013 1877, Primul R\u0103zboi Mondial \u2013 Turtucaia \u2013 1916.<\/em> Sunt reprezentate \u00een lucr\u0103ri, pe l\u00e2ng\u0103 solda\u021bi, doroban\u021bi, prizonieri \u0219i personalit\u0103\u021bi istorice sau politice de seam\u0103 ale Rom\u00e2niei: Mihai Viteazul, Grigore D. Ghica, Protopopul Ioan Mih\u0103l\u021beanu, Regele Carol I, Regina Maria, Generalul Gheorghe Magheru, Nicolae Kretzulescu, Dimitrie A. Sturdza \u0219i Regele Carol al II-lea.<\/p>\n<p>Catalogul prezint\u0103, \u00een etape succesive, aspecte tehnologice caracteristice \u0219i starea de conservare cu degrad\u0103ri specifice, dar \u0219i atipice, \u00eent\u00e2lnite la lucr\u0103rile de art\u0103 modern\u0103 \u0219i medieval\u0103 din colec\u021bia MNIR.<\/p>\n","protected":false},"excerpt":{"rendered":"<p>Catalogul expozi\u021biei Conservarea-restaurarea picturilor din colec\u021bia MNIR prezint\u0103 o selec\u021bie de lucr\u0103ri de pictur\u0103 aflate \u00een grija Muzeului Na\u021bional de Istorie a Rom\u00e2niei, \u00eenc\u0103 de la \u00eenfiin\u021barea sa, \u00een 1970,&#8230;<\/p>\n","protected":false},"featured_media":6782,"template":"","meta":[],"product_brand":[],"product_cat":[27],"product_tag":[],"class_list":{"0":"post-6781","1":"product","2":"type-product","3":"status-publish","4":"has-post-thumbnail","6":"product_cat-catalog-expozitie","8":"first","9":"instock","10":"virtual","11":"purchasable","12":"product-type-simple"},"_links":{"self":[{"href":"https:\/\/mnir.ro\/shop\/index.php\/wp-json\/wp\/v2\/product\/6781","targetHints":{"allow":["GET"]}}],"collection":[{"href":"https:\/\/mnir.ro\/shop\/index.php\/wp-json\/wp\/v2\/product"}],"about":[{"href":"https:\/\/mnir.ro\/shop\/index.php\/wp-json\/wp\/v2\/types\/product"}],"wp:featuredmedia":[{"embeddable":true,"href":"https:\/\/mnir.ro\/shop\/index.php\/wp-json\/wp\/v2\/media\/6782"}],"wp:attachment":[{"href":"https:\/\/mnir.ro\/shop\/index.php\/wp-json\/wp\/v2\/media?parent=6781"}],"wp:term":[{"taxonomy":"product_brand","embeddable":true,"href":"https:\/\/mnir.ro\/shop\/index.php\/wp-json\/wp\/v2\/product_brand?post=6781"},{"taxonomy":"product_cat","embeddable":true,"href":"https:\/\/mnir.ro\/shop\/index.php\/wp-json\/wp\/v2\/product_cat?post=6781"},{"taxonomy":"product_tag","embeddable":true,"href":"https:\/\/mnir.ro\/shop\/index.php\/wp-json\/wp\/v2\/product_tag?post=6781"}],"curies":[{"name":"wp","href":"https:\/\/api.w.org\/{rel}","templated":true}]}}