{"id":6746,"date":"2025-08-14T12:17:25","date_gmt":"2025-08-14T09:17:25","guid":{"rendered":"https:\/\/mnir.ro\/shop\/?post_type=product&#038;p=6746"},"modified":"2025-12-15T13:39:53","modified_gmt":"2025-12-15T11:39:53","slug":"de-la-coroana-romaniei-la-steaua-republicii-traian-savulescu-documente-ordine-si-medalii","status":"publish","type":"product","link":"https:\/\/mnir.ro\/shop\/index.php\/produs\/de-la-coroana-romaniei-la-steaua-republicii-traian-savulescu-documente-ordine-si-medalii\/","title":{"rendered":"De la Coroana Rom\u00e2niei la Steaua Republicii: Traian S\u0103vulescu. Documente, ordine \u0219i medalii"},"content":{"rendered":"<p>Prezentul volum \u00ee\u0219i propune s\u0103 fac\u0103 cunoscut\u0103 publicului o parte din via\u021ba \u0219i activitatea biologului \u0219i botanistului rom\u00e2n, Traian S\u0103vulescu, fondatorul \u0218colii rom\u00e2ne\u0219ti de fitopatologie.<\/p>\n<p>Pe l\u00e2ng\u0103 prezentarea biografic\u0103 a savantului, lucrarea de fa\u021b\u0103 cuprinde prezentarea mai multor obiecte ce i-au apar\u021binut acestuia \u0219i care se afl\u0103 \u00een patrimoniul Muzeului Municipal \u201eOctavian Mo\u0219escu\u201d din R\u00e2mnicu S\u0103rat.<\/p>\n<p>\u00cen catalog mai pute\u021bi reg\u0103si c\u00e2teva obiecte personale, cum ar fi decora\u021bii, medalii, documete, fotografii \u0219i alte obiecte care fac parte din colec\u021biile Muzeului Na\u021bional de Istorie a Rom\u00e2niei.<\/p>\n<p>Autori: Marius Gabriel Neculae, Tudor Alexandru Martin<\/p>\n","protected":false},"excerpt":{"rendered":"<p>Prezentul volum \u00ee\u0219i propune s\u0103 fac\u0103 cunoscut\u0103 publicului o parte din via\u021ba \u0219i activitatea biologului \u0219i botanistului rom\u00e2n, Traian S\u0103vulescu, fondatorul \u0218colii rom\u00e2ne\u0219ti de fitopatologie. Pe l\u00e2ng\u0103 prezentarea biografic\u0103 a&#8230;<\/p>\n","protected":false},"featured_media":6747,"template":"","meta":[],"product_brand":[],"product_cat":[28],"product_tag":[],"class_list":{"0":"post-6746","1":"product","2":"type-product","3":"status-publish","4":"has-post-thumbnail","6":"product_cat-album","8":"first","9":"instock","10":"shipping-taxable","11":"purchasable","12":"product-type-simple"},"_links":{"self":[{"href":"https:\/\/mnir.ro\/shop\/index.php\/wp-json\/wp\/v2\/product\/6746","targetHints":{"allow":["GET"]}}],"collection":[{"href":"https:\/\/mnir.ro\/shop\/index.php\/wp-json\/wp\/v2\/product"}],"about":[{"href":"https:\/\/mnir.ro\/shop\/index.php\/wp-json\/wp\/v2\/types\/product"}],"wp:featuredmedia":[{"embeddable":true,"href":"https:\/\/mnir.ro\/shop\/index.php\/wp-json\/wp\/v2\/media\/6747"}],"wp:attachment":[{"href":"https:\/\/mnir.ro\/shop\/index.php\/wp-json\/wp\/v2\/media?parent=6746"}],"wp:term":[{"taxonomy":"product_brand","embeddable":true,"href":"https:\/\/mnir.ro\/shop\/index.php\/wp-json\/wp\/v2\/product_brand?post=6746"},{"taxonomy":"product_cat","embeddable":true,"href":"https:\/\/mnir.ro\/shop\/index.php\/wp-json\/wp\/v2\/product_cat?post=6746"},{"taxonomy":"product_tag","embeddable":true,"href":"https:\/\/mnir.ro\/shop\/index.php\/wp-json\/wp\/v2\/product_tag?post=6746"}],"curies":[{"name":"wp","href":"https:\/\/api.w.org\/{rel}","templated":true}]}}