{"id":6729,"date":"2025-07-21T12:33:22","date_gmt":"2025-07-21T09:33:22","guid":{"rendered":"https:\/\/mnir.ro\/shop\/?post_type=product&#038;p=6729"},"modified":"2025-07-23T16:04:24","modified_gmt":"2025-07-23T13:04:24","slug":"corespondenta-volumul-ii-1979-1990","status":"publish","type":"product","link":"https:\/\/mnir.ro\/shop\/index.php\/produs\/corespondenta-volumul-ii-1979-1990\/","title":{"rendered":"Petre Alexandrescu &#8211; Coresponden\u021b\u0103. Volumul II (1979\u20131990)"},"content":{"rendered":"<p>Edi\u021bie \u00eengrijit\u0103 de Vlad Alexandrescu \u0219i Liviu Mihail Iancu<\/p>\n<p>Al doilea volum al coresponden\u021bei lui Petre Alexandrescu continu\u0103 demersul memorial \u0219i documentar \u00eenceput \u00een primul tom, acoperind perioada 1979\u20131990, anii de maturitate deplin\u0103 ai savantului. Epistolele incluse reflect\u0103 intensificarea activit\u0103\u021bii sale interna\u021bionale, contribu\u021bia esen\u021bial\u0103 la cercet\u0103rile arheologice \u0219i la dezvoltarea \u00eenv\u0103\u021b\u0103m\u00e2ntului umanist din Rom\u00e2nia, dar \u0219i fr\u0103m\u00e2nt\u0103rile personale din ultimii ani ai regimului comunist \u0219i din perioada tranzi\u021biei postdecembriste.<\/p>\n<p>Volumul, atent editat de Vlad Alexandrescu \u0219i Liviu Mihail Iancu, ofer\u0103 o perspectiv\u0103 valoroas\u0103 asupra evolu\u021biei mediului academic rom\u00e2nesc \u0219i a voca\u021biei umaniste tr\u0103ite cu demnitate \u0219i rigoare \u00eentr-o epoc\u0103 de mari transform\u0103ri.<\/p>\n<p>&nbsp;<\/p>\n","protected":false},"excerpt":{"rendered":"<p>Edi\u021bie \u00eengrijit\u0103 de Vlad Alexandrescu \u0219i Liviu Mihail Iancu Al doilea volum al coresponden\u021bei lui Petre Alexandrescu continu\u0103 demersul memorial \u0219i documentar \u00eenceput \u00een primul tom, acoperind perioada 1979\u20131990, anii&#8230;<\/p>\n","protected":false},"featured_media":6730,"template":"","meta":[],"product_brand":[],"product_cat":[39],"product_tag":[],"class_list":{"0":"post-6729","1":"product","2":"type-product","3":"status-publish","4":"has-post-thumbnail","6":"product_cat-carte","8":"first","9":"instock","10":"shipping-taxable","11":"purchasable","12":"product-type-simple"},"_links":{"self":[{"href":"https:\/\/mnir.ro\/shop\/index.php\/wp-json\/wp\/v2\/product\/6729","targetHints":{"allow":["GET"]}}],"collection":[{"href":"https:\/\/mnir.ro\/shop\/index.php\/wp-json\/wp\/v2\/product"}],"about":[{"href":"https:\/\/mnir.ro\/shop\/index.php\/wp-json\/wp\/v2\/types\/product"}],"wp:featuredmedia":[{"embeddable":true,"href":"https:\/\/mnir.ro\/shop\/index.php\/wp-json\/wp\/v2\/media\/6730"}],"wp:attachment":[{"href":"https:\/\/mnir.ro\/shop\/index.php\/wp-json\/wp\/v2\/media?parent=6729"}],"wp:term":[{"taxonomy":"product_brand","embeddable":true,"href":"https:\/\/mnir.ro\/shop\/index.php\/wp-json\/wp\/v2\/product_brand?post=6729"},{"taxonomy":"product_cat","embeddable":true,"href":"https:\/\/mnir.ro\/shop\/index.php\/wp-json\/wp\/v2\/product_cat?post=6729"},{"taxonomy":"product_tag","embeddable":true,"href":"https:\/\/mnir.ro\/shop\/index.php\/wp-json\/wp\/v2\/product_tag?post=6729"}],"curies":[{"name":"wp","href":"https:\/\/api.w.org\/{rel}","templated":true}]}}