{"id":6727,"date":"2025-07-21T12:25:46","date_gmt":"2025-07-21T09:25:46","guid":{"rendered":"https:\/\/mnir.ro\/shop\/?post_type=product&#038;p=6727"},"modified":"2025-07-23T16:05:15","modified_gmt":"2025-07-23T13:05:15","slug":"corespondenta-volumul-i-1955-1978","status":"publish","type":"product","link":"https:\/\/mnir.ro\/shop\/index.php\/produs\/corespondenta-volumul-i-1955-1978\/","title":{"rendered":"Petre Alexandrescu &#8211; Coresponden\u021b\u0103. Volumul I (1955-1978)"},"content":{"rendered":"<p>Edi\u021bie \u00eengrijit\u0103 de Vlad Alexandrescu \u0219i Liviu Mihail Iancu<\/p>\n<p>Acest prim volum din coresponden\u021ba lui Petre Alexandrescu, una dintre figurile marcante ale arheologiei \u0219i culturii rom\u00e2ne\u0219ti, reune\u0219te scrisori din perioada 1955\u20131978, oferind o imagine intim\u0103 \u0219i autentic\u0103 asupra vie\u021bii intelectuale din Rom\u00e2nia comunist\u0103. Coresponden\u021ba reflect\u0103 preocup\u0103rile \u0219tiin\u021bifice ale autorului, rela\u021biile sale cu colegii din \u021bar\u0103 \u0219i din str\u0103in\u0103tate, dar \u0219i dilemele morale ale unui savant \u00eentr-un regim represiv.<\/p>\n<p>Edi\u021bia, \u00eenso\u021bit\u0103 de un bogat aparat critic, este \u00eengrijit\u0103 de Vlad Alexandrescu \u0219i Liviu Mihail Iancu \u0219i constituie o lectur\u0103 esen\u021bial\u0103 pentru pasiona\u021bii de istorie, arheologie \u0219i literatur\u0103 memorialistic\u0103.<\/p>\n","protected":false},"excerpt":{"rendered":"<p>Edi\u021bie \u00eengrijit\u0103 de Vlad Alexandrescu \u0219i Liviu Mihail Iancu Acest prim volum din coresponden\u021ba lui Petre Alexandrescu, una dintre figurile marcante ale arheologiei \u0219i culturii rom\u00e2ne\u0219ti, reune\u0219te scrisori din perioada&#8230;<\/p>\n","protected":false},"featured_media":6728,"template":"","meta":[],"product_brand":[],"product_cat":[39],"product_tag":[],"class_list":{"0":"post-6727","1":"product","2":"type-product","3":"status-publish","4":"has-post-thumbnail","6":"product_cat-carte","8":"first","9":"instock","10":"shipping-taxable","11":"purchasable","12":"product-type-simple"},"_links":{"self":[{"href":"https:\/\/mnir.ro\/shop\/index.php\/wp-json\/wp\/v2\/product\/6727","targetHints":{"allow":["GET"]}}],"collection":[{"href":"https:\/\/mnir.ro\/shop\/index.php\/wp-json\/wp\/v2\/product"}],"about":[{"href":"https:\/\/mnir.ro\/shop\/index.php\/wp-json\/wp\/v2\/types\/product"}],"wp:featuredmedia":[{"embeddable":true,"href":"https:\/\/mnir.ro\/shop\/index.php\/wp-json\/wp\/v2\/media\/6728"}],"wp:attachment":[{"href":"https:\/\/mnir.ro\/shop\/index.php\/wp-json\/wp\/v2\/media?parent=6727"}],"wp:term":[{"taxonomy":"product_brand","embeddable":true,"href":"https:\/\/mnir.ro\/shop\/index.php\/wp-json\/wp\/v2\/product_brand?post=6727"},{"taxonomy":"product_cat","embeddable":true,"href":"https:\/\/mnir.ro\/shop\/index.php\/wp-json\/wp\/v2\/product_cat?post=6727"},{"taxonomy":"product_tag","embeddable":true,"href":"https:\/\/mnir.ro\/shop\/index.php\/wp-json\/wp\/v2\/product_tag?post=6727"}],"curies":[{"name":"wp","href":"https:\/\/api.w.org\/{rel}","templated":true}]}}