{"id":6611,"date":"2025-04-02T10:53:52","date_gmt":"2025-04-02T07:53:52","guid":{"rendered":"https:\/\/mnir.ro\/shop\/?post_type=product&#038;p=6611"},"modified":"2025-04-02T12:05:50","modified_gmt":"2025-04-02T09:05:50","slug":"epurarile-politice-din-romania-intre-1944-1948-administratia-publica-si-institutiile-de-presa-scrisa-si-audio","status":"publish","type":"product","link":"https:\/\/mnir.ro\/shop\/index.php\/produs\/epurarile-politice-din-romania-intre-1944-1948-administratia-publica-si-institutiile-de-presa-scrisa-si-audio\/","title":{"rendered":"Epur\u0103rile politice din Rom\u00e2nia \u00eentre 1944-1948. Administra\u021bia public\u0103 \u0219i institu\u021biile de pres\u0103 scris\u0103 \u0219i audio"},"content":{"rendered":"<p>Anii 1944-1948 au marcat puternic istoria Europei: s-a definitivat \u00eemp\u0103r\u021birea continentului \u00een zone de influen\u021b\u0103 \u00eentre marile puteri (celebrul \u201eacord\u201d de procentaj Churchill \u2013 Stalin din octombrie 1944); s-a \u00eencheiat cel de-al Doilea R\u0103zboi Mondial pe acest continent (9 mai 1945); a avut loc Conferin\u021ba de Pace de la Paris \u0219i \u00eencheierea tratatelor de pace cu statele foste aliate ale Germaniei (1946-1947); s-a trasat \u201cCortina de Fier\u201d \u00eentre Est \u0219i Vest.<\/p>\n<p>Statele aflate \u00een sfera de influen\u021b\u0103 sovietic\u0103, \u00eentre care \u0219i Rom\u00e2nia, au cunoscut o perioad\u0103 de tranzi\u021bie, la cap\u0103tul c\u0103reia au fost instaurate regimuri de tip Stalinist. Autorul, Florin Georgescu, conchide, pe drept cuv\u00e2nt, c\u0103 anul 1948 \u201ea reprezentat momentul finaliz\u0103rii procesului de instaurare a monopolului partidelor comuniste \u00een statele din estul \u0219i sud-estul continentului european\u201d.<\/p>\n<p>Autorul analizeaz\u0103 \u00een volumul de fa\u021b\u0103 un aspect important din evolu\u021bia societ\u0103\u021bii rom\u00e2ne\u0219ti, \u0219i anume, epur\u0103rile politice din administra\u021bia public\u0103 central \u0219i local\u0103, precum \u0219i din institu\u021biile de pres\u0103 scris\u0103 \u0219i din Societatea Rom\u00e2n\u0103 de Radiodifuziune.<\/p>\n<p>Studiind cu mult\u0103 aten\u021bie legisla\u021bia \u00een materie, precum \u0219i documentele de arhiv\u0103, Florin Georgescu a reu\u0219it s\u0103 descifreze mecanismele prin care au fost transpuse \u00een via\u021b\u0103, directivele politice, realiz\u00e2nd analize statistice deosebit de semnificative pentru amploarea \u0219i consecin\u021bele fenomenului analizat.<\/p>\n<p>Lucrarea con\u021bine o multitudine de anexe \u2013 documente, tabele, grafice etc. \u2013 care ofer\u0103 cititorului o bogat\u0103 informa\u021bie \u0219i posibilitatea de a cunoa\u0219te o realitate complex\u0103 \u0219i adesea dureroas\u0103 pentru poporul rom\u00e2n.<\/p>\n","protected":false},"excerpt":{"rendered":"<p>Anii 1944-1948 au marcat puternic istoria Europei: s-a definitivat \u00eemp\u0103r\u021birea continentului \u00een zone de influen\u021b\u0103 \u00eentre marile puteri (celebrul \u201eacord\u201d de procentaj Churchill \u2013 Stalin din octombrie 1944); s-a \u00eencheiat&#8230;<\/p>\n","protected":false},"featured_media":6612,"template":"","meta":[],"product_brand":[],"product_cat":[39],"product_tag":[],"class_list":{"0":"post-6611","1":"product","2":"type-product","3":"status-publish","4":"has-post-thumbnail","6":"product_cat-carte","8":"first","9":"instock","10":"shipping-taxable","11":"purchasable","12":"product-type-simple"},"_links":{"self":[{"href":"https:\/\/mnir.ro\/shop\/index.php\/wp-json\/wp\/v2\/product\/6611","targetHints":{"allow":["GET"]}}],"collection":[{"href":"https:\/\/mnir.ro\/shop\/index.php\/wp-json\/wp\/v2\/product"}],"about":[{"href":"https:\/\/mnir.ro\/shop\/index.php\/wp-json\/wp\/v2\/types\/product"}],"wp:featuredmedia":[{"embeddable":true,"href":"https:\/\/mnir.ro\/shop\/index.php\/wp-json\/wp\/v2\/media\/6612"}],"wp:attachment":[{"href":"https:\/\/mnir.ro\/shop\/index.php\/wp-json\/wp\/v2\/media?parent=6611"}],"wp:term":[{"taxonomy":"product_brand","embeddable":true,"href":"https:\/\/mnir.ro\/shop\/index.php\/wp-json\/wp\/v2\/product_brand?post=6611"},{"taxonomy":"product_cat","embeddable":true,"href":"https:\/\/mnir.ro\/shop\/index.php\/wp-json\/wp\/v2\/product_cat?post=6611"},{"taxonomy":"product_tag","embeddable":true,"href":"https:\/\/mnir.ro\/shop\/index.php\/wp-json\/wp\/v2\/product_tag?post=6611"}],"curies":[{"name":"wp","href":"https:\/\/api.w.org\/{rel}","templated":true}]}}