{"id":6522,"date":"2025-02-13T15:57:18","date_gmt":"2025-02-13T13:57:18","guid":{"rendered":"https:\/\/mnir.ro\/shop\/?post_type=product&#038;p=6522"},"modified":"2025-02-13T15:58:26","modified_gmt":"2025-02-13T13:58:26","slug":"eikon-conservare-restaurare-pictura-pe-lemn","status":"publish","type":"product","link":"https:\/\/mnir.ro\/shop\/index.php\/produs\/eikon-conservare-restaurare-pictura-pe-lemn\/","title":{"rendered":"EIKON &#8211; CONSERVARE &#8211; RESTAURARE, PICTUR\u0102 PE LEMN"},"content":{"rendered":"<p>Lucrarea aduce \u00een fa\u021ba publicului c\u00e2teva piese restaurate din colec\u021bia de icoane a Muzeului Na\u021bional de Isorie a Rom\u00e2niei. Catalogul prezint\u0103 etapele de restaurare prin care au trecut piesele expuse, problematicile \u0219i modul de tratare a deterior\u0103rilor \u00eent\u00e2lnite \u00een timpul procesului de restaurare. Textul este \u00eenso\u021bit de o ampl\u0103 documenta\u021bie fotografic\u0103 realizat\u0103 de-a lungul \u00eentregului proces de restaurare pentru ca cititorul s\u0103 aib\u0103 o imagine de ansamblu a ceea ce reprezint\u0103 restaurarea picturii pe lemn.<\/p>\n","protected":false},"excerpt":{"rendered":"<p>Lucrarea aduce \u00een fa\u021ba publicului c\u00e2teva piese restaurate din colec\u021bia de icoane a Muzeului Na\u021bional de Isorie a Rom\u00e2niei. Catalogul prezint\u0103 etapele de restaurare prin care au trecut piesele expuse,&#8230;<\/p>\n","protected":false},"featured_media":6523,"template":"","meta":[],"product_brand":[],"product_cat":[27],"product_tag":[],"class_list":{"0":"post-6522","1":"product","2":"type-product","3":"status-publish","4":"has-post-thumbnail","6":"product_cat-catalog-expozitie","8":"first","9":"instock","10":"shipping-taxable","11":"purchasable","12":"product-type-simple"},"_links":{"self":[{"href":"https:\/\/mnir.ro\/shop\/index.php\/wp-json\/wp\/v2\/product\/6522","targetHints":{"allow":["GET"]}}],"collection":[{"href":"https:\/\/mnir.ro\/shop\/index.php\/wp-json\/wp\/v2\/product"}],"about":[{"href":"https:\/\/mnir.ro\/shop\/index.php\/wp-json\/wp\/v2\/types\/product"}],"wp:featuredmedia":[{"embeddable":true,"href":"https:\/\/mnir.ro\/shop\/index.php\/wp-json\/wp\/v2\/media\/6523"}],"wp:attachment":[{"href":"https:\/\/mnir.ro\/shop\/index.php\/wp-json\/wp\/v2\/media?parent=6522"}],"wp:term":[{"taxonomy":"product_brand","embeddable":true,"href":"https:\/\/mnir.ro\/shop\/index.php\/wp-json\/wp\/v2\/product_brand?post=6522"},{"taxonomy":"product_cat","embeddable":true,"href":"https:\/\/mnir.ro\/shop\/index.php\/wp-json\/wp\/v2\/product_cat?post=6522"},{"taxonomy":"product_tag","embeddable":true,"href":"https:\/\/mnir.ro\/shop\/index.php\/wp-json\/wp\/v2\/product_tag?post=6522"}],"curies":[{"name":"wp","href":"https:\/\/api.w.org\/{rel}","templated":true}]}}