{"id":6510,"date":"2025-02-04T14:46:27","date_gmt":"2025-02-04T12:46:27","guid":{"rendered":"https:\/\/mnir.ro\/shop\/?post_type=product&#038;p=6510"},"modified":"2025-02-04T14:51:17","modified_gmt":"2025-02-04T12:51:17","slug":"capodopere-din-patrimoniul-muzeului-national-de-istorie-a-romaniei-2024-masterpieces-from-the-collection-of-the-national-history-museum-of-romania-2024","status":"publish","type":"product","link":"https:\/\/mnir.ro\/shop\/index.php\/produs\/capodopere-din-patrimoniul-muzeului-national-de-istorie-a-romaniei-2024-masterpieces-from-the-collection-of-the-national-history-museum-of-romania-2024\/","title":{"rendered":"Capodopere din patrimoniul Muzeului Na\u021bional de Istorie a Rom\u00e2niei 2024\/ Masterpieces from the collection of the National History Museum of Romania 2024"},"content":{"rendered":"<p>\u0218i \u00een acest an continu\u0103m seria, \u00eenceput\u0103 \u00een 2013, a public\u0103rii celor mai importante bunuri culturale de patrimoniu ale muzeului, care au fost prezentate sub forma exponatului lunii \u00een anul 2024.<\/p>\n<p>Din preistorie \u0219i p\u00e2n\u0103 \u00een epoca contemporan\u0103, multe dintre capodoperele muzeului au fost studiate \u0219i expuse, de la figurinele antropomorfe preistorice la tezaurul de podoabe medievale descoperit \u00een p\u0103durea Cernica, apoi candela m\u0103n\u0103stirii V\u0103c\u0103re\u0219ti \u0219i una dintre diplomele imperiale de danie \u0219i \u00eempropriet\u0103rire din anul 1794.<\/p>\n<p>Istoriile moderne \u0219i contemporane sunt prezentate printr-unul dintre certificatele de eliberare din robie aflat \u00een patrimoniul MNIR, prin prezentarea leg\u0103turii dintre \u0218tefan Golescu \u0219i Proclama\u021bia de la Izlaz, dar \u0219i prin istoria mantiei purtate de marele actor Constantin Nottara \u00een piesa \u201eApus de soare\u201d. Seria capodoperelor se \u00eencheie cu Leul de h\u00e2rtie \u0219i cu vestigiile filatelice de la Jocurile Olimpice moderne aflate \u00een Colec\u021bia filatelic\u0103 a MNIR.<\/p>\n","protected":false},"excerpt":{"rendered":"<p>\u0218i \u00een acest an continu\u0103m seria, \u00eenceput\u0103 \u00een 2013, a public\u0103rii celor mai importante bunuri culturale de patrimoniu ale muzeului, care au fost prezentate sub forma exponatului lunii \u00een anul&#8230;<\/p>\n","protected":false},"featured_media":6511,"template":"","meta":[],"product_brand":[],"product_cat":[155],"product_tag":[],"class_list":{"0":"post-6510","1":"product","2":"type-product","3":"status-publish","4":"has-post-thumbnail","6":"product_cat-fara-categorie","8":"first","9":"instock","10":"shipping-taxable","11":"purchasable","12":"product-type-simple"},"_links":{"self":[{"href":"https:\/\/mnir.ro\/shop\/index.php\/wp-json\/wp\/v2\/product\/6510","targetHints":{"allow":["GET"]}}],"collection":[{"href":"https:\/\/mnir.ro\/shop\/index.php\/wp-json\/wp\/v2\/product"}],"about":[{"href":"https:\/\/mnir.ro\/shop\/index.php\/wp-json\/wp\/v2\/types\/product"}],"wp:featuredmedia":[{"embeddable":true,"href":"https:\/\/mnir.ro\/shop\/index.php\/wp-json\/wp\/v2\/media\/6511"}],"wp:attachment":[{"href":"https:\/\/mnir.ro\/shop\/index.php\/wp-json\/wp\/v2\/media?parent=6510"}],"wp:term":[{"taxonomy":"product_brand","embeddable":true,"href":"https:\/\/mnir.ro\/shop\/index.php\/wp-json\/wp\/v2\/product_brand?post=6510"},{"taxonomy":"product_cat","embeddable":true,"href":"https:\/\/mnir.ro\/shop\/index.php\/wp-json\/wp\/v2\/product_cat?post=6510"},{"taxonomy":"product_tag","embeddable":true,"href":"https:\/\/mnir.ro\/shop\/index.php\/wp-json\/wp\/v2\/product_tag?post=6510"}],"curies":[{"name":"wp","href":"https:\/\/api.w.org\/{rel}","templated":true}]}}