{"id":6503,"date":"2025-02-04T11:22:35","date_gmt":"2025-02-04T09:22:35","guid":{"rendered":"https:\/\/mnir.ro\/shop\/?post_type=product&#038;p=6503"},"modified":"2025-02-04T11:22:35","modified_gmt":"2025-02-04T09:22:35","slug":"romania-polonia-un-secol-de-istorie-maresalul-jozef-pilsudski-si-familia-regala-a-romaniei","status":"publish","type":"product","link":"https:\/\/mnir.ro\/shop\/index.php\/produs\/romania-polonia-un-secol-de-istorie-maresalul-jozef-pilsudski-si-familia-regala-a-romaniei\/","title":{"rendered":"Rom\u00e2nia \u2013 Polonia, un secol de istorie. Mare\u0219alul J\u00f3zef Pilsudski \u0219i Familia Regal\u0103 a Rom\u00e2niei"},"content":{"rendered":"<p>Expozi\u021bia \u0219i catalogul de fa\u021b\u0103 aniverseaz\u0103 un secol de istorie \u0219i prezint\u0103 cele mai importante momente ale rela\u021biilor dintre Rom\u00e2nia \u0219i Polonia din 1918 \u0219i p\u00e2n\u0103 la \u00eenceputul celui de-al Doilea R\u0103zboi Mondial, cu accentul pe rela\u021biile Familiei Regale a Rom\u00e2niei cu mare\u0219alul Pi\u0142sudski \u0219i pe importan\u021ba acestei amici\u021bii pentru evolu\u021bia rela\u021biilor bilaterale \u00een \u00eentreaga perioad\u0103 interbelic\u0103.<\/p>\n<p>Publicul din Rom\u00e2nia \u0219i cel din Polonia va putea admira \u0219i afla despre o sut\u0103 de bunuri de patrimoniu, parcurg\u00e2nd prin intermediul acestora istoriile unui secol de rela\u021bii rom\u00e2no-poloneze, \u00eentr-o expozi\u021bie eveniment parte a Sezonului Cultural Rom\u00e2nia-Polonia 2024-2025.<\/p>\n<p>Al\u0103turi de bunurile de patrimoniu din colec\u021bia Muzeului Na\u021bional de Istorie a Rom\u00e2niei, sunt prezentate \u0219i cele din patrimoniul Muzeului Jozef Pilsudski din Sulejowek, Polonia, ale Muzeului Militar Na\u021bional \u201eRegele Ferdinand I\u201d, Arhivelor Diplomatice ale Ministerului Afacerilor Externe, Muzeului Na\u021bional Pele\u0219 \u0219i din colec\u021biile Daniel-Cosmin Obreja \u0219i George Trohani.<\/p>\n<p>&nbsp;<\/p>\n","protected":false},"excerpt":{"rendered":"<p>Expozi\u021bia \u0219i catalogul de fa\u021b\u0103 aniverseaz\u0103 un secol de istorie \u0219i prezint\u0103 cele mai importante momente ale rela\u021biilor dintre Rom\u00e2nia \u0219i Polonia din 1918 \u0219i p\u00e2n\u0103 la \u00eenceputul celui de-al&#8230;<\/p>\n","protected":false},"featured_media":6504,"template":"","meta":[],"product_brand":[],"product_cat":[27],"product_tag":[],"class_list":{"0":"post-6503","1":"product","2":"type-product","3":"status-publish","4":"has-post-thumbnail","6":"product_cat-catalog-expozitie","8":"first","9":"instock","10":"shipping-taxable","11":"purchasable","12":"product-type-simple"},"_links":{"self":[{"href":"https:\/\/mnir.ro\/shop\/index.php\/wp-json\/wp\/v2\/product\/6503","targetHints":{"allow":["GET"]}}],"collection":[{"href":"https:\/\/mnir.ro\/shop\/index.php\/wp-json\/wp\/v2\/product"}],"about":[{"href":"https:\/\/mnir.ro\/shop\/index.php\/wp-json\/wp\/v2\/types\/product"}],"wp:featuredmedia":[{"embeddable":true,"href":"https:\/\/mnir.ro\/shop\/index.php\/wp-json\/wp\/v2\/media\/6504"}],"wp:attachment":[{"href":"https:\/\/mnir.ro\/shop\/index.php\/wp-json\/wp\/v2\/media?parent=6503"}],"wp:term":[{"taxonomy":"product_brand","embeddable":true,"href":"https:\/\/mnir.ro\/shop\/index.php\/wp-json\/wp\/v2\/product_brand?post=6503"},{"taxonomy":"product_cat","embeddable":true,"href":"https:\/\/mnir.ro\/shop\/index.php\/wp-json\/wp\/v2\/product_cat?post=6503"},{"taxonomy":"product_tag","embeddable":true,"href":"https:\/\/mnir.ro\/shop\/index.php\/wp-json\/wp\/v2\/product_tag?post=6503"}],"curies":[{"name":"wp","href":"https:\/\/api.w.org\/{rel}","templated":true}]}}