{"id":6501,"date":"2025-02-04T11:02:58","date_gmt":"2025-02-04T09:02:58","guid":{"rendered":"https:\/\/mnir.ro\/shop\/?post_type=product&#038;p=6501"},"modified":"2025-02-04T11:02:58","modified_gmt":"2025-02-04T09:02:58","slug":"revista-muzeul-national-nr-36-2024","status":"publish","type":"product","link":"https:\/\/mnir.ro\/shop\/index.php\/produs\/revista-muzeul-national-nr-36-2024\/","title":{"rendered":"Revista \u201eMuzeul Na\u021bional\u201d nr. 36\/2024"},"content":{"rendered":"<p>Num\u0103rul 36 al revistei \u201eMuzeul Na\u021bional\u201d cuprinde studii, articole \u0219i recenzii care pun \u00een valoarea patrimoniul muzeal na\u021bional, precum \u0219i documente inedite din colec\u021bii particulare.<\/p>\n<p>Articolele publicate pornesc din Evul Mediu, p\u00e2n\u0103 la istoria recent\u0103: Vasile M\u0103rcule\u021b &#8211; <em>Dou\u0103 confrunt\u0103ri bizantino-bulgare cu desf\u0103\u0219urare similar\u0103 \u0219i rezultate identice<\/em>; <em>Zetounion (996) \u0219i pe r\u00e2ul Axios (1003)<\/em>, dr. Narcis Dorin Ion &#8211; <em>Funeraliile na\u021bionale ale lui Ion I.C. Br\u0103tianu<\/em>, Radu Alexandru Dragoman, Sorin Oan\u021b\u0103-Marghitu, C\u0103t\u0103lin I. Nicolae, Mihai Florea &#8211; <em>Cercet\u0103ri arheologice \u00een spa\u021biul fostei colonii de munc\u0103 for\u021bat\u0103 de la Culme (Canalul Dun\u0103re-Marea Neagr\u0103)<\/em>, oferind cititorilor informa\u021bii inedite \u0219i sinteze.<\/p>\n<p>&nbsp;<\/p>\n","protected":false},"excerpt":{"rendered":"<p>Num\u0103rul 36 al revistei \u201eMuzeul Na\u021bional\u201d cuprinde studii, articole \u0219i recenzii care pun \u00een valoarea patrimoniul muzeal na\u021bional, precum \u0219i documente inedite din colec\u021bii particulare. Articolele publicate pornesc din Evul&#8230;<\/p>\n","protected":false},"featured_media":6502,"template":"","meta":[],"product_brand":[],"product_cat":[125],"product_tag":[],"class_list":{"0":"post-6501","1":"product","2":"type-product","3":"status-publish","4":"has-post-thumbnail","6":"product_cat-anuar","8":"first","9":"instock","10":"shipping-taxable","11":"purchasable","12":"product-type-simple"},"_links":{"self":[{"href":"https:\/\/mnir.ro\/shop\/index.php\/wp-json\/wp\/v2\/product\/6501","targetHints":{"allow":["GET"]}}],"collection":[{"href":"https:\/\/mnir.ro\/shop\/index.php\/wp-json\/wp\/v2\/product"}],"about":[{"href":"https:\/\/mnir.ro\/shop\/index.php\/wp-json\/wp\/v2\/types\/product"}],"wp:featuredmedia":[{"embeddable":true,"href":"https:\/\/mnir.ro\/shop\/index.php\/wp-json\/wp\/v2\/media\/6502"}],"wp:attachment":[{"href":"https:\/\/mnir.ro\/shop\/index.php\/wp-json\/wp\/v2\/media?parent=6501"}],"wp:term":[{"taxonomy":"product_brand","embeddable":true,"href":"https:\/\/mnir.ro\/shop\/index.php\/wp-json\/wp\/v2\/product_brand?post=6501"},{"taxonomy":"product_cat","embeddable":true,"href":"https:\/\/mnir.ro\/shop\/index.php\/wp-json\/wp\/v2\/product_cat?post=6501"},{"taxonomy":"product_tag","embeddable":true,"href":"https:\/\/mnir.ro\/shop\/index.php\/wp-json\/wp\/v2\/product_tag?post=6501"}],"curies":[{"name":"wp","href":"https:\/\/api.w.org\/{rel}","templated":true}]}}