{"id":6466,"date":"2025-01-27T12:23:14","date_gmt":"2025-01-27T10:23:14","guid":{"rendered":"https:\/\/mnir.ro\/shop\/?post_type=product&#038;p=6466"},"modified":"2025-05-23T11:03:45","modified_gmt":"2025-05-23T08:03:45","slug":"ceramica-uzuala-de-la-nufaru-contributie-la-stadiul-ceramicii-bazinului-inferior-al-dunarii-in-secolele-x-xiii-vol-i","status":"publish","type":"product","link":"https:\/\/mnir.ro\/shop\/index.php\/produs\/ceramica-uzuala-de-la-nufaru-contributie-la-stadiul-ceramicii-bazinului-inferior-al-dunarii-in-secolele-x-xiii-vol-i\/","title":{"rendered":"Ceramica uzual\u0103 de la Nuf\u0103ru. Contribu\u021bie la studiul ceramicii bazinului inferior al Dun\u0103rii \u00een secolele X-XIII. Vol. I"},"content":{"rendered":"[vc_row type=&#8221;in_container&#8221; full_screen_row_position=&#8221;middle&#8221; column_margin=&#8221;default&#8221; column_direction=&#8221;default&#8221; column_direction_tablet=&#8221;default&#8221; column_direction_phone=&#8221;default&#8221; scene_position=&#8221;center&#8221; text_color=&#8221;dark&#8221; text_align=&#8221;left&#8221; row_border_radius=&#8221;none&#8221; row_border_radius_applies=&#8221;bg&#8221; overflow=&#8221;visible&#8221; overlay_strength=&#8221;0.3&#8243; gradient_direction=&#8221;left_to_right&#8221; shape_divider_position=&#8221;bottom&#8221; bg_image_animation=&#8221;none&#8221;][vc_column column_padding=&#8221;no-extra-padding&#8221; column_padding_tablet=&#8221;inherit&#8221; column_padding_phone=&#8221;inherit&#8221; column_padding_position=&#8221;all&#8221; column_element_direction_desktop=&#8221;default&#8221; column_element_spacing=&#8221;default&#8221; desktop_text_alignment=&#8221;default&#8221; tablet_text_alignment=&#8221;default&#8221; phone_text_alignment=&#8221;default&#8221; background_color_opacity=&#8221;1&#8243; background_hover_color_opacity=&#8221;1&#8243; column_backdrop_filter=&#8221;none&#8221; column_shadow=&#8221;none&#8221; column_border_radius=&#8221;none&#8221; column_link_target=&#8221;_self&#8221; column_position=&#8221;default&#8221; gradient_direction=&#8221;left_to_right&#8221; overlay_strength=&#8221;0.3&#8243; width=&#8221;1\/1&#8243; tablet_width_inherit=&#8221;default&#8221; animation_type=&#8221;default&#8221; bg_image_animation=&#8221;none&#8221; border_type=&#8221;simple&#8221; column_border_width=&#8221;none&#8221; column_border_style=&#8221;solid&#8221;][vc_column_text]Studiul de fa\u021b\u0103 \u00ee\u0219i dore\u0219te s\u0103 marcheze un pas \u00eenainte \u00een stadiul cercet\u0103rii ceramicii medievale \u0219i s\u0103 ofere un instrument de lucru pentru speciali\u0219tii preocupa\u021bi de arheologia \u021binutului Dobrogei din vremuri bizantine. Astfel, sunt analizate produsele ceramice utilizate frecvent \u00een via\u021ba cotidian\u0103 a comunit\u0103\u021bii medievale din a\u015fezarea bizantin\u0103 Proslavi\u0163a, situat\u0103 pe malul bra\u021bului Sf\u00e2ntul Gheorghe, suprapus\u0103, \u00een prezent, de satul Nuf\u0103ru, jude\u021bul Tulcea. Pe l\u00e2ng\u0103 ceramica local\u0103 \u0219i regional\u0103, studiul pune accent \u0219i pe ceramica de import nesm\u0103l\u021buit\u0103, cunoscut\u0103 \u00een literatur\u0103 sub denumirea de \u201eceramic\u0103 fin\u0103 ro\u0219ie, ars\u0103 oxidant\u201d, care are o importan\u021b\u0103 similar\u0103 cu cea a ceramicii comune, complet\u00e2nd astfel diversitatea formelor ceramice din secolele X-XIII.<\/p>\n<p>Cercet\u0103rile efectuate au condus la stabilirea unei tipologii aplicabile pentru situl nuf\u0103rean, au deslu\u0219it rela\u0163ionarea cu ansamblul ceramicii lumii bizantine din zona Dun\u0103rii de Jos \u0219i dinamica circula\u0163iei anumitor produse ceramice, reprezent\u00e2nd obiectul unei vie\u0163i comerciale active. Mai mult dec\u00e2t at\u00e2t, au ar\u0103tat modul \u00een care aceste forme ceramice se schimb\u0103 ca urmare a unui procedeu tehnologic evolutiv.<\/p>\n<p>Lucrarea r\u0103spunde la, m\u0103car o parte, dintre \u00eentreb\u0103rile: <em>Ce vas este? Cum este realizat? La ce este folosit? De unde provine? C\u00e2t de mult a circulat?<\/em>[\/vc_column_text][\/vc_column][\/vc_row][vc_row type=&#8221;in_container&#8221; full_screen_row_position=&#8221;middle&#8221; column_margin=&#8221;default&#8221; column_direction=&#8221;default&#8221; column_direction_tablet=&#8221;default&#8221; column_direction_phone=&#8221;default&#8221; scene_position=&#8221;center&#8221; text_color=&#8221;dark&#8221; text_align=&#8221;left&#8221; row_border_radius=&#8221;none&#8221; row_border_radius_applies=&#8221;bg&#8221; overflow=&#8221;visible&#8221; overlay_strength=&#8221;0.3&#8243; gradient_direction=&#8221;left_to_right&#8221; shape_divider_position=&#8221;bottom&#8221; bg_image_animation=&#8221;none&#8221;][vc_column column_padding=&#8221;no-extra-padding&#8221; column_padding_tablet=&#8221;inherit&#8221; column_padding_phone=&#8221;inherit&#8221; column_padding_position=&#8221;all&#8221; column_element_direction_desktop=&#8221;default&#8221; column_element_spacing=&#8221;default&#8221; desktop_text_alignment=&#8221;default&#8221; tablet_text_alignment=&#8221;default&#8221; phone_text_alignment=&#8221;default&#8221; background_color_opacity=&#8221;1&#8243; background_hover_color_opacity=&#8221;1&#8243; column_backdrop_filter=&#8221;none&#8221; column_shadow=&#8221;none&#8221; column_border_radius=&#8221;none&#8221; column_link_target=&#8221;_self&#8221; column_position=&#8221;default&#8221; gradient_direction=&#8221;left_to_right&#8221; overlay_strength=&#8221;0.3&#8243; width=&#8221;1\/1&#8243; tablet_width_inherit=&#8221;default&#8221; animation_type=&#8221;default&#8221; bg_image_animation=&#8221;none&#8221; border_type=&#8221;simple&#8221; column_border_width=&#8221;none&#8221; column_border_style=&#8221;solid&#8221;][\/vc_column][\/vc_row][vc_row type=&#8221;in_container&#8221; full_screen_row_position=&#8221;middle&#8221; column_margin=&#8221;default&#8221; column_direction=&#8221;default&#8221; column_direction_tablet=&#8221;default&#8221; column_direction_phone=&#8221;default&#8221; scene_position=&#8221;center&#8221; text_color=&#8221;dark&#8221; text_align=&#8221;left&#8221; row_border_radius=&#8221;none&#8221; row_border_radius_applies=&#8221;bg&#8221; overflow=&#8221;visible&#8221; overlay_strength=&#8221;0.3&#8243; gradient_direction=&#8221;left_to_right&#8221; shape_divider_position=&#8221;bottom&#8221; bg_image_animation=&#8221;none&#8221;][vc_column column_padding=&#8221;no-extra-padding&#8221; column_padding_tablet=&#8221;inherit&#8221; column_padding_phone=&#8221;inherit&#8221; column_padding_position=&#8221;all&#8221; column_element_direction_desktop=&#8221;default&#8221; column_element_spacing=&#8221;default&#8221; desktop_text_alignment=&#8221;default&#8221; tablet_text_alignment=&#8221;default&#8221; phone_text_alignment=&#8221;default&#8221; background_color_opacity=&#8221;1&#8243; background_hover_color_opacity=&#8221;1&#8243; column_backdrop_filter=&#8221;none&#8221; column_shadow=&#8221;none&#8221; column_border_radius=&#8221;none&#8221; column_link_target=&#8221;_self&#8221; column_position=&#8221;default&#8221; gradient_direction=&#8221;left_to_right&#8221; overlay_strength=&#8221;0.3&#8243; width=&#8221;1\/1&#8243; tablet_width_inherit=&#8221;default&#8221; animation_type=&#8221;default&#8221; bg_image_animation=&#8221;none&#8221; border_type=&#8221;simple&#8221; column_border_width=&#8221;none&#8221; column_border_style=&#8221;solid&#8221;][vc_column_text]<div class=\"_df_book df-lite\" id=\"df_6468\"  _slug=\"ceramica-uzuala-de-la-nufaru-contributie-la-studiul-ceramicii-bazinului-inferior-al-dunarii-in-secolele-x-xiii-vol-i\" data-title=\"ceramica-uzuala-de-la-nufaru-contributie-la-studiul-ceramicii-bazinului-inferior-al-dunarii-in-secolele-x-xiii-vol-i\" wpoptions=\"true\" thumb=\"https:\/\/mnir.ro\/shop\/wp-content\/uploads\/2025\/01\/coperta-fata-1.jpg\" thumbtype=\"\" ><\/div><script class=\"df-shortcode-script\" nowprocket type=\"application\/javascript\">window.option_df_6468 = {\"outline\":[],\"autoEnableOutline\":\"false\",\"autoEnableThumbnail\":\"false\",\"overwritePDFOutline\":\"false\",\"direction\":\"1\",\"pageSize\":\"0\",\"source\":[\"https:\\\/\\\/mnir.ro\\\/shop\\\/wp-content\\\/uploads\\\/2025\\\/01\\\/coperta-fata-1.jpg\",\"https:\\\/\\\/mnir.ro\\\/shop\\\/wp-content\\\/uploads\\\/2025\\\/01\\\/ceramica-de-uz-comun-de-la-Nufaru_Page_01.jpg\",\"https:\\\/\\\/mnir.ro\\\/shop\\\/wp-content\\\/uploads\\\/2025\\\/01\\\/ceramica-de-uz-comun-de-la-Nufaru_Page_02.jpg\",\"https:\\\/\\\/mnir.ro\\\/shop\\\/wp-content\\\/uploads\\\/2025\\\/01\\\/ceramica-de-uz-comun-de-la-Nufaru_Page_03.jpg\",\"https:\\\/\\\/mnir.ro\\\/shop\\\/wp-content\\\/uploads\\\/2025\\\/01\\\/ceramica-de-uz-comun-de-la-Nufaru_Page_04.jpg\",\"https:\\\/\\\/mnir.ro\\\/shop\\\/wp-content\\\/uploads\\\/2025\\\/01\\\/ceramica-de-uz-comun-de-la-Nufaru_Page_05.jpg\",\"https:\\\/\\\/mnir.ro\\\/shop\\\/wp-content\\\/uploads\\\/2025\\\/01\\\/ceramica-de-uz-comun-de-la-Nufaru_Page_06.jpg\",\"https:\\\/\\\/mnir.ro\\\/shop\\\/wp-content\\\/uploads\\\/2025\\\/01\\\/ceramica-de-uz-comun-de-la-Nufaru_Page_07.jpg\",\"https:\\\/\\\/mnir.ro\\\/shop\\\/wp-content\\\/uploads\\\/2025\\\/01\\\/ceramica-de-uz-comun-de-la-Nufaru_Page_08.jpg\",\"https:\\\/\\\/mnir.ro\\\/shop\\\/wp-content\\\/uploads\\\/2025\\\/01\\\/ceramica-de-uz-comun-de-la-Nufaru_Page_09.jpg\",\"https:\\\/\\\/mnir.ro\\\/shop\\\/wp-content\\\/uploads\\\/2025\\\/01\\\/ceramica-de-uz-comun-de-la-Nufaru_Page_10.jpg\",\"https:\\\/\\\/mnir.ro\\\/shop\\\/wp-content\\\/uploads\\\/2025\\\/01\\\/ceramica-de-uz-comun-de-la-Nufaru_Page_11.jpg\",\"https:\\\/\\\/mnir.ro\\\/shop\\\/wp-content\\\/uploads\\\/2025\\\/01\\\/ceramica-de-uz-comun-de-la-Nufaru_Page_12.jpg\",\"https:\\\/\\\/mnir.ro\\\/shop\\\/wp-content\\\/uploads\\\/2025\\\/01\\\/ceramica-de-uz-comun-de-la-Nufaru_Page_13.jpg\",\"https:\\\/\\\/mnir.ro\\\/shop\\\/wp-content\\\/uploads\\\/2025\\\/01\\\/ceramica-de-uz-comun-de-la-Nufaru_Page_14.jpg\",\"https:\\\/\\\/mnir.ro\\\/shop\\\/wp-content\\\/uploads\\\/2025\\\/01\\\/coperta-02.jpg\"],\"wpOptions\":\"true\",\"links\":[[],[],[],[],[],[],[],[],[],[],[],[],[],[],[],[],[]]}; if(window.DFLIP && window.DFLIP.parseBooks){window.DFLIP.parseBooks();}<\/script>[\/vc_column_text][\/vc_column][\/vc_row]\n","protected":false},"excerpt":{"rendered":"<p>[vc_row type=&#8221;in_container&#8221; full_screen_row_position=&#8221;middle&#8221; column_margin=&#8221;default&#8221; column_direction=&#8221;default&#8221; column_direction_tablet=&#8221;default&#8221; column_direction_phone=&#8221;default&#8221; scene_position=&#8221;center&#8221; text_color=&#8221;dark&#8221; text_align=&#8221;left&#8221; row_border_radius=&#8221;none&#8221; row_border_radius_applies=&#8221;bg&#8221; overflow=&#8221;visible&#8221; overlay_strength=&#8221;0.3&#8243; gradient_direction=&#8221;left_to_right&#8221; shape_divider_position=&#8221;bottom&#8221; bg_image_animation=&#8221;none&#8221;][vc_column column_padding=&#8221;no-extra-padding&#8221; column_padding_tablet=&#8221;inherit&#8221; column_padding_phone=&#8221;inherit&#8221; column_padding_position=&#8221;all&#8221; column_element_direction_desktop=&#8221;default&#8221; column_element_spacing=&#8221;default&#8221; desktop_text_alignment=&#8221;default&#8221; tablet_text_alignment=&#8221;default&#8221; phone_text_alignment=&#8221;default&#8221; background_color_opacity=&#8221;1&#8243; background_hover_color_opacity=&#8221;1&#8243; column_backdrop_filter=&#8221;none&#8221; column_shadow=&#8221;none&#8221;&#8230;<\/p>\n","protected":false},"featured_media":6467,"template":"","meta":[],"product_brand":[],"product_cat":[39],"product_tag":[],"class_list":{"0":"post-6466","1":"product","2":"type-product","3":"status-publish","4":"has-post-thumbnail","6":"product_cat-carte","8":"first","9":"instock","10":"shipping-taxable","11":"purchasable","12":"product-type-simple"},"_links":{"self":[{"href":"https:\/\/mnir.ro\/shop\/index.php\/wp-json\/wp\/v2\/product\/6466","targetHints":{"allow":["GET"]}}],"collection":[{"href":"https:\/\/mnir.ro\/shop\/index.php\/wp-json\/wp\/v2\/product"}],"about":[{"href":"https:\/\/mnir.ro\/shop\/index.php\/wp-json\/wp\/v2\/types\/product"}],"wp:featuredmedia":[{"embeddable":true,"href":"https:\/\/mnir.ro\/shop\/index.php\/wp-json\/wp\/v2\/media\/6467"}],"wp:attachment":[{"href":"https:\/\/mnir.ro\/shop\/index.php\/wp-json\/wp\/v2\/media?parent=6466"}],"wp:term":[{"taxonomy":"product_brand","embeddable":true,"href":"https:\/\/mnir.ro\/shop\/index.php\/wp-json\/wp\/v2\/product_brand?post=6466"},{"taxonomy":"product_cat","embeddable":true,"href":"https:\/\/mnir.ro\/shop\/index.php\/wp-json\/wp\/v2\/product_cat?post=6466"},{"taxonomy":"product_tag","embeddable":true,"href":"https:\/\/mnir.ro\/shop\/index.php\/wp-json\/wp\/v2\/product_tag?post=6466"}],"curies":[{"name":"wp","href":"https:\/\/api.w.org\/{rel}","templated":true}]}}