{"id":6438,"date":"2025-01-22T15:00:31","date_gmt":"2025-01-22T13:00:31","guid":{"rendered":"https:\/\/mnir.ro\/shop\/?post_type=product&#038;p=6438"},"modified":"2025-01-22T15:05:55","modified_gmt":"2025-01-22T13:05:55","slug":"ocupatii-si-meserii-in-romania-de-altadata-occupations-and-professions-of-bygone-romania","status":"publish","type":"product","link":"https:\/\/mnir.ro\/shop\/index.php\/produs\/ocupatii-si-meserii-in-romania-de-altadata-occupations-and-professions-of-bygone-romania\/","title":{"rendered":"Ocupa\u021bii \u0219i meserii \u00een Rom\u00e2nia de alt\u0103dat\u0103 \/ Occupations and professions of bygone Romania"},"content":{"rendered":"<p>Din vasta colec\u021bie de fotografii \u0219i c\u0103r\u021bi po\u0219tale a Muzeului Na\u021bional de Istorie a Rom\u00e2niei, au fost alese cele mai sugestive \u0219i relevante imagini pentru a ilustra tema acestui album.<\/p>\n<p>Pentru a zugr\u0103vi o societate c\u00e2t mai \u201ecolorat\u0103\u201d \u0219i mai diversificat\u0103, autorii au \u00eencercat s\u0103 selecteze, din nomenclatorul de meserii \u0219i ocupa\u021bii, at\u00e2t care se reg\u0103sesc \u0219i \u00een ziua de ast\u0103zi: profesori, \u00eenv\u0103\u021b\u0103tori, medici, agricultori, arti\u0219ti, diploma\u021bi, ingineri etc., dar \u0219i multe care au disp\u0103rut: sacagii, birjari, pluta\u0219i, g\u0103zari, precupe\u021bi\u2026 Imaginile sunt \u00eenso\u021bite de scurte texte selectate din surse contemporane, mai ales din presa vremii.<\/p>\n","protected":false},"excerpt":{"rendered":"<p>Din vasta colec\u021bie de fotografii \u0219i c\u0103r\u021bi po\u0219tale a Muzeului Na\u021bional de Istorie a Rom\u00e2niei, au fost alese cele mai sugestive \u0219i relevante imagini pentru a ilustra tema acestui album&#8230;.<\/p>\n","protected":false},"featured_media":6440,"template":"","meta":[],"product_brand":[],"product_cat":[28],"product_tag":[],"class_list":{"0":"post-6438","1":"product","2":"type-product","3":"status-publish","4":"has-post-thumbnail","6":"product_cat-album","8":"first","9":"instock","10":"shipping-taxable","11":"purchasable","12":"product-type-simple"},"_links":{"self":[{"href":"https:\/\/mnir.ro\/shop\/index.php\/wp-json\/wp\/v2\/product\/6438","targetHints":{"allow":["GET"]}}],"collection":[{"href":"https:\/\/mnir.ro\/shop\/index.php\/wp-json\/wp\/v2\/product"}],"about":[{"href":"https:\/\/mnir.ro\/shop\/index.php\/wp-json\/wp\/v2\/types\/product"}],"wp:featuredmedia":[{"embeddable":true,"href":"https:\/\/mnir.ro\/shop\/index.php\/wp-json\/wp\/v2\/media\/6440"}],"wp:attachment":[{"href":"https:\/\/mnir.ro\/shop\/index.php\/wp-json\/wp\/v2\/media?parent=6438"}],"wp:term":[{"taxonomy":"product_brand","embeddable":true,"href":"https:\/\/mnir.ro\/shop\/index.php\/wp-json\/wp\/v2\/product_brand?post=6438"},{"taxonomy":"product_cat","embeddable":true,"href":"https:\/\/mnir.ro\/shop\/index.php\/wp-json\/wp\/v2\/product_cat?post=6438"},{"taxonomy":"product_tag","embeddable":true,"href":"https:\/\/mnir.ro\/shop\/index.php\/wp-json\/wp\/v2\/product_tag?post=6438"}],"curies":[{"name":"wp","href":"https:\/\/api.w.org\/{rel}","templated":true}]}}