{"id":6428,"date":"2025-01-22T13:47:11","date_gmt":"2025-01-22T11:47:11","guid":{"rendered":"https:\/\/mnir.ro\/shop\/?post_type=product&#038;p=6428"},"modified":"2025-01-23T10:51:24","modified_gmt":"2025-01-23T08:51:24","slug":"sticla-antica-din-colectia-muzeului-national-de-istorie-a-romaniei-ancient-glass-in-the-national-history-museum-of-romania-cluj-napoca-2024-editie-bilingva-bilingual-edition","status":"publish","type":"product","link":"https:\/\/mnir.ro\/shop\/index.php\/produs\/sticla-antica-din-colectia-muzeului-national-de-istorie-a-romaniei-ancient-glass-in-the-national-history-museum-of-romania-cluj-napoca-2024-editie-bilingva-bilingual-edition\/","title":{"rendered":"Sticla antic\u0103 din colec\u021bia Muzeului Na\u021bional de Istorie a Rom\u00e2niei\/Ancient Glass in the National History Museum of Romania, Cluj-Napoca, 2024 (edi\u021bie bilingv\u0103\/bilingual edition)"},"content":{"rendered":"<p>Lucrarea de fa\u021b\u0103 are ca obiect aducerea \u00een fa\u021ba publicului larg \u0219i de specialitate a unei categorii importante de piese din patrimoniul muzeului, respectiv vase \u0219i alte tipuri de obiecte din sticl\u0103 din Antichitate. Acestea sunt prezentate \u00een func\u021bie de originea lor, respectiv descoperiri arheologice sau colec\u021bii diverse. Pe l\u00e2ng\u0103 prezentarea pieselor \u00een format de catalog s-a \u00eencercat pe c\u00e2t posibil oferirea de date suplimentare privind modul de execu\u021bie sau func\u021bionalitatea recipientelor. Piesele sunt \u00eenso\u021bite at\u00e2t de desene, c\u00e2t \u0219i de fotografii de \u00eenalt\u0103 calitate.<\/p>\n<p>The aim of this book is to present an important category of items from the museum&#8217;s heritage, namely containers and other types of glass objects from Antiquity, to the general public and researchers. The ordering criterion in the catalogue is the origin of the object, i.e. archaeological finds or various collections. In addition to presenting of the pieces, additional information about the technique or utility of the containers has been made. Drawings and high-quality photos of the items completed the catalogue.<\/p>\n<div class=\"_df_book df-lite\" id=\"df_6442\"  _slug=\"sticla-antica-din-colectia-muzeului-national-de-istorie-a-romaniei\" data-title=\"sticla-antica-din-colectia-muzeului-national-de-istorie-a-romaniei\" wpoptions=\"true\" thumb=\"https:\/\/mnir.ro\/shop\/wp-content\/uploads\/2025\/01\/Coperta-1-1.jpg\" thumbtype=\"\" ><\/div><script class=\"df-shortcode-script\" nowprocket type=\"application\/javascript\">window.option_df_6442 = {\"webgl\":\"true\",\"outline\":[],\"autoEnableOutline\":\"false\",\"autoEnableThumbnail\":\"false\",\"overwritePDFOutline\":\"false\",\"direction\":\"1\",\"pageSize\":\"0\",\"source\":[\"https:\\\/\\\/mnir.ro\\\/shop\\\/wp-content\\\/uploads\\\/2025\\\/01\\\/Coperta-1-1.jpg\",\"https:\\\/\\\/mnir.ro\\\/shop\\\/wp-content\\\/uploads\\\/2025\\\/01\\\/sticla_Page_1.jpg\",\"https:\\\/\\\/mnir.ro\\\/shop\\\/wp-content\\\/uploads\\\/2025\\\/01\\\/sticla_Page_2.jpg\",\"https:\\\/\\\/mnir.ro\\\/shop\\\/wp-content\\\/uploads\\\/2025\\\/01\\\/sticla_Page_3.jpg\",\"https:\\\/\\\/mnir.ro\\\/shop\\\/wp-content\\\/uploads\\\/2025\\\/01\\\/sticla_Page_4.jpg\",\"https:\\\/\\\/mnir.ro\\\/shop\\\/wp-content\\\/uploads\\\/2025\\\/01\\\/sticla_Page_5.jpg\",\"https:\\\/\\\/mnir.ro\\\/shop\\\/wp-content\\\/uploads\\\/2025\\\/01\\\/sticla_Page_6.jpg\",\"https:\\\/\\\/mnir.ro\\\/shop\\\/wp-content\\\/uploads\\\/2025\\\/01\\\/Coperta-2.jpg\"],\"wpOptions\":\"true\",\"links\":[[],[],[],[],[],[],[],[],[]]}; if(window.DFLIP && window.DFLIP.parseBooks){window.DFLIP.parseBooks();}<\/script>\n","protected":false},"excerpt":{"rendered":"<p>Lucrarea de fa\u021b\u0103 are ca obiect aducerea \u00een fa\u021ba publicului larg \u0219i de specialitate a unei categorii importante de piese din patrimoniul muzeului, respectiv vase \u0219i alte tipuri de obiecte&#8230;<\/p>\n","protected":false},"featured_media":6429,"template":"","meta":[],"product_brand":[],"product_cat":[39],"product_tag":[],"class_list":{"0":"post-6428","1":"product","2":"type-product","3":"status-publish","4":"has-post-thumbnail","6":"product_cat-carte","8":"first","9":"instock","10":"shipping-taxable","11":"purchasable","12":"product-type-simple"},"_links":{"self":[{"href":"https:\/\/mnir.ro\/shop\/index.php\/wp-json\/wp\/v2\/product\/6428","targetHints":{"allow":["GET"]}}],"collection":[{"href":"https:\/\/mnir.ro\/shop\/index.php\/wp-json\/wp\/v2\/product"}],"about":[{"href":"https:\/\/mnir.ro\/shop\/index.php\/wp-json\/wp\/v2\/types\/product"}],"wp:featuredmedia":[{"embeddable":true,"href":"https:\/\/mnir.ro\/shop\/index.php\/wp-json\/wp\/v2\/media\/6429"}],"wp:attachment":[{"href":"https:\/\/mnir.ro\/shop\/index.php\/wp-json\/wp\/v2\/media?parent=6428"}],"wp:term":[{"taxonomy":"product_brand","embeddable":true,"href":"https:\/\/mnir.ro\/shop\/index.php\/wp-json\/wp\/v2\/product_brand?post=6428"},{"taxonomy":"product_cat","embeddable":true,"href":"https:\/\/mnir.ro\/shop\/index.php\/wp-json\/wp\/v2\/product_cat?post=6428"},{"taxonomy":"product_tag","embeddable":true,"href":"https:\/\/mnir.ro\/shop\/index.php\/wp-json\/wp\/v2\/product_tag?post=6428"}],"curies":[{"name":"wp","href":"https:\/\/api.w.org\/{rel}","templated":true}]}}