{"id":6425,"date":"2025-01-22T11:14:41","date_gmt":"2025-01-22T09:14:41","guid":{"rendered":"https:\/\/mnir.ro\/shop\/?post_type=product&#038;p=6425"},"modified":"2025-01-22T11:16:14","modified_gmt":"2025-01-22T09:16:14","slug":"arhitectura-ecleziastica-la-dunarea-de-jos-in-secolele-x-xiv","status":"publish","type":"product","link":"https:\/\/mnir.ro\/shop\/index.php\/produs\/arhitectura-ecleziastica-la-dunarea-de-jos-in-secolele-x-xiv\/","title":{"rendered":"Arhitectura ecleziastic\u0103 la Dun\u0103rea de Jos \u00een secolele X-XIV"},"content":{"rendered":"<p>Volumul de fa\u021b\u0103 se focuseaz\u0103 pe evolu\u0163ia arhitecturii ecleziastice a Dun\u0103rii de Jos \u00een secolele X-XIV. Abordarea acestei teme presupune coroborarea informa\u0163iilor de ordin istoriografic cu cele arheologice, ceea ce implic\u0103 o abordare coerent\u0103 a surselor scrise \u015fi conturarea unui nou stadiu al cercet\u0103rii arheologice. Scopul pe care am dorit s\u0103-l atingem const\u0103 tocmai \u00een realizarea unei imagini c\u00e2t mai cuprinz\u0103toare asupra vie\u0163ii spirituale, a unui teritoriu destul de zbuciumat din punct de vedere politico-militar \u015fi administrativ, dar care, cu toate acestea, a r\u0103mas unitar \u00een modul de manifestare religioas\u0103. \u00cen mod evident, demersul de fa\u021b\u0103 nu se vrea a fi unul exhaustiv, ci mai degrab\u0103 al stadiului cercet\u0103rii din domeniu. Totodat\u0103, poate fi privit ca un instrument de lucru ce poate fi \u00eembun\u0103t\u0103\u021bit \u0219i completat.<\/p>\n","protected":false},"excerpt":{"rendered":"<p>Volumul de fa\u021b\u0103 se focuseaz\u0103 pe evolu\u0163ia arhitecturii ecleziastice a Dun\u0103rii de Jos \u00een secolele X-XIV. Abordarea acestei teme presupune coroborarea informa\u0163iilor de ordin istoriografic cu cele arheologice, ceea ce&#8230;<\/p>\n","protected":false},"featured_media":6426,"template":"","meta":[],"product_brand":[],"product_cat":[39],"product_tag":[],"class_list":{"0":"post-6425","1":"product","2":"type-product","3":"status-publish","4":"has-post-thumbnail","6":"product_cat-carte","8":"first","9":"instock","10":"shipping-taxable","11":"purchasable","12":"product-type-simple"},"_links":{"self":[{"href":"https:\/\/mnir.ro\/shop\/index.php\/wp-json\/wp\/v2\/product\/6425","targetHints":{"allow":["GET"]}}],"collection":[{"href":"https:\/\/mnir.ro\/shop\/index.php\/wp-json\/wp\/v2\/product"}],"about":[{"href":"https:\/\/mnir.ro\/shop\/index.php\/wp-json\/wp\/v2\/types\/product"}],"wp:featuredmedia":[{"embeddable":true,"href":"https:\/\/mnir.ro\/shop\/index.php\/wp-json\/wp\/v2\/media\/6426"}],"wp:attachment":[{"href":"https:\/\/mnir.ro\/shop\/index.php\/wp-json\/wp\/v2\/media?parent=6425"}],"wp:term":[{"taxonomy":"product_brand","embeddable":true,"href":"https:\/\/mnir.ro\/shop\/index.php\/wp-json\/wp\/v2\/product_brand?post=6425"},{"taxonomy":"product_cat","embeddable":true,"href":"https:\/\/mnir.ro\/shop\/index.php\/wp-json\/wp\/v2\/product_cat?post=6425"},{"taxonomy":"product_tag","embeddable":true,"href":"https:\/\/mnir.ro\/shop\/index.php\/wp-json\/wp\/v2\/product_tag?post=6425"}],"curies":[{"name":"wp","href":"https:\/\/api.w.org\/{rel}","templated":true}]}}