{"id":6376,"date":"2024-09-19T13:54:50","date_gmt":"2024-09-19T10:54:50","guid":{"rendered":"https:\/\/mnir.ro\/shop\/?post_type=product&#038;p=6376"},"modified":"2024-09-19T13:54:50","modified_gmt":"2024-09-19T10:54:50","slug":"expozitia-omagiala","status":"publish","type":"product","link":"https:\/\/mnir.ro\/shop\/index.php\/produs\/expozitia-omagiala\/","title":{"rendered":"Expozi\u021bia OMAGIAL\u0102"},"content":{"rendered":"<p>Albumul cuprinde: un material documentar referitor la fosta Expozi\u021bie Omagial\u0103, deschis\u0103 la Muzeul de Istorie al R.S.R. \u00eentre 1978-1989, o bogat\u0103 selec\u021bie de obiecte care au f\u0103cut parte din expozi\u021bia cu \u201ecadourile lui Ceau\u0219escu\u201d (peste 550 de piese, \u00eenso\u021bite de fi\u0219e), precum \u0219i o anex\u0103 cu documente de arhiv\u0103 (tematici expozi\u021bionale, note, adrese, planuri de amenajare \u0219i fotografii).<\/p>\n","protected":false},"excerpt":{"rendered":"<p>Albumul cuprinde: un material documentar referitor la fosta Expozi\u021bie Omagial\u0103, deschis\u0103 la Muzeul de Istorie al R.S.R. \u00eentre 1978-1989, o bogat\u0103 selec\u021bie de obiecte care au f\u0103cut parte din expozi\u021bia&#8230;<\/p>\n","protected":false},"featured_media":6377,"template":"","meta":[],"product_brand":[],"product_cat":[28],"product_tag":[],"class_list":{"0":"post-6376","1":"product","2":"type-product","3":"status-publish","4":"has-post-thumbnail","6":"product_cat-album","8":"first","9":"instock","10":"shipping-taxable","11":"purchasable","12":"product-type-simple"},"_links":{"self":[{"href":"https:\/\/mnir.ro\/shop\/index.php\/wp-json\/wp\/v2\/product\/6376","targetHints":{"allow":["GET"]}}],"collection":[{"href":"https:\/\/mnir.ro\/shop\/index.php\/wp-json\/wp\/v2\/product"}],"about":[{"href":"https:\/\/mnir.ro\/shop\/index.php\/wp-json\/wp\/v2\/types\/product"}],"wp:featuredmedia":[{"embeddable":true,"href":"https:\/\/mnir.ro\/shop\/index.php\/wp-json\/wp\/v2\/media\/6377"}],"wp:attachment":[{"href":"https:\/\/mnir.ro\/shop\/index.php\/wp-json\/wp\/v2\/media?parent=6376"}],"wp:term":[{"taxonomy":"product_brand","embeddable":true,"href":"https:\/\/mnir.ro\/shop\/index.php\/wp-json\/wp\/v2\/product_brand?post=6376"},{"taxonomy":"product_cat","embeddable":true,"href":"https:\/\/mnir.ro\/shop\/index.php\/wp-json\/wp\/v2\/product_cat?post=6376"},{"taxonomy":"product_tag","embeddable":true,"href":"https:\/\/mnir.ro\/shop\/index.php\/wp-json\/wp\/v2\/product_tag?post=6376"}],"curies":[{"name":"wp","href":"https:\/\/api.w.org\/{rel}","templated":true}]}}