{"id":6248,"date":"2024-01-19T15:24:55","date_gmt":"2024-01-19T13:24:55","guid":{"rendered":"https:\/\/mnir.ro\/shop\/?post_type=product&#038;p=6248"},"modified":"2024-01-19T15:24:55","modified_gmt":"2024-01-19T13:24:55","slug":"corespondenta-catre-ioan-andriesescu-scrisori-din-colectia-muzeului-national-de-istorie-a-romaniei","status":"publish","type":"product","link":"https:\/\/mnir.ro\/shop\/index.php\/produs\/corespondenta-catre-ioan-andriesescu-scrisori-din-colectia-muzeului-national-de-istorie-a-romaniei\/","title":{"rendered":"Coresponden\u021b\u0103 c\u0103tre Ioan Andrie\u0219escu. Scrisori din colec\u021bia Muzeului Na\u021bional de Istorie a Rom\u00e2niei"},"content":{"rendered":"<p>Volumul Coresponden\u021b\u0103 c\u0103tre Ioan Andrie\u0219escu. Scrisori din colec\u021bia Muzeului Na\u021bional de Istorie a Rom\u00e2niei reune\u0219te \u00een paginile sale un num\u0103r de peste 480 de scrisori primite de unul dintre cei mai importan\u021bi arheologi rom\u00e2ni, Ioan Andrie\u0219escu, director al Muzeului Na\u021bional de Antichit\u0103\u021bi \u0219i profesor \u00een cadrul Universit\u0103\u021bii din Bucure\u0219ti. Printre cei 152 de expeditori ale c\u0103ror scrisori se p\u0103streaz\u0103 \u00een aceast\u0103 arhiv\u0103 de coresponden\u021b\u0103 inedit\u0103 se g\u0103sesc scrisori semnate de unele dintre cele mai importante personalit\u0103\u021bi ale arheologiei din perioada interbelic\u0103, precum: Vasile P\u00e2rvan, Constantin Daicoviciu, Suzana Dimitriu, Grigore Florescu, Scarlat Lambrino, Harilaos Metaxa, Virgil Dr\u0103ghiceanu sau Dinu Rosetti.<\/p>\n<p>Arhiva de coresponden\u021b\u0103 a lui Ioan Andrie\u0219escu p\u0103strat\u0103 \u00een patrimoniul Muzeului Na\u021bional de Istorie a Rom\u00e2niei cuprinde scrisori primite de c\u0103tre reputatul arheolog \u00eentre anii 1921 \u0219i 1943. Acestea surprind \u00een paginile lor fr\u0103m\u00e2nt\u0103rile oamenilor care lucrau \u00een muzee \u0219i \u00een \u00eenv\u0103\u021b\u0103m\u00e2nt, fiind deopotriv\u0103 \u0219i o dovad\u0103 a generozit\u0103\u021bii omului Ioan Andrie\u0219escu, c\u0103ruia mul\u021bi dintre tinerii arheologi \u0219i oameni din preajma sa \u00eei cereau sprijinul \u00een diverse probleme personale sau profesionale.<\/p>\n","protected":false},"excerpt":{"rendered":"<p>Volumul Coresponden\u021b\u0103 c\u0103tre Ioan Andrie\u0219escu. Scrisori din colec\u021bia Muzeului Na\u021bional de Istorie a Rom\u00e2niei reune\u0219te \u00een paginile sale un num\u0103r de peste 480 de scrisori primite de unul dintre cei&#8230;<\/p>\n","protected":false},"featured_media":6249,"template":"","meta":[],"product_brand":[],"product_cat":[39],"product_tag":[],"class_list":{"0":"post-6248","1":"product","2":"type-product","3":"status-publish","4":"has-post-thumbnail","6":"product_cat-carte","8":"first","9":"instock","10":"shipping-taxable","11":"purchasable","12":"product-type-simple"},"_links":{"self":[{"href":"https:\/\/mnir.ro\/shop\/index.php\/wp-json\/wp\/v2\/product\/6248","targetHints":{"allow":["GET"]}}],"collection":[{"href":"https:\/\/mnir.ro\/shop\/index.php\/wp-json\/wp\/v2\/product"}],"about":[{"href":"https:\/\/mnir.ro\/shop\/index.php\/wp-json\/wp\/v2\/types\/product"}],"wp:featuredmedia":[{"embeddable":true,"href":"https:\/\/mnir.ro\/shop\/index.php\/wp-json\/wp\/v2\/media\/6249"}],"wp:attachment":[{"href":"https:\/\/mnir.ro\/shop\/index.php\/wp-json\/wp\/v2\/media?parent=6248"}],"wp:term":[{"taxonomy":"product_brand","embeddable":true,"href":"https:\/\/mnir.ro\/shop\/index.php\/wp-json\/wp\/v2\/product_brand?post=6248"},{"taxonomy":"product_cat","embeddable":true,"href":"https:\/\/mnir.ro\/shop\/index.php\/wp-json\/wp\/v2\/product_cat?post=6248"},{"taxonomy":"product_tag","embeddable":true,"href":"https:\/\/mnir.ro\/shop\/index.php\/wp-json\/wp\/v2\/product_tag?post=6248"}],"curies":[{"name":"wp","href":"https:\/\/api.w.org\/{rel}","templated":true}]}}