{"id":6241,"date":"2024-01-16T14:41:07","date_gmt":"2024-01-16T12:41:07","guid":{"rendered":"https:\/\/mnir.ro\/shop\/?post_type=product&#038;p=6241"},"modified":"2024-01-16T14:41:07","modified_gmt":"2024-01-16T12:41:07","slug":"capodopere-din-patrimoniul-muzeului-national-de-istorie-a-romaniei-2023-masterpieces-from-the-collection-of-the-national-history-museum-of-romania-2023","status":"publish","type":"product","link":"https:\/\/mnir.ro\/shop\/index.php\/produs\/capodopere-din-patrimoniul-muzeului-national-de-istorie-a-romaniei-2023-masterpieces-from-the-collection-of-the-national-history-museum-of-romania-2023\/","title":{"rendered":"Capodopere din patrimoniul Muzeului Na\u021bional de Istorie a Rom\u00e2niei 2023\/ Masterpieces from the collection of the National History Museum of Romania 2023"},"content":{"rendered":"<p>\u201eCapodopere din patrimoniul Muzeului Na\u021bional de Istorie a Rom\u00e2niei 2023\u201d &#8211; face parte din seria \u201eCapodopere\u201d, \u00eenceput\u0103 \u00een anul 2012. Prezint\u0103 unele dintre cele mai valoroase \u0219i interesante obiecte din patrimoniul muzeului. \u00cen acest num\u0103r: primul Premiul Nobel oferit unui rom\u00e2n, primul premiul interna\u021bional al literaturii rom\u00e2ne, medaliile lui Cuza Vod\u0103, \u201e\u00cendr\u0103gosti\u021bii de la Gumelni\u021ba\u201d \u0219i altele.<\/p>\n","protected":false},"excerpt":{"rendered":"<p>\u201eCapodopere din patrimoniul Muzeului Na\u021bional de Istorie a Rom\u00e2niei 2023\u201d &#8211; face parte din seria \u201eCapodopere\u201d, \u00eenceput\u0103 \u00een anul 2012. Prezint\u0103 unele dintre cele mai valoroase \u0219i interesante obiecte din&#8230;<\/p>\n","protected":false},"featured_media":6242,"template":"","meta":[],"product_brand":[],"product_cat":[123],"product_tag":[],"class_list":{"0":"post-6241","1":"product","2":"type-product","3":"status-publish","4":"has-post-thumbnail","6":"product_cat-catalog-de-colectie","8":"first","9":"instock","10":"shipping-taxable","11":"purchasable","12":"product-type-simple"},"_links":{"self":[{"href":"https:\/\/mnir.ro\/shop\/index.php\/wp-json\/wp\/v2\/product\/6241","targetHints":{"allow":["GET"]}}],"collection":[{"href":"https:\/\/mnir.ro\/shop\/index.php\/wp-json\/wp\/v2\/product"}],"about":[{"href":"https:\/\/mnir.ro\/shop\/index.php\/wp-json\/wp\/v2\/types\/product"}],"wp:featuredmedia":[{"embeddable":true,"href":"https:\/\/mnir.ro\/shop\/index.php\/wp-json\/wp\/v2\/media\/6242"}],"wp:attachment":[{"href":"https:\/\/mnir.ro\/shop\/index.php\/wp-json\/wp\/v2\/media?parent=6241"}],"wp:term":[{"taxonomy":"product_brand","embeddable":true,"href":"https:\/\/mnir.ro\/shop\/index.php\/wp-json\/wp\/v2\/product_brand?post=6241"},{"taxonomy":"product_cat","embeddable":true,"href":"https:\/\/mnir.ro\/shop\/index.php\/wp-json\/wp\/v2\/product_cat?post=6241"},{"taxonomy":"product_tag","embeddable":true,"href":"https:\/\/mnir.ro\/shop\/index.php\/wp-json\/wp\/v2\/product_tag?post=6241"}],"curies":[{"name":"wp","href":"https:\/\/api.w.org\/{rel}","templated":true}]}}