{"id":6191,"date":"2023-12-14T12:32:14","date_gmt":"2023-12-14T10:32:14","guid":{"rendered":"https:\/\/mnir.ro\/shop\/?post_type=product&#038;p=6191"},"modified":"2023-12-14T12:32:14","modified_gmt":"2023-12-14T10:32:14","slug":"s-a-gasit-o-comoara-descoperiri-monetare-relatate-in-presa-romaneasca-1874-1944","status":"publish","type":"product","link":"https:\/\/mnir.ro\/shop\/index.php\/produs\/s-a-gasit-o-comoara-descoperiri-monetare-relatate-in-presa-romaneasca-1874-1944\/","title":{"rendered":"S-a g\u0103sit o comoar\u0103! Descoperiri monetare relatate \u00een presa rom\u00e2neasc\u0103 [1874-1944]"},"content":{"rendered":"<p>Lucrarea nu se adreseaz\u0103 doar istoricilor (arheologi, numisma\u021bi, muzeografi, autori de monografii locale) \u0219i studen\u021bilor, ci are ca grupuri \u021bin\u021b\u0103 \u0219i profesorii de istorie, colec\u021bionarii, posesorii de autoriza\u021bii de de\u021binere \u0219i utilizare a detectoarelor de metal, volumul fiind util juri\u0219tilor \u0219i poli\u021bi\u0219tilor din domeniul patrimoniului cultural, jurnali\u0219tilor \u0219i cercet\u0103torilor istoriei presei, dar \u0219i pasiona\u021bilor de istorie.<\/p>\n<p>Volumul are la baz\u0103 400 articole din pres\u0103 referitoare la descoperiri monetare din perioada 1874-1944, identificate \u00een paginile a 51 de publica\u021bii rom\u00e2ne\u0219ti, articolele fiind redate \u0219i adnotate. Dintre cele 400 de articole, 272 se refer\u0103 la descoperiri unice, dintre care minimum 89 la descoperiri inedite de tezaure (nesemnalate \u00een literatura numismatic\u0103). Urmeaz\u0103 alte 104 articole despre descoperiri de \u201ecomori\u201d, f\u0103r\u0103 a fi men\u021bionate monede, descoperiri monetare incerte sau din str\u0103in\u0103tate \u0219.a.m.d.<\/p>\n<p>Adnot\u0103rile sunt f\u0103cute plec\u00e2ndu-se de la identificarea localit\u0103\u021bii (uneori a str\u0103zii, cl\u0103dirii) \u0219i a persoanelor men\u021bionate, specificarea faptului dac\u0103 descoperirea a fost semnalat\u0103 \u0219i unde, dac\u0103 textul respectiv a mai fost utilizat \u00eentr-o lucrare, semnalarea unor alte descoperiri monetare din localitate sau zon\u0103, precum \u0219i a principalelor puncte de interes arheologic din localitate, fiind f\u0103cute corela\u021bii cu repertorii arheologice \u0219i numismatice, cataloage, enciclopedii \u0219i dic\u021bionare, monografii, studii \u0219i articole, alte informa\u021bii din pres\u0103, cu informa\u021biile oferite de LMI \u0219i RAN, precum \u0219i cu tezaure aflate \u00een depozitele unor muzee.<\/p>\n<p>Lucrarea este completat\u0103 cu tabele privind analize asupra textelor \u0219i descoperirilor, monumente \u00eenscrise \u00een LMI vs. \u00eenregistr\u0103ri din RAN, arheologi acredita\u021bi vs. autoriza\u021bii de de\u021binere a detectoarelor de metal, evolu\u021bia legisla\u021biei privind descoperirile \u0219i de\u021binerea bunurilor de patrimoniu (sec. XIX-XXI), diferite categorii de indici \u0219i bibliografie.<\/p>\n","protected":false},"excerpt":{"rendered":"<p>Lucrarea nu se adreseaz\u0103 doar istoricilor (arheologi, numisma\u021bi, muzeografi, autori de monografii locale) \u0219i studen\u021bilor, ci are ca grupuri \u021bin\u021b\u0103 \u0219i profesorii de istorie, colec\u021bionarii, posesorii de autoriza\u021bii de de\u021binere&#8230;<\/p>\n","protected":false},"featured_media":6192,"template":"","meta":[],"product_brand":[],"product_cat":[39],"product_tag":[],"class_list":{"0":"post-6191","1":"product","2":"type-product","3":"status-publish","4":"has-post-thumbnail","6":"product_cat-carte","8":"first","9":"instock","10":"shipping-taxable","11":"purchasable","12":"product-type-simple"},"_links":{"self":[{"href":"https:\/\/mnir.ro\/shop\/index.php\/wp-json\/wp\/v2\/product\/6191","targetHints":{"allow":["GET"]}}],"collection":[{"href":"https:\/\/mnir.ro\/shop\/index.php\/wp-json\/wp\/v2\/product"}],"about":[{"href":"https:\/\/mnir.ro\/shop\/index.php\/wp-json\/wp\/v2\/types\/product"}],"wp:featuredmedia":[{"embeddable":true,"href":"https:\/\/mnir.ro\/shop\/index.php\/wp-json\/wp\/v2\/media\/6192"}],"wp:attachment":[{"href":"https:\/\/mnir.ro\/shop\/index.php\/wp-json\/wp\/v2\/media?parent=6191"}],"wp:term":[{"taxonomy":"product_brand","embeddable":true,"href":"https:\/\/mnir.ro\/shop\/index.php\/wp-json\/wp\/v2\/product_brand?post=6191"},{"taxonomy":"product_cat","embeddable":true,"href":"https:\/\/mnir.ro\/shop\/index.php\/wp-json\/wp\/v2\/product_cat?post=6191"},{"taxonomy":"product_tag","embeddable":true,"href":"https:\/\/mnir.ro\/shop\/index.php\/wp-json\/wp\/v2\/product_tag?post=6191"}],"curies":[{"name":"wp","href":"https:\/\/api.w.org\/{rel}","templated":true}]}}