{"id":6135,"date":"2023-10-12T15:14:47","date_gmt":"2023-10-12T12:14:47","guid":{"rendered":"https:\/\/mnir.ro\/shop\/?post_type=product&#038;p=6135"},"modified":"2023-10-26T10:37:39","modified_gmt":"2023-10-26T07:37:39","slug":"6135","status":"publish","type":"product","link":"https:\/\/mnir.ro\/shop\/index.php\/produs\/6135\/","title":{"rendered":"De la Mayer la Preziosi. Spa\u021biul rom\u00e2nesc \u00een viziunea arti\u0219tilor c\u0103l\u0103tori"},"content":{"rendered":"<p>M\u0103rturiile c\u0103l\u0103torilor str\u0103ini sunt esen\u021biale pentru cunoa\u0219terea trecutului spa\u021biului rom\u00e2nesc, iar, pe l\u00e2ng\u0103 relat\u0103rile scrise, foarte importante sunt \u0219i crea\u021biile arti\u0219tilor plastici, \u00een care sunt redate peisaje, imagini din ora\u0219e \u0219i sate, costume, tipuri sociale din \u021aara Rom\u00e2neasc\u0103, Moldova, Transilvania, Dobrogea, Bucovina, Basarabia. De aceea, albumul din seria Imago pe anul 2023 cuprinde lucr\u0103ri ale unor astfel de arti\u0219ti ce se g\u0103sesc \u00een patrimoniul Muzeului Na\u021bional de Istorie a Rom\u00e2niei (Mayer, Erminy, Engelmann, Bouquet, Dossault, Rey, Raffet, Rohbrock, Val\u00e9rio, Laufberger, Lancelot, Knapp, Preziosi, Thumann) \u0219i prin intermediul c\u0103rora cititorii vor fi purta\u021bi printr-o adev\u0103rat\u0103 c\u0103l\u0103torie virtual\u0103 prin \u021b\u0103rile rom\u00e2ne \u00een prima parte a secolului al XIX-lea.<\/p>\n","protected":false},"excerpt":{"rendered":"<p>M\u0103rturiile c\u0103l\u0103torilor str\u0103ini sunt esen\u021biale pentru cunoa\u0219terea trecutului spa\u021biului rom\u00e2nesc, iar, pe l\u00e2ng\u0103 relat\u0103rile scrise, foarte importante sunt \u0219i crea\u021biile arti\u0219tilor plastici, \u00een care sunt redate peisaje, imagini din ora\u0219e&#8230;<\/p>\n","protected":false},"featured_media":6136,"template":"","meta":[],"product_brand":[],"product_cat":[123],"product_tag":[],"class_list":{"0":"post-6135","1":"product","2":"type-product","3":"status-publish","4":"has-post-thumbnail","6":"product_cat-catalog-de-colectie","8":"first","9":"instock","10":"shipping-taxable","11":"purchasable","12":"product-type-simple"},"_links":{"self":[{"href":"https:\/\/mnir.ro\/shop\/index.php\/wp-json\/wp\/v2\/product\/6135","targetHints":{"allow":["GET"]}}],"collection":[{"href":"https:\/\/mnir.ro\/shop\/index.php\/wp-json\/wp\/v2\/product"}],"about":[{"href":"https:\/\/mnir.ro\/shop\/index.php\/wp-json\/wp\/v2\/types\/product"}],"wp:featuredmedia":[{"embeddable":true,"href":"https:\/\/mnir.ro\/shop\/index.php\/wp-json\/wp\/v2\/media\/6136"}],"wp:attachment":[{"href":"https:\/\/mnir.ro\/shop\/index.php\/wp-json\/wp\/v2\/media?parent=6135"}],"wp:term":[{"taxonomy":"product_brand","embeddable":true,"href":"https:\/\/mnir.ro\/shop\/index.php\/wp-json\/wp\/v2\/product_brand?post=6135"},{"taxonomy":"product_cat","embeddable":true,"href":"https:\/\/mnir.ro\/shop\/index.php\/wp-json\/wp\/v2\/product_cat?post=6135"},{"taxonomy":"product_tag","embeddable":true,"href":"https:\/\/mnir.ro\/shop\/index.php\/wp-json\/wp\/v2\/product_tag?post=6135"}],"curies":[{"name":"wp","href":"https:\/\/api.w.org\/{rel}","templated":true}]}}