{"id":6108,"date":"2023-09-01T15:55:55","date_gmt":"2023-09-01T12:55:55","guid":{"rendered":"https:\/\/mnir.ro\/shop\/?post_type=product&#038;p=6108"},"modified":"2023-09-01T15:57:47","modified_gmt":"2023-09-01T12:57:47","slug":"in-jurul-atacului-de-la-smardan-pictori-ai-razboiului-de-independenta-in-colectia-mnir","status":"publish","type":"product","link":"https:\/\/mnir.ro\/shop\/index.php\/produs\/in-jurul-atacului-de-la-smardan-pictori-ai-razboiului-de-independenta-in-colectia-mnir\/","title":{"rendered":"\u00cen jurul Atacului de la Sm\u00e2rdan. Pictori ai R\u0103zboiului de Independen\u021b\u0103 \u00een colec\u021bia MNIR"},"content":{"rendered":"<p>A\u0219a cum o sugereaz\u0103 \u0219i titlul, albumul are \u00een prim plan monumentala lucrare \u201eAtacul de la Sm\u00e2rdan\u201d, realizat\u0103 de Nicolae Grigorescu \u0219i aflat\u0103 \u00een patrimoniul Muzeului Na\u021bional de Istorie a Rom\u00e2niei. Al\u0103turi de aceasta se reg\u0103sesc \u0219i alte m\u0103rturii iconografice din timpul R\u0103zboiului de Independen\u021b\u0103, precum \u0219i reverbera\u021bii ulterioare acestuia, provenind din colec\u021biile muzeului. Cititorii vor descoperi lucr\u0103ri de Sava Hen\u021bia, \u0218tefan Luchian, Oscar Obedeanu, Emilian L\u0103z\u0103rescu sau Carol Pop de Szathmari, care sunt examinate \u00een paginile albumului. Prin aceast\u0103 lucrare am c\u0103utat s\u0103 aducem un omagiu la \u00eemplinirea a 185 de ani de la na\u0219terea pictorului Nicolae Grigorescu, respectiv 145 de ani de la emanciparea Rom\u00e2niei de sub domina\u021bia otoman\u0103.<\/p>\n<p>Autori: Erica Ioj\u0103, Cornel-Constantin Ilie<\/p>\n","protected":false},"excerpt":{"rendered":"<p>A\u0219a cum o sugereaz\u0103 \u0219i titlul, albumul are \u00een prim plan monumentala lucrare \u201eAtacul de la Sm\u00e2rdan\u201d, realizat\u0103 de Nicolae Grigorescu \u0219i aflat\u0103 \u00een patrimoniul Muzeului Na\u021bional de Istorie a&#8230;<\/p>\n","protected":false},"featured_media":6109,"template":"","meta":[],"product_brand":[],"product_cat":[28],"product_tag":[],"class_list":{"0":"post-6108","1":"product","2":"type-product","3":"status-publish","4":"has-post-thumbnail","6":"product_cat-album","8":"first","9":"instock","10":"shipping-taxable","11":"purchasable","12":"product-type-simple"},"_links":{"self":[{"href":"https:\/\/mnir.ro\/shop\/index.php\/wp-json\/wp\/v2\/product\/6108","targetHints":{"allow":["GET"]}}],"collection":[{"href":"https:\/\/mnir.ro\/shop\/index.php\/wp-json\/wp\/v2\/product"}],"about":[{"href":"https:\/\/mnir.ro\/shop\/index.php\/wp-json\/wp\/v2\/types\/product"}],"wp:featuredmedia":[{"embeddable":true,"href":"https:\/\/mnir.ro\/shop\/index.php\/wp-json\/wp\/v2\/media\/6109"}],"wp:attachment":[{"href":"https:\/\/mnir.ro\/shop\/index.php\/wp-json\/wp\/v2\/media?parent=6108"}],"wp:term":[{"taxonomy":"product_brand","embeddable":true,"href":"https:\/\/mnir.ro\/shop\/index.php\/wp-json\/wp\/v2\/product_brand?post=6108"},{"taxonomy":"product_cat","embeddable":true,"href":"https:\/\/mnir.ro\/shop\/index.php\/wp-json\/wp\/v2\/product_cat?post=6108"},{"taxonomy":"product_tag","embeddable":true,"href":"https:\/\/mnir.ro\/shop\/index.php\/wp-json\/wp\/v2\/product_tag?post=6108"}],"curies":[{"name":"wp","href":"https:\/\/api.w.org\/{rel}","templated":true}]}}