{"id":6017,"date":"2023-03-22T13:51:36","date_gmt":"2023-03-22T11:51:36","guid":{"rendered":"https:\/\/mnir.ro\/shop\/?post_type=product&#038;p=6017"},"modified":"2023-03-22T14:11:02","modified_gmt":"2023-03-22T12:11:02","slug":"6017","status":"publish","type":"product","link":"https:\/\/mnir.ro\/shop\/index.php\/produs\/6017\/","title":{"rendered":"Dacia \u2013 Ultima frontier\u0103 a romanit\u0103\u021bii"},"content":{"rendered":"<p>Impozantul catalog al expozi\u021biei <em>Dacia \u2013 Ultima frontier\u0103 a romanit\u0103\u021bii<\/em> reune\u0219te \u00een cele 747 pagini, 17 texte \u0219tiin\u021bifice semnate de c\u0103tre: prof. dr. Mihai B\u0103rbulescu, dr. Ionu\u021b Bocan, dr. Corina Bor\u0219, dr. Robert Gindele, dr. Radu Harhoiu, dr. Alexandru Madgearu, dr. Drago\u0219 M\u0103ndescu, Florin Mo\u021bei, dr. C\u0103t\u0103lina Neagu, dr. Ernest Oberl\u00e4nder-T\u00e2rnoveanu, dr. Liviu Petculescu, prof. dr. Constantin C. Petolescu, dr. Valeriu S\u00eerbu, dr. Mihaela Simion, dr. Maria-Magdalena \u0218tefan, dr. George Trohani, dr. Rada Varga \u0219i dr. Decebal Vleja, precum \u0219i 508 fi\u0219e de obiecte sau ansambluri de obiecte, semnate de 81 speciali\u0219ti din Muzeul Na\u021bional de Istorie a Rom\u00e2niei \u0219i institu\u021biile partenere. Conceptul grafic al volumului apar\u021bine dr. Cornel Ilie, care a realizat \u0219i DTP-ul, \u00eempreun\u0103 cu dr. Cristiana T\u0103taru.<\/p>\n<p>&nbsp;<\/p>\n<p>CUPRINS<\/p>\n<p><em>Dacia. Ultima frontier\u0103 a romanit\u0103\u021bii<\/em>, dr. Ernest Oberl\u00e4nder-T\u00e2rnoveanu<\/p>\n<p><em>Originile civiliza\u021biei tracice \u00een arealul Dun\u0103rii de Jos \u0219i al Carpa\u021bilor. Unitate \u00een diversitate \u00een Hallstatt-ul t\u00e2rziu<\/em>, dr. Drago\u0219 M\u0103ndescu, dr. Corina Bor\u0219<\/p>\n<p><em>Dacia (secolele IV a. Chr. \u2013 I p. Chr.)<\/em>, dr. Valeriu S\u00eerbu, dr. Drago\u0219 M\u0103ndescu<\/p>\n<p><em>Arta aurului \u0219i argintului \u00een spa\u021biul carpato-dun\u0103reano-pontic (secolele VI \u2013 III a. Chr.)<\/em>, dr. George Trohani<\/p>\n<p><em>Monet\u0103ria geto-dacilor (mijlocul secolului III a. Chr. \u2013 secolul I p. Chr.)<\/em>, dr. Ernest Oberl\u00e4nder-T\u00e2rnoveanu<\/p>\n<p><em>Dacia &#8211; ultima frontier\u0103 european\u0103 a Imperiului Roman<\/em>, dr. Liviu Petculescu<\/p>\n<p><em>Dacia \u2013 de la no\u021biune geografic\u0103 la parte a lumii romane<\/em>, prof. dr. Constantin C. Petolescu<\/p>\n<p><em>Opera \u00eemp\u0103ratului Traian la Dun\u0103rea de Jos<\/em>, prof. dr. Constantin C. Petolescu<\/p>\n<p><em>Civiliza\u021bia \u0219i cultura roman\u0103 \u00een Dacia \u0219i Dobrogea<\/em>, prof. dr. Mihai B\u0103rbulescu<\/p>\n<p><em>Caleidoscop: popula\u021bia Daciei romane<\/em>, dr. Rada Varga<\/p>\n<p><em>Economia Daciei romane<\/em>, dr. Mihaela Simion, dr. Ionu\u021b Bocan, dr. C\u0103t\u0103lina-Mihaela Neagu, dr. Decebal Vleja<\/p>\n<p><em>Dacia \u0219i Moesia Inferior \u2013 urbanism \u0219i politic\u0103 edilitar\u0103. Dou\u0103 provincii \u2013 forme diferite de manifestare<\/em>, dr. Mihaela Simion<\/p>\n<p><em>Dacii liberi din teritoriile de nord-vest ale Rom\u00e2niei \u0219i primii germanici la frontierele provinciei Dacia<\/em>, dr. Robert Gindele<\/p>\n<p><em>Medie\u0219ul Aurit \u2013 un centru me\u0219te\u0219ug\u0103resc al dacilor liberi din secolele II \u2013 III p. Chr.<\/em>, dr. Robert Gindele<\/p>\n<p><em>Dacii liberi din teritoriile de est ale Rom\u00e2niei (secolele II-IV)<\/em>, Florin Mo\u021bei<\/p>\n<p><em>Dacia post-imperial\u0103 \u0219i provinciile romano-bizantine de la Dun\u0103rea de Jos (secolele IV-VII)<\/em>, dr. Alexandru Madgearu<\/p>\n<p><em>Dacia \u00een vremea domina\u021biei primilor migratori (secolele IV \u2013 VII)<\/em>, dr. Radu Harhoiu<\/p>\n<p><em>O mo\u0219tenire dacic\u0103? Imaginar, proiect de \u021bar\u0103 \u0219i \u00eenceputurile arheologiei epocii t\u00e2rzii a fierului \u00een Rom\u00e2nia<\/em>, dr. Maria-Magdalena \u0218tefan<\/p>\n<p>CATALOG<\/p>\n<p>Prima epoc\u0103 a fierului<\/p>\n<p>Geto-dacii \u0219i vecinii lor<\/p>\n<p>Pax Romana<\/p>\n<p>La por\u021bile Imperiului<\/p>\n<p>Continuitatea vie\u021bii romane \u00een Dacia<\/p>\n<p>Imperiul \u0219i ,,barbarii\u201d<\/p>\n<p>BIBLIOGRAFIE GENERAL\u0102<\/p>\n<p>&nbsp;<\/p>\n<p>Cei circa 1400 ani de istorie ilustra\u021bi \u00een expozi\u021bia <em>Dacia \u2013 Ultima frontier\u0103 a romanit\u0103\u021bii<\/em> prezint\u0103 publicului tocmai primele etape c\u00e2nd s-au pus bazele form\u0103rii poporului \u0219i limbii rom\u00e2ne. Titlul provocator al expozi\u021biei reflect\u0103, de fapt, un extraordinar paradox istoric. Cum s-a \u00eent\u00e2mplat c\u0103 tocmai Dacia &#8211; ultima cucerire teritorial\u0103 a Imperiului Roman \u00een Europa, provincia care a avut \u0219i cea mai scurt\u0103 existen\u021b\u0103 institu\u021bional\u0103 &#8211; s\u0103 fi l\u0103sat \u00een urma sa, la judecata istoriei, cea mai durabil\u0103 dovad\u0103 a unei mo\u0219teniri romane, vie p\u00e2n\u0103 azi, adic\u0103 un popor ai c\u0103rui membri se defineau pe ei \u00een\u0219i\u0219i \u0219i erau defini\u021bi \u0219i de c\u0103tre str\u0103ini ca fiind \u201eRomani\/rom\u00e2ni, \u00een pronun\u021bia actual\u0103\u201d, iar limba pe care o vorbesc, drept \u201elingua romanesca\/limba roman\u0103\u201d? Cu excep\u021bia unor mici grupuri de popula\u021bii latinofone din Balcani (arom\u00e2nii, megleno-rom\u00e2nii \u0219i istro-rom\u00e2nii), precum \u0219i a rumantsches (reto-romanii) din Elve\u021bia, nici un alt popor neo-latin nu mai p\u0103streaz\u0103 ca nume etnic pe cel al romanilor.<\/p>\n","protected":false},"excerpt":{"rendered":"<p>Impozantul catalog al expozi\u021biei Dacia \u2013 Ultima frontier\u0103 a romanit\u0103\u021bii reune\u0219te \u00een cele 747 pagini, 17 texte \u0219tiin\u021bifice semnate de c\u0103tre: prof. dr. Mihai B\u0103rbulescu, dr. Ionu\u021b Bocan, dr. Corina&#8230;<\/p>\n","protected":false},"featured_media":6020,"template":"","meta":[],"product_brand":[],"product_cat":[27],"product_tag":[],"class_list":{"0":"post-6017","1":"product","2":"type-product","3":"status-publish","4":"has-post-thumbnail","6":"product_cat-catalog-expozitie","8":"first","9":"instock","10":"shipping-taxable","11":"purchasable","12":"product-type-simple"},"_links":{"self":[{"href":"https:\/\/mnir.ro\/shop\/index.php\/wp-json\/wp\/v2\/product\/6017","targetHints":{"allow":["GET"]}}],"collection":[{"href":"https:\/\/mnir.ro\/shop\/index.php\/wp-json\/wp\/v2\/product"}],"about":[{"href":"https:\/\/mnir.ro\/shop\/index.php\/wp-json\/wp\/v2\/types\/product"}],"wp:featuredmedia":[{"embeddable":true,"href":"https:\/\/mnir.ro\/shop\/index.php\/wp-json\/wp\/v2\/media\/6020"}],"wp:attachment":[{"href":"https:\/\/mnir.ro\/shop\/index.php\/wp-json\/wp\/v2\/media?parent=6017"}],"wp:term":[{"taxonomy":"product_brand","embeddable":true,"href":"https:\/\/mnir.ro\/shop\/index.php\/wp-json\/wp\/v2\/product_brand?post=6017"},{"taxonomy":"product_cat","embeddable":true,"href":"https:\/\/mnir.ro\/shop\/index.php\/wp-json\/wp\/v2\/product_cat?post=6017"},{"taxonomy":"product_tag","embeddable":true,"href":"https:\/\/mnir.ro\/shop\/index.php\/wp-json\/wp\/v2\/product_tag?post=6017"}],"curies":[{"name":"wp","href":"https:\/\/api.w.org\/{rel}","templated":true}]}}