{"id":5949,"date":"2023-01-18T14:14:45","date_gmt":"2023-01-18T12:14:45","guid":{"rendered":"https:\/\/mnir.ro\/shop\/?post_type=product&#038;p=5949"},"modified":"2024-02-27T10:45:07","modified_gmt":"2024-02-27T08:45:07","slug":"album-de-familie-regii-si-reginele-principii-si-principesele-romaniei","status":"publish","type":"product","link":"https:\/\/mnir.ro\/shop\/index.php\/produs\/album-de-familie-regii-si-reginele-principii-si-principesele-romaniei\/","title":{"rendered":"Album de familie. Regii \u0219i reginele, principii \u0219i principesele Rom\u00e2niei"},"content":{"rendered":"<p>Volumul este conceput dup\u0103 modelul unui album foto de familie \u0219i se bazeaz\u0103 pe unul dintre cele mai bogate fonduri de imagini din fototeca Muzeului Na\u021bional de Istorie a Rom\u00e2niei, cel dedicat Familiei Regale.<\/p>\n<p>Numeroasele c\u0103r\u021bi po\u0219tale \u0219i fotografii, multe dintre ele mai pu\u021bin cunoscute publicului sau chiar inedite, ilustreaz\u0103 trei genera\u021bii ale dinastiei regale rom\u00e2ne. Cititorul \u00eei va reg\u0103si aici pe regele Carol I, pe regina Elisabeta, dar \u0219i pe mica principes\u0103 Maria; pe regele Ferdinand \u0219i pe regina Maria, precum \u0219i pe principii Carol (viitorul rege Carol al II-lea), Nicolae, Mircea, Mihai (cel ce va fi ultimul rege al Rom\u00e2niei) \u0219i principesele Elisabeta (regin\u0103 a Greciei), Maria-Mignon (regin\u0103 a Iugoslaviei) \u0219i Ileana.<\/p>\n<p>Autori: Alexandra M\u0103r\u0103\u0219oiu, Cornel-Constantin Ilie<\/p>\n","protected":false},"excerpt":{"rendered":"<p>Volumul este conceput dup\u0103 modelul unui album foto de familie \u0219i se bazeaz\u0103 pe unul dintre cele mai bogate fonduri de imagini din fototeca Muzeului Na\u021bional de Istorie a Rom\u00e2niei,&#8230;<\/p>\n","protected":false},"featured_media":5950,"template":"","meta":[],"product_brand":[],"product_cat":[28],"product_tag":[],"class_list":{"0":"post-5949","1":"product","2":"type-product","3":"status-publish","4":"has-post-thumbnail","6":"product_cat-album","8":"first","9":"instock","10":"shipping-taxable","11":"purchasable","12":"product-type-simple"},"_links":{"self":[{"href":"https:\/\/mnir.ro\/shop\/index.php\/wp-json\/wp\/v2\/product\/5949","targetHints":{"allow":["GET"]}}],"collection":[{"href":"https:\/\/mnir.ro\/shop\/index.php\/wp-json\/wp\/v2\/product"}],"about":[{"href":"https:\/\/mnir.ro\/shop\/index.php\/wp-json\/wp\/v2\/types\/product"}],"wp:featuredmedia":[{"embeddable":true,"href":"https:\/\/mnir.ro\/shop\/index.php\/wp-json\/wp\/v2\/media\/5950"}],"wp:attachment":[{"href":"https:\/\/mnir.ro\/shop\/index.php\/wp-json\/wp\/v2\/media?parent=5949"}],"wp:term":[{"taxonomy":"product_brand","embeddable":true,"href":"https:\/\/mnir.ro\/shop\/index.php\/wp-json\/wp\/v2\/product_brand?post=5949"},{"taxonomy":"product_cat","embeddable":true,"href":"https:\/\/mnir.ro\/shop\/index.php\/wp-json\/wp\/v2\/product_cat?post=5949"},{"taxonomy":"product_tag","embeddable":true,"href":"https:\/\/mnir.ro\/shop\/index.php\/wp-json\/wp\/v2\/product_tag?post=5949"}],"curies":[{"name":"wp","href":"https:\/\/api.w.org\/{rel}","templated":true}]}}