{"id":5942,"date":"2023-01-12T14:57:53","date_gmt":"2023-01-12T12:57:53","guid":{"rendered":"https:\/\/mnir.ro\/shop\/?post_type=product&#038;p=5942"},"modified":"2023-01-12T14:57:54","modified_gmt":"2023-01-12T12:57:54","slug":"cercetari-numismatice-vol-xxviii-2022","status":"publish","type":"product","link":"https:\/\/mnir.ro\/shop\/index.php\/produs\/cercetari-numismatice-vol-xxviii-2022\/","title":{"rendered":"Cercet\u0103ri Numismatice vol. XXVIII\/ 2022"},"content":{"rendered":"<p>Jurnal \u0219tiin\u021bific cu apari\u021bie anual\u0103, dedicat studiilor de numismatic\u0103 \u0219i \u0219tiin\u021belor auxiliare.<\/p>\n<p>Acest volum al publica\u021biei editate de Cabinetul Numismatic al Muzeului Na\u021bional de Istorie a Rom\u00e2niei cuprinde \u00een cele 186 de pagini un num\u0103r de 11 contribu\u021bii \u0219tiin\u021bifice, redactate at\u00e2t de speciali\u0219ti din cadrul muzeului, c\u00e2t \u0219i de speciali\u0219ti din alte institu\u021bii rom\u00e2ne\u0219ti \u0219i str\u0103ine. Cercet\u0103rile \u00eentreprinse de ace\u0219tia aduc \u00een aten\u021bia publicului materiale din domeniile numismaticii antice, medievale \u0219i moderne, precum \u0219i medalii, ordine \u0219i decora\u021bii, piese de sigilografie romano-bizantin\u0103 \u0219i metrologie antic\u0103.<\/p>\n","protected":false},"excerpt":{"rendered":"<p>Jurnal \u0219tiin\u021bific cu apari\u021bie anual\u0103, dedicat studiilor de numismatic\u0103 \u0219i \u0219tiin\u021belor auxiliare. Acest volum al publica\u021biei editate de Cabinetul Numismatic al Muzeului Na\u021bional de Istorie a Rom\u00e2niei cuprinde \u00een cele&#8230;<\/p>\n","protected":false},"featured_media":5943,"template":"","meta":[],"product_brand":[],"product_cat":[125],"product_tag":[],"class_list":{"0":"post-5942","1":"product","2":"type-product","3":"status-publish","4":"has-post-thumbnail","6":"product_cat-anuar","8":"first","9":"instock","10":"shipping-taxable","11":"purchasable","12":"product-type-simple"},"_links":{"self":[{"href":"https:\/\/mnir.ro\/shop\/index.php\/wp-json\/wp\/v2\/product\/5942","targetHints":{"allow":["GET"]}}],"collection":[{"href":"https:\/\/mnir.ro\/shop\/index.php\/wp-json\/wp\/v2\/product"}],"about":[{"href":"https:\/\/mnir.ro\/shop\/index.php\/wp-json\/wp\/v2\/types\/product"}],"wp:featuredmedia":[{"embeddable":true,"href":"https:\/\/mnir.ro\/shop\/index.php\/wp-json\/wp\/v2\/media\/5943"}],"wp:attachment":[{"href":"https:\/\/mnir.ro\/shop\/index.php\/wp-json\/wp\/v2\/media?parent=5942"}],"wp:term":[{"taxonomy":"product_brand","embeddable":true,"href":"https:\/\/mnir.ro\/shop\/index.php\/wp-json\/wp\/v2\/product_brand?post=5942"},{"taxonomy":"product_cat","embeddable":true,"href":"https:\/\/mnir.ro\/shop\/index.php\/wp-json\/wp\/v2\/product_cat?post=5942"},{"taxonomy":"product_tag","embeddable":true,"href":"https:\/\/mnir.ro\/shop\/index.php\/wp-json\/wp\/v2\/product_tag?post=5942"}],"curies":[{"name":"wp","href":"https:\/\/api.w.org\/{rel}","templated":true}]}}