{"id":5929,"date":"2023-01-10T13:48:47","date_gmt":"2023-01-10T11:48:47","guid":{"rendered":"https:\/\/mnir.ro\/shop\/?post_type=product&#038;p=5929"},"modified":"2026-01-19T12:43:22","modified_gmt":"2026-01-19T10:43:22","slug":"capodopere-din-patrimoniul-muzeului-national-de-istorie-a-romaniei-vol-11-2022","status":"publish","type":"product","link":"https:\/\/mnir.ro\/shop\/index.php\/produs\/capodopere-din-patrimoniul-muzeului-national-de-istorie-a-romaniei-vol-11-2022\/","title":{"rendered":"Capodopere din patrimoniul Muzeului Na\u021bional de Istorie a Rom\u00e2niei 2022\/ Masterpieces from the Patrimony of the National History Museum of Romania 2022"},"content":{"rendered":"<p>Publica\u021bia reune\u015fte artefactele prezentate publicului \u00een cadrul expozi\u0163iilor temporare din proiectul \u201eExponatul lunii\u201d, organizate \u00een cursul anului 2022, precum \u0219i piese de o valoare excep\u0163ional\u0103 din colec\u0163ia muzeului care nu sunt expuse \u00een expozi\u021biile permanente \u0219i temporare.<\/p>\n<p>Edi\u021bie \u00een limba rom\u00e2n\u0103 cu rezumate \u00een limba englez\u0103.<\/p>\n","protected":false},"excerpt":{"rendered":"<p>Publica\u021bia reune\u015fte artefactele prezentate publicului \u00een cadrul expozi\u0163iilor temporare din proiectul \u201eExponatul lunii\u201d, organizate \u00een cursul anului 2022, precum \u0219i piese de o valoare excep\u0163ional\u0103 din colec\u0163ia muzeului care nu&#8230;<\/p>\n","protected":false},"featured_media":5930,"template":"","meta":[],"product_brand":[],"product_cat":[123],"product_tag":[],"class_list":{"0":"post-5929","1":"product","2":"type-product","3":"status-publish","4":"has-post-thumbnail","6":"product_cat-catalog-de-colectie","8":"first","9":"instock","10":"virtual","11":"purchasable","12":"product-type-simple"},"_links":{"self":[{"href":"https:\/\/mnir.ro\/shop\/index.php\/wp-json\/wp\/v2\/product\/5929","targetHints":{"allow":["GET"]}}],"collection":[{"href":"https:\/\/mnir.ro\/shop\/index.php\/wp-json\/wp\/v2\/product"}],"about":[{"href":"https:\/\/mnir.ro\/shop\/index.php\/wp-json\/wp\/v2\/types\/product"}],"wp:featuredmedia":[{"embeddable":true,"href":"https:\/\/mnir.ro\/shop\/index.php\/wp-json\/wp\/v2\/media\/5930"}],"wp:attachment":[{"href":"https:\/\/mnir.ro\/shop\/index.php\/wp-json\/wp\/v2\/media?parent=5929"}],"wp:term":[{"taxonomy":"product_brand","embeddable":true,"href":"https:\/\/mnir.ro\/shop\/index.php\/wp-json\/wp\/v2\/product_brand?post=5929"},{"taxonomy":"product_cat","embeddable":true,"href":"https:\/\/mnir.ro\/shop\/index.php\/wp-json\/wp\/v2\/product_cat?post=5929"},{"taxonomy":"product_tag","embeddable":true,"href":"https:\/\/mnir.ro\/shop\/index.php\/wp-json\/wp\/v2\/product_tag?post=5929"}],"curies":[{"name":"wp","href":"https:\/\/api.w.org\/{rel}","templated":true}]}}