{"id":5926,"date":"2023-01-10T13:40:10","date_gmt":"2023-01-10T11:40:10","guid":{"rendered":"https:\/\/mnir.ro\/shop\/?post_type=product&#038;p=5926"},"modified":"2023-01-10T17:18:15","modified_gmt":"2023-01-10T15:18:15","slug":"mnir-34","status":"publish","type":"product","link":"https:\/\/mnir.ro\/shop\/index.php\/produs\/mnir-34\/","title":{"rendered":"Revista &#8222;Muzeul Na\u021bional&#8221; nr. 34\/2022"},"content":{"rendered":"<p>Muzeul Na\u0163ional &#8211; revista Muzeului Na\u0163ional de Istorie a Rom\u00e2niei &#8211; a ap\u0103rut \u00een anul 1974, la doi ani dup\u0103 deschiderea muzeului, adun\u00e2nd cele mai importante studii ale muzeografilor \u015fi cercet\u0103torilor din epoc\u0103.<br \/>\nTradi\u0163ia a continuat \u015fi, cu unele sincope \u00een perioada anilor 80 \u015fi la \u00eenceputul anilor 90, revista apare anual din 1997. Istorici, cercet\u0103tori, muzeografi, profesori au publicat an de an studii, documente, fotografii \u015fi piese inedite, descoperite \u00een depozitele Muzeului Na\u0163ional de Istorie a Rom\u00e2niei, achizi\u0163ionate sau primite prin dona\u0163ii.<\/p>\n<p>\u00cen limba rom\u00e2n\u0103 cu rezumate \u00een limba englez\u0103.<\/p>\n<p>Acest num\u0103r este dedicat memoriei istoricului Cristian Andrei Sc\u0103iceanu.<\/p>\n<p>Edi\u021bie \u00een limba rom\u00e2n\u0103 cu rezumate \u00een limba englez\u0103.<\/p>\n<p>&nbsp;<\/p>\n<p>&nbsp;<\/p>\n","protected":false},"excerpt":{"rendered":"<p>Muzeul Na\u0163ional &#8211; revista Muzeului Na\u0163ional de Istorie a Rom\u00e2niei &#8211; a ap\u0103rut \u00een anul 1974, la doi ani dup\u0103 deschiderea muzeului, adun\u00e2nd cele mai importante studii ale muzeografilor \u015fi&#8230;<\/p>\n","protected":false},"featured_media":5927,"template":"","meta":[],"product_brand":[],"product_cat":[125],"product_tag":[],"class_list":{"0":"post-5926","1":"product","2":"type-product","3":"status-publish","4":"has-post-thumbnail","6":"product_cat-anuar","8":"first","9":"instock","10":"shipping-taxable","11":"purchasable","12":"product-type-simple"},"_links":{"self":[{"href":"https:\/\/mnir.ro\/shop\/index.php\/wp-json\/wp\/v2\/product\/5926","targetHints":{"allow":["GET"]}}],"collection":[{"href":"https:\/\/mnir.ro\/shop\/index.php\/wp-json\/wp\/v2\/product"}],"about":[{"href":"https:\/\/mnir.ro\/shop\/index.php\/wp-json\/wp\/v2\/types\/product"}],"wp:featuredmedia":[{"embeddable":true,"href":"https:\/\/mnir.ro\/shop\/index.php\/wp-json\/wp\/v2\/media\/5927"}],"wp:attachment":[{"href":"https:\/\/mnir.ro\/shop\/index.php\/wp-json\/wp\/v2\/media?parent=5926"}],"wp:term":[{"taxonomy":"product_brand","embeddable":true,"href":"https:\/\/mnir.ro\/shop\/index.php\/wp-json\/wp\/v2\/product_brand?post=5926"},{"taxonomy":"product_cat","embeddable":true,"href":"https:\/\/mnir.ro\/shop\/index.php\/wp-json\/wp\/v2\/product_cat?post=5926"},{"taxonomy":"product_tag","embeddable":true,"href":"https:\/\/mnir.ro\/shop\/index.php\/wp-json\/wp\/v2\/product_tag?post=5926"}],"curies":[{"name":"wp","href":"https:\/\/api.w.org\/{rel}","templated":true}]}}