{"id":5852,"date":"2022-09-26T10:41:16","date_gmt":"2022-09-26T07:41:16","guid":{"rendered":"https:\/\/mnir.ro\/shop\/?post_type=product&#038;p=5852"},"modified":"2023-01-10T14:49:29","modified_gmt":"2023-01-10T12:49:29","slug":"romania-lui-nicolae-ionescu","status":"publish","type":"product","link":"https:\/\/mnir.ro\/shop\/index.php\/produs\/romania-lui-nicolae-ionescu\/","title":{"rendered":"Rom\u00e2nia lui Nicolae Ionescu"},"content":{"rendered":"<p>Albumul valorific\u0103 o parte din fotografiile realizate de Nicolae Ionescu, aflate \u00een patrimoniul Muzeului Na\u021bional de Istorie a Rom\u00e2niei. Selec\u021bia include perioada cuprins\u0103 \u00eentre \u00eenceputul anilor &#8217;20 \u0219i sf\u00e2r\u0219itul anilor &#8217;60 ai secolului al XX-lea. Prin intermediul imaginilor ce surprind oameni \u0219i locuri (nordul Moldovei, Balcic, Ada-Kaleh, Dobrogea, Transilvania), albumul \u00eei face pe cititori s\u0103-l descopere pe Nicolae Ionescu dincolo de eticheta de \u201efotograf al Bucure\u0219tilor\u201d (capitala av\u00e2nd, desigur, un loc important \u00een cuprinsul volumului).<\/p>\n<p>Autori: Alexandra M\u0103r\u0103\u0219oiu, Cornel-Constantin Ilie<\/p>\n<div class=\"v1gmail_default\">Edi\u021bie bilingv\u0103 &#8211; rom\u00e2n\u0103 \/ englez\u0103<\/div>\n<p>&nbsp;<\/p>\n","protected":false},"excerpt":{"rendered":"<p>Albumul valorific\u0103 o parte din fotografiile realizate de Nicolae Ionescu, aflate \u00een patrimoniul Muzeului Na\u021bional de Istorie a Rom\u00e2niei. Selec\u021bia include perioada cuprins\u0103 \u00eentre \u00eenceputul anilor &#8217;20 \u0219i sf\u00e2r\u0219itul anilor&#8230;<\/p>\n","protected":false},"featured_media":5853,"template":"","meta":[],"product_brand":[],"product_cat":[28],"product_tag":[],"class_list":{"0":"post-5852","1":"product","2":"type-product","3":"status-publish","4":"has-post-thumbnail","6":"product_cat-album","8":"first","9":"instock","10":"shipping-taxable","11":"purchasable","12":"product-type-simple"},"_links":{"self":[{"href":"https:\/\/mnir.ro\/shop\/index.php\/wp-json\/wp\/v2\/product\/5852","targetHints":{"allow":["GET"]}}],"collection":[{"href":"https:\/\/mnir.ro\/shop\/index.php\/wp-json\/wp\/v2\/product"}],"about":[{"href":"https:\/\/mnir.ro\/shop\/index.php\/wp-json\/wp\/v2\/types\/product"}],"wp:featuredmedia":[{"embeddable":true,"href":"https:\/\/mnir.ro\/shop\/index.php\/wp-json\/wp\/v2\/media\/5853"}],"wp:attachment":[{"href":"https:\/\/mnir.ro\/shop\/index.php\/wp-json\/wp\/v2\/media?parent=5852"}],"wp:term":[{"taxonomy":"product_brand","embeddable":true,"href":"https:\/\/mnir.ro\/shop\/index.php\/wp-json\/wp\/v2\/product_brand?post=5852"},{"taxonomy":"product_cat","embeddable":true,"href":"https:\/\/mnir.ro\/shop\/index.php\/wp-json\/wp\/v2\/product_cat?post=5852"},{"taxonomy":"product_tag","embeddable":true,"href":"https:\/\/mnir.ro\/shop\/index.php\/wp-json\/wp\/v2\/product_tag?post=5852"}],"curies":[{"name":"wp","href":"https:\/\/api.w.org\/{rel}","templated":true}]}}