{"id":5764,"date":"2022-05-20T13:35:04","date_gmt":"2022-05-20T10:35:04","guid":{"rendered":"https:\/\/mnir.ro\/shop\/?post_type=product&#038;p=5764"},"modified":"2022-05-20T15:11:16","modified_gmt":"2022-05-20T12:11:16","slug":"5764","status":"publish","type":"product","link":"https:\/\/mnir.ro\/shop\/index.php\/produs\/5764\/","title":{"rendered":"O cl\u0103dire simbol a capitalei. Palatul Po\u0219telor. Muzeul Na\u021bional de Istorie a Rom\u00e2niei"},"content":{"rendered":"<div id=\":ri\" class=\"ii gt\">\n<div id=\":rj\" class=\"a3s aiL \">\n<div dir=\"ltr\">\n<div class=\"gmail_default\">Cu ocazia anivers\u0103rii a 50 de ani de activitate, Muzeul Na\u021bional de Istorie a Rom\u00e2niei lanseaz\u0103 volumul &#8222;O cl\u0103dire simbol a capitalei. Palatul Po\u0219telor. Muzeul Na\u021bional de Istorie a Rom\u00e2niei&#8221;. Volumul cuprinde informa\u021bii despre cl\u0103direa Palatului Po\u0219telor, care azi ad\u0103poste\u0219te Muzeul Na\u021bional de Istorie a Rom\u00e2niei, planuri ale edificiului, at\u00e2t din perioada construc\u021biei c\u00e2t \u0219i din timpul amenaj\u0103rilor ulterioare, \u0219i foarte multe imagini de arhiv\u0103.<\/div>\n<\/div>\n<div class=\"yj6qo\"><\/div>\n<div class=\"adL\"><\/div>\n<\/div>\n<\/div>\n<div id=\":s8\" class=\"hq gt a10\"><\/div>\n","protected":false},"excerpt":{"rendered":"<p>Cu ocazia anivers\u0103rii a 50 de ani de activitate, Muzeul Na\u021bional de Istorie a Rom\u00e2niei lanseaz\u0103 volumul &#8222;O cl\u0103dire simbol a capitalei. Palatul Po\u0219telor. Muzeul Na\u021bional de Istorie a Rom\u00e2niei&#8221;&#8230;.<\/p>\n","protected":false},"featured_media":5765,"template":"","meta":[],"product_brand":[],"product_cat":[28],"product_tag":[],"class_list":{"0":"post-5764","1":"product","2":"type-product","3":"status-publish","4":"has-post-thumbnail","6":"product_cat-album","8":"first","9":"instock","10":"shipping-taxable","11":"purchasable","12":"product-type-simple"},"_links":{"self":[{"href":"https:\/\/mnir.ro\/shop\/index.php\/wp-json\/wp\/v2\/product\/5764","targetHints":{"allow":["GET"]}}],"collection":[{"href":"https:\/\/mnir.ro\/shop\/index.php\/wp-json\/wp\/v2\/product"}],"about":[{"href":"https:\/\/mnir.ro\/shop\/index.php\/wp-json\/wp\/v2\/types\/product"}],"wp:featuredmedia":[{"embeddable":true,"href":"https:\/\/mnir.ro\/shop\/index.php\/wp-json\/wp\/v2\/media\/5765"}],"wp:attachment":[{"href":"https:\/\/mnir.ro\/shop\/index.php\/wp-json\/wp\/v2\/media?parent=5764"}],"wp:term":[{"taxonomy":"product_brand","embeddable":true,"href":"https:\/\/mnir.ro\/shop\/index.php\/wp-json\/wp\/v2\/product_brand?post=5764"},{"taxonomy":"product_cat","embeddable":true,"href":"https:\/\/mnir.ro\/shop\/index.php\/wp-json\/wp\/v2\/product_cat?post=5764"},{"taxonomy":"product_tag","embeddable":true,"href":"https:\/\/mnir.ro\/shop\/index.php\/wp-json\/wp\/v2\/product_tag?post=5764"}],"curies":[{"name":"wp","href":"https:\/\/api.w.org\/{rel}","templated":true}]}}