{"id":5706,"date":"2022-03-29T13:07:52","date_gmt":"2022-03-29T10:07:52","guid":{"rendered":"https:\/\/mnir.ro\/shop\/?post_type=product&#038;p=5706"},"modified":"2023-01-19T12:57:45","modified_gmt":"2023-01-19T10:57:45","slug":"cercetari-arheologice-vol-xxviii-2021","status":"publish","type":"product","link":"https:\/\/mnir.ro\/shop\/index.php\/produs\/cercetari-arheologice-vol-xxviii-2021\/","title":{"rendered":"Cercet\u0103ri Arheologice vol. XXVIII\/ 2021, I-II"},"content":{"rendered":"<p>Anuarul Cercet\u0103ri Arheologice 28\/1-2\/2021, apare \u00eentr-un nou format, anume \u00een dou\u0103 p\u0103r\u021bi. Acestea au fost structurate \u00een Rapoarte, Studii \u0219i Note de lectur\u0103, Recenzii.<\/p>\n<p>Primul fascicul cuprinde patru rapoarte, zece studii, din care dou\u0103 semnate de cercet\u0103tori din Turcia, Italia \u0219i Ungaria, opt de c\u0103tre cei din Rom\u00e2nia, precum \u0219i dou\u0103 note de lectur\u0103 \u0219i recenzii, din care una din Ungaria.<\/p>\n<p>Cel de-al doilea fascicul aduce \u00een aten\u021bie trei rapoarte, dintre care unul din Republica Moldova dou\u0103 din Rom\u00e2nia, zece studii (unul semnat de cercet\u0103tori din Israel, iar un altul din Turcia \u0219i Germania). Opt dintre acestea sunt din \u021bara noastr\u0103. Lor li se adaug\u0103 \u0219i trei note de lectur\u0103 \u0219i recenzii.<\/p>\n","protected":false},"excerpt":{"rendered":"<p>Anuarul Cercet\u0103ri Arheologice 28\/1-2\/2021, apare \u00eentr-un nou format, anume \u00een dou\u0103 p\u0103r\u021bi. Acestea au fost structurate \u00een Rapoarte, Studii \u0219i Note de lectur\u0103, Recenzii. Primul fascicul cuprinde patru rapoarte, zece&#8230;<\/p>\n","protected":false},"featured_media":5707,"template":"","meta":[],"product_brand":[],"product_cat":[125],"product_tag":[],"class_list":{"0":"post-5706","1":"product","2":"type-product","3":"status-publish","4":"has-post-thumbnail","6":"product_cat-anuar","8":"first","9":"instock","10":"shipping-taxable","11":"purchasable","12":"product-type-simple"},"_links":{"self":[{"href":"https:\/\/mnir.ro\/shop\/index.php\/wp-json\/wp\/v2\/product\/5706","targetHints":{"allow":["GET"]}}],"collection":[{"href":"https:\/\/mnir.ro\/shop\/index.php\/wp-json\/wp\/v2\/product"}],"about":[{"href":"https:\/\/mnir.ro\/shop\/index.php\/wp-json\/wp\/v2\/types\/product"}],"wp:featuredmedia":[{"embeddable":true,"href":"https:\/\/mnir.ro\/shop\/index.php\/wp-json\/wp\/v2\/media\/5707"}],"wp:attachment":[{"href":"https:\/\/mnir.ro\/shop\/index.php\/wp-json\/wp\/v2\/media?parent=5706"}],"wp:term":[{"taxonomy":"product_brand","embeddable":true,"href":"https:\/\/mnir.ro\/shop\/index.php\/wp-json\/wp\/v2\/product_brand?post=5706"},{"taxonomy":"product_cat","embeddable":true,"href":"https:\/\/mnir.ro\/shop\/index.php\/wp-json\/wp\/v2\/product_cat?post=5706"},{"taxonomy":"product_tag","embeddable":true,"href":"https:\/\/mnir.ro\/shop\/index.php\/wp-json\/wp\/v2\/product_tag?post=5706"}],"curies":[{"name":"wp","href":"https:\/\/api.w.org\/{rel}","templated":true}]}}