{"id":5704,"date":"2022-03-28T14:03:54","date_gmt":"2022-03-28T11:03:54","guid":{"rendered":"https:\/\/mnir.ro\/shop\/?post_type=product&#038;p=5704"},"modified":"2022-03-29T13:10:13","modified_gmt":"2022-03-29T10:10:13","slug":"haina-il-face-pe-om-sase-secole-de-istorie-vestimentara-vesminte-costume-uniforme-accesorii-editia-a-iii-a-revizuita-si-adaugita","status":"publish","type":"product","link":"https:\/\/mnir.ro\/shop\/index.php\/produs\/haina-il-face-pe-om-sase-secole-de-istorie-vestimentara-vesminte-costume-uniforme-accesorii-editia-a-iii-a-revizuita-si-adaugita\/","title":{"rendered":"Haina \u00eel face pe om. \u0218ase secole de istorie vestimentar\u0103 \u2013 ve\u0219minte, costume, uniforme, accesorii, Edi\u021bia a III-a, revizuit\u0103 \u0219i ad\u0103ugit\u0103"},"content":{"rendered":"<p>Catalogul, ajuns la edi\u021bia a III-a, revizuit\u0103 \u0219i ad\u0103ugit\u0103, con\u021bine o nou\u0103 grafic\u0103 \u0219i mai multe fotografii ale obiectelor de patrimoniu din colec\u021biile Muzeului Na\u021bional de Istorie a Rom\u00e2niei, Muzeului Militar Na\u021bional \u201eRegele Ferdinand I\u201d, Complexului Muzeal Na\u021bional \u201eMoldova\u201d din Ia\u0219i, Muzeului Jude\u021bean de Istorie \u0219i Arheologie Prahova, Muzeului Bucovinei, Suceava, \u0219i Complexului Muzeal Na\u021bional \u201eCurtea Domneasc\u0103\u201d, T\u00e2rgovi\u0219te, vine s\u0103 suplineasc\u0103, fie \u0219i par\u021bial, problema accesului publicului la minunatele vestigii ale artei vestimentare \u0219i \u00eencearc\u0103 s\u0103 r\u0103spund\u0103 interesului tot mai larg pentru cunoa\u0219terea unui aspect esen\u021bial al vie\u021bii cotidiene din trecut. Prin intermediul a peste 150 de ve\u0219minte laice \u0219i ecleziastice, de uniforme militare \u0219i ale altor corpuri ale func\u021bionarilor publici (diploma\u021bi, magistra\u021bi, angaja\u021bii po\u0219tei), precum \u0219i a unor accesorii vestimentare, lucrarea ne deschide o fereastr\u0103 spre lumea fascinant\u0103 a ve\u0219mintelor utilizate \u00een spa\u021biul rom\u00e2nesc medieval \u0219i modern al secolelor XV-XX, prezent\u00e2ndu-ne c\u00e2teva piese de mare valoare artistic\u0103 \u0219i patrimonial\u0103 din zestrea acestor institu\u021bii. Al\u0103turi de piese \u201eanonime\u201d sunt prezentate obiecte care au apar\u021binut unor principi medievali sau moderni (Alexandru cel Bun, Mihail Sturdza, Alexandru Ioan Cuza), regilor \u0219i reginelor Rom\u00e2niei (Carol I, Elisabeta, Ferdinand I, Maria, Carol al II-lea), unor oameni politici, conduc\u0103tori militari, diploma\u021bi, oameni de cultur\u0103 care au jucat un rol esen\u021bial \u00een istoria \u021b\u0103rii.<\/p>\n<p>Textul catalogului, bogat ilustrat cu fotografii realizate de domnul ing. Marius Amarie, este completat de cinci studii \u0219tiin\u021bifice datorate domnului dr. Adrian-Silvan Ionescu, doamnei dr. Cristina Anton-Manea, domnului \u0218erban Constantinescu, precum \u0219i doamnelor Dorina Tomescu \u0219i Raluca Velicu. Ele con\u021bin date esen\u021biale despre evolu\u021bia artei vestimentare \u00een spa\u021biul rom\u00e2nesc din secolul al XV-lea p\u00e2n\u0103 \u00een prima jum\u0103tate a secolului al XX-lea. Catalogul cuprinde \u0219i o bogat\u0103 ilustra\u021bie suplimentar\u0103 bazat\u0103 \u00een special pe gravuri, tablouri \u0219i fotografii de epoc\u0103 provenite, \u00een majoritatea cazurilor, din colec\u021bia Muzeului Na\u021bional de Istorie a Rom\u00e2niei, ilustra\u021bie care faciliteaz\u0103 mai buna \u00een\u021belegere a func\u021bionalit\u0103\u021bii \u00een epoc\u0103 a pieselor expuse.<\/p>\n","protected":false},"excerpt":{"rendered":"<p>Catalogul, ajuns la edi\u021bia a III-a, revizuit\u0103 \u0219i ad\u0103ugit\u0103, con\u021bine o nou\u0103 grafic\u0103 \u0219i mai multe fotografii ale obiectelor de patrimoniu din colec\u021biile Muzeului Na\u021bional de Istorie a Rom\u00e2niei, Muzeului&#8230;<\/p>\n","protected":false},"featured_media":5705,"template":"","meta":[],"product_brand":[],"product_cat":[27],"product_tag":[],"class_list":{"0":"post-5704","1":"product","2":"type-product","3":"status-publish","4":"has-post-thumbnail","6":"product_cat-catalog-expozitie","8":"first","9":"instock","10":"shipping-taxable","11":"purchasable","12":"product-type-simple"},"_links":{"self":[{"href":"https:\/\/mnir.ro\/shop\/index.php\/wp-json\/wp\/v2\/product\/5704","targetHints":{"allow":["GET"]}}],"collection":[{"href":"https:\/\/mnir.ro\/shop\/index.php\/wp-json\/wp\/v2\/product"}],"about":[{"href":"https:\/\/mnir.ro\/shop\/index.php\/wp-json\/wp\/v2\/types\/product"}],"wp:featuredmedia":[{"embeddable":true,"href":"https:\/\/mnir.ro\/shop\/index.php\/wp-json\/wp\/v2\/media\/5705"}],"wp:attachment":[{"href":"https:\/\/mnir.ro\/shop\/index.php\/wp-json\/wp\/v2\/media?parent=5704"}],"wp:term":[{"taxonomy":"product_brand","embeddable":true,"href":"https:\/\/mnir.ro\/shop\/index.php\/wp-json\/wp\/v2\/product_brand?post=5704"},{"taxonomy":"product_cat","embeddable":true,"href":"https:\/\/mnir.ro\/shop\/index.php\/wp-json\/wp\/v2\/product_cat?post=5704"},{"taxonomy":"product_tag","embeddable":true,"href":"https:\/\/mnir.ro\/shop\/index.php\/wp-json\/wp\/v2\/product_tag?post=5704"}],"curies":[{"name":"wp","href":"https:\/\/api.w.org\/{rel}","templated":true}]}}