{"id":5685,"date":"2022-02-08T12:27:31","date_gmt":"2022-02-08T10:27:31","guid":{"rendered":"https:\/\/mnir.ro\/shop\/?post_type=product&#038;p=5685"},"modified":"2023-01-10T14:48:16","modified_gmt":"2023-01-10T12:48:16","slug":"revista-muzeul-national-nr-33-2021","status":"publish","type":"product","link":"https:\/\/mnir.ro\/shop\/index.php\/produs\/revista-muzeul-national-nr-33-2021\/","title":{"rendered":"Revista \u201eMuzeul Na\u0163ional\u201d nr. 33\/ 2021"},"content":{"rendered":"<p>Num\u0103rul 33\/2021 al revistei \u201eMuzeul Na\u0163ional\u201d cuprinde 12 articole, cu informa\u0163ii \u015fi ilustra\u0163ie inedit\u0103, cu subiecte variate de la istoria Evului Mediu \u015fi p\u00e2n\u0103 la cea contemporan\u0103 \u015fi dou\u0103 recenzii. Printre articolele publicate amintim: <em>\u201eFortifica\u0163ii medievale ale regiunii dun\u0103rene inferioare surprinse \u00een documente cartografice\u201d, \u201eJefuitorii cu arme\u201d, t\u00e2lharii \u015fi haiducii \u00een \u0162\u0103rile Rom\u00e2ne, Pompiliu Eliade \u015fi lucr\u0103rile \u201ede seminar\u201d ale studen\u0163ilor s\u0103i, Ascensiunea lui Nicolae Ceau\u015fescu \u015fi rolul vizitelor \u00een \u0163ar\u0103, <\/em>\u015fi multe altele.<\/p>\n<p>Volumul are 260 de pagini \u015fi ilustra\u0163ie color.<\/p>\n","protected":false},"excerpt":{"rendered":"<p>Num\u0103rul 33\/2021 al revistei \u201eMuzeul Na\u0163ional\u201d cuprinde 12 articole, cu informa\u0163ii \u015fi ilustra\u0163ie inedit\u0103, cu subiecte variate de la istoria Evului Mediu \u015fi p\u00e2n\u0103 la cea contemporan\u0103 \u015fi dou\u0103 recenzii&#8230;.<\/p>\n","protected":false},"featured_media":5686,"template":"","meta":[],"product_brand":[],"product_cat":[125],"product_tag":[],"class_list":{"0":"post-5685","1":"product","2":"type-product","3":"status-publish","4":"has-post-thumbnail","6":"product_cat-anuar","8":"first","9":"instock","10":"shipping-taxable","11":"purchasable","12":"product-type-simple"},"_links":{"self":[{"href":"https:\/\/mnir.ro\/shop\/index.php\/wp-json\/wp\/v2\/product\/5685","targetHints":{"allow":["GET"]}}],"collection":[{"href":"https:\/\/mnir.ro\/shop\/index.php\/wp-json\/wp\/v2\/product"}],"about":[{"href":"https:\/\/mnir.ro\/shop\/index.php\/wp-json\/wp\/v2\/types\/product"}],"wp:featuredmedia":[{"embeddable":true,"href":"https:\/\/mnir.ro\/shop\/index.php\/wp-json\/wp\/v2\/media\/5686"}],"wp:attachment":[{"href":"https:\/\/mnir.ro\/shop\/index.php\/wp-json\/wp\/v2\/media?parent=5685"}],"wp:term":[{"taxonomy":"product_brand","embeddable":true,"href":"https:\/\/mnir.ro\/shop\/index.php\/wp-json\/wp\/v2\/product_brand?post=5685"},{"taxonomy":"product_cat","embeddable":true,"href":"https:\/\/mnir.ro\/shop\/index.php\/wp-json\/wp\/v2\/product_cat?post=5685"},{"taxonomy":"product_tag","embeddable":true,"href":"https:\/\/mnir.ro\/shop\/index.php\/wp-json\/wp\/v2\/product_tag?post=5685"}],"curies":[{"name":"wp","href":"https:\/\/api.w.org\/{rel}","templated":true}]}}