{"id":5680,"date":"2022-02-07T16:06:27","date_gmt":"2022-02-07T14:06:27","guid":{"rendered":"https:\/\/mnir.ro\/shop\/?post_type=product&#038;p=5680"},"modified":"2022-03-08T12:55:50","modified_gmt":"2022-03-08T10:55:50","slug":"nicolae-iorga-150-de-ani-de-la-nastere","status":"publish","type":"product","link":"https:\/\/mnir.ro\/shop\/index.php\/produs\/nicolae-iorga-150-de-ani-de-la-nastere\/","title":{"rendered":"Nicolae Iorga \u2013 150 de ani de la na\u015ftere"},"content":{"rendered":"<p>Catalogul expozi\u021biei &#8211; <em>Nicolae Iorga \u2013 150 de ani de la na\u015ftere <\/em>prezint\u0103 via\u021ba, activitatea \u0219i opera lui Nicolae Iorga, av\u00e2nd la baz\u0103 piesele Colec\u021biei \u201eIorga-Pippidi\u201d donate de c\u0103tre domnul profesor univ. dr. Andrei Pippidi, nepot al lui Nicolae Iorga, muzeului. Inestimabila colec\u021bie este format\u0103 din piese prezentate pentru prima dat\u0103: actul de na\u0219tere al marelui istoric, actele de studii primare, gimnaziale \u0219i diplomele de licen\u021biat \u0219i doctor; c\u00e2teva dintre cele mai importante diplome de <em>doctor honoris causa<\/em> de la marile universit\u0103\u021bi ale Europei, precum \u0219i brevetele \u0219i medaliile primite de c\u0103tre Nicolae Iorga de-a lungul vie\u021bii, de la cele rom\u00e2ne\u0219ti marele colan al Ordinului Carol I \u0219i marele colan al Ordinului Ferdinand I, la cele str\u0103ine: Ordinul <em>Legiunea de Onoare<\/em>, \u00een grad de Mare Cruce, Fran\u021ba; Ordinul <em>M\u00e2ntuitorului<\/em>, \u00een grad de Mare Cruce, Grecia; Ordinul <em>Coroana Italiei<\/em>, \u00een grad de Mare Cruce; Ordinul <em>Vytautas cel Mare<\/em>, \u00een grad de Mare Cruce, Lituania; Ordinul <em>Sf\u00e2ntul Iacob al Spadei<\/em>, \u00een grad de Mare Cruce, Spania \u0219i multe altele.<\/p>\n<p>Sunt prezente \u00een catalog: documente primite de c\u0103tre marele istoric de la Familia Regal\u0103 a Rom\u00e2niei, de la regina Maria, principele \u0219i apoi regele Carol al II-lea \u0219i principesa M\u0103rioara, principesa Elena, precum \u0219i coresponden\u021b\u0103 trimis\u0103 de diverse personalit\u0103\u021bi sau oameni simpli; fotografii, tabloul Ecaterinei Iorga realizat de Rudolf Schweitzer Cump\u0103na.<\/p>\n<p>Al\u0103turi de acestea, catalogul cuprinde \u0219i piese de \u00eembr\u0103c\u0103minte, obiecte personale, mobilier, statul de personal de la Universitatea Bucure\u0219ti, ochelarii \u0219i unul dintre condeele folosite de istoric, piese aflate \u00een patrimoniul Muzeului Na\u021bional de Istorie a Rom\u00e2niei, Institutului \u201eNicolae Iorga\u201d al Academiei Rom\u00e2ne, Muzeului Universit\u0103\u021bii din Bucure\u0219ti \u0219i fotografii din patrimoniul Arhivelor Na\u021bionale ale Rom\u00e2niei.<\/p>\n<p>Catalogul are o introducere scris\u0103 de profesorul univ. dr. Andrei Pippidi, \u0219apte capitole: <em>T\u00e2n\u0103rul Nicu Iorga. Studiile \u0219i familia; Istoricul, Profesorul, Fondatorul, Omul politic, Iorga \u0219i Familia Regal\u0103, Iorga \u0219i omul simplu<\/em>, un rezumat \u00een limba englez\u0103, \u0219i, \u00een partea a doua, piesele expuse: documente personale, coresponden\u021b\u0103, invita\u021bii, programe, afi\u0219e, pres\u0103, diplome, distinc\u021bii, ordine \u0219i brevete de decorare \u0219i diverse.<\/p>\n<p><strong>\u00a0MNIR, 2021, ISBN 978-606-622-601-1<\/strong><\/p>\n","protected":false},"excerpt":{"rendered":"<p>Catalogul expozi\u021biei &#8211; Nicolae Iorga \u2013 150 de ani de la na\u015ftere prezint\u0103 via\u021ba, activitatea \u0219i opera lui Nicolae Iorga, av\u00e2nd la baz\u0103 piesele Colec\u021biei \u201eIorga-Pippidi\u201d donate de c\u0103tre domnul&#8230;<\/p>\n","protected":false},"featured_media":5687,"template":"","meta":[],"product_brand":[],"product_cat":[27],"product_tag":[],"class_list":{"0":"post-5680","1":"product","2":"type-product","3":"status-publish","4":"has-post-thumbnail","6":"product_cat-catalog-expozitie","8":"first","9":"instock","10":"shipping-taxable","11":"purchasable","12":"product-type-simple"},"_links":{"self":[{"href":"https:\/\/mnir.ro\/shop\/index.php\/wp-json\/wp\/v2\/product\/5680","targetHints":{"allow":["GET"]}}],"collection":[{"href":"https:\/\/mnir.ro\/shop\/index.php\/wp-json\/wp\/v2\/product"}],"about":[{"href":"https:\/\/mnir.ro\/shop\/index.php\/wp-json\/wp\/v2\/types\/product"}],"wp:featuredmedia":[{"embeddable":true,"href":"https:\/\/mnir.ro\/shop\/index.php\/wp-json\/wp\/v2\/media\/5687"}],"wp:attachment":[{"href":"https:\/\/mnir.ro\/shop\/index.php\/wp-json\/wp\/v2\/media?parent=5680"}],"wp:term":[{"taxonomy":"product_brand","embeddable":true,"href":"https:\/\/mnir.ro\/shop\/index.php\/wp-json\/wp\/v2\/product_brand?post=5680"},{"taxonomy":"product_cat","embeddable":true,"href":"https:\/\/mnir.ro\/shop\/index.php\/wp-json\/wp\/v2\/product_cat?post=5680"},{"taxonomy":"product_tag","embeddable":true,"href":"https:\/\/mnir.ro\/shop\/index.php\/wp-json\/wp\/v2\/product_tag?post=5680"}],"curies":[{"name":"wp","href":"https:\/\/api.w.org\/{rel}","templated":true}]}}