{"id":5656,"date":"2022-01-14T11:25:29","date_gmt":"2022-01-14T09:25:29","guid":{"rendered":"https:\/\/mnir.ro\/shop\/?post_type=product&#038;p=5656"},"modified":"2022-01-14T11:27:48","modified_gmt":"2022-01-14T09:27:48","slug":"onoarea-natiunilor-vol-iv","status":"publish","type":"product","link":"https:\/\/mnir.ro\/shop\/index.php\/produs\/onoarea-natiunilor-vol-iv\/","title":{"rendered":"Onoarea Na\u021biunilor vol. IV"},"content":{"rendered":"<p>Al patrulea volum al seriei Onoarea Na\u021biunilor continu\u0103 prezentarea colec\u021biei de medalii \u0219i cruci str\u0103ine a Muzeului Na\u021bional de Istorie a Rom\u00e2niei \u00eenceput\u0103 \u00een volumul anterior. Acesta prezint\u0103 un num\u0103r de 53 de decora\u021bii din diferite state precum Panama, Polonia, Imperiul Rus, Principatul\/Regatul Serbiei\/Regatul Iugoslaviei, Republica Arab\u0103 Sirian\u0103, Suedia, Ungaria \u0219i Vatican.<\/p>\n<p>Materialul prezentat a fost aranjat \u00een ordine alfabetic\u0103 \u00een func\u021bie de statul emitent, iar acolo unde sunt mai multe distinc\u021bii pentru o \u021bar\u0103, acestea au fost organizate \u00een func\u021bie de anul instituirii, \u00een ordine cronologic\u0103, de la cea mai timpurie la cea mai recent\u0103. La sf\u00e2r\u0219itul acestui volum exist\u0103 un indice care cuprinde informa\u021bii despre panglicile decora\u021biilor prezentate, ce poate fi folositor \u00een identificarea acestora.<\/p>\n<p><img loading=\"lazy\" decoding=\"async\" class=\"alignnone wp-image-5658\" src=\"https:\/\/mnir.ro\/shop\/wp-content\/uploads\/2022\/01\/Cuprins-1-243x300.jpg\" alt=\"\" width=\"405\" height=\"501\" srcset=\"https:\/\/mnir.ro\/shop\/wp-content\/uploads\/2022\/01\/Cuprins-1-243x300.jpg 243w, https:\/\/mnir.ro\/shop\/wp-content\/uploads\/2022\/01\/Cuprins-1-829x1024.jpg 829w, https:\/\/mnir.ro\/shop\/wp-content\/uploads\/2022\/01\/Cuprins-1-350x432.jpg 350w, https:\/\/mnir.ro\/shop\/wp-content\/uploads\/2022\/01\/Cuprins-1-768x949.jpg 768w, https:\/\/mnir.ro\/shop\/wp-content\/uploads\/2022\/01\/Cuprins-1-1244x1536.jpg 1244w, https:\/\/mnir.ro\/shop\/wp-content\/uploads\/2022\/01\/Cuprins-1-1658x2048.jpg 1658w, https:\/\/mnir.ro\/shop\/wp-content\/uploads\/2022\/01\/Cuprins-1-600x741.jpg 600w, https:\/\/mnir.ro\/shop\/wp-content\/uploads\/2022\/01\/Cuprins-1.jpg 2008w\" sizes=\"auto, (max-width: 405px) 100vw, 405px\" \/><img loading=\"lazy\" decoding=\"async\" class=\"alignnone wp-image-5659\" src=\"https:\/\/mnir.ro\/shop\/wp-content\/uploads\/2022\/01\/Cuprins-2-243x300.jpg\" alt=\"\" width=\"421\" height=\"519\" srcset=\"https:\/\/mnir.ro\/shop\/wp-content\/uploads\/2022\/01\/Cuprins-2-243x300.jpg 243w, https:\/\/mnir.ro\/shop\/wp-content\/uploads\/2022\/01\/Cuprins-2-829x1024.jpg 829w, https:\/\/mnir.ro\/shop\/wp-content\/uploads\/2022\/01\/Cuprins-2-350x432.jpg 350w, https:\/\/mnir.ro\/shop\/wp-content\/uploads\/2022\/01\/Cuprins-2-768x949.jpg 768w, https:\/\/mnir.ro\/shop\/wp-content\/uploads\/2022\/01\/Cuprins-2-1244x1536.jpg 1244w, https:\/\/mnir.ro\/shop\/wp-content\/uploads\/2022\/01\/Cuprins-2-1658x2048.jpg 1658w, https:\/\/mnir.ro\/shop\/wp-content\/uploads\/2022\/01\/Cuprins-2-600x741.jpg 600w, https:\/\/mnir.ro\/shop\/wp-content\/uploads\/2022\/01\/Cuprins-2.jpg 2008w\" sizes=\"auto, (max-width: 421px) 100vw, 421px\" \/><\/p>\n","protected":false},"excerpt":{"rendered":"<p>Al patrulea volum al seriei Onoarea Na\u021biunilor continu\u0103 prezentarea colec\u021biei de medalii \u0219i cruci str\u0103ine a Muzeului Na\u021bional de Istorie a Rom\u00e2niei \u00eenceput\u0103 \u00een volumul anterior. Acesta prezint\u0103 un num\u0103r&#8230;<\/p>\n","protected":false},"featured_media":5657,"template":"","meta":[],"product_brand":[],"product_cat":[39],"product_tag":[],"class_list":{"0":"post-5656","1":"product","2":"type-product","3":"status-publish","4":"has-post-thumbnail","6":"product_cat-carte","8":"first","9":"instock","10":"shipping-taxable","11":"purchasable","12":"product-type-simple"},"_links":{"self":[{"href":"https:\/\/mnir.ro\/shop\/index.php\/wp-json\/wp\/v2\/product\/5656","targetHints":{"allow":["GET"]}}],"collection":[{"href":"https:\/\/mnir.ro\/shop\/index.php\/wp-json\/wp\/v2\/product"}],"about":[{"href":"https:\/\/mnir.ro\/shop\/index.php\/wp-json\/wp\/v2\/types\/product"}],"wp:featuredmedia":[{"embeddable":true,"href":"https:\/\/mnir.ro\/shop\/index.php\/wp-json\/wp\/v2\/media\/5657"}],"wp:attachment":[{"href":"https:\/\/mnir.ro\/shop\/index.php\/wp-json\/wp\/v2\/media?parent=5656"}],"wp:term":[{"taxonomy":"product_brand","embeddable":true,"href":"https:\/\/mnir.ro\/shop\/index.php\/wp-json\/wp\/v2\/product_brand?post=5656"},{"taxonomy":"product_cat","embeddable":true,"href":"https:\/\/mnir.ro\/shop\/index.php\/wp-json\/wp\/v2\/product_cat?post=5656"},{"taxonomy":"product_tag","embeddable":true,"href":"https:\/\/mnir.ro\/shop\/index.php\/wp-json\/wp\/v2\/product_tag?post=5656"}],"curies":[{"name":"wp","href":"https:\/\/api.w.org\/{rel}","templated":true}]}}