{"id":5620,"date":"2021-12-14T11:56:54","date_gmt":"2021-12-14T09:56:54","guid":{"rendered":"https:\/\/mnir.ro\/shop\/?post_type=product&#038;p=5620"},"modified":"2021-12-14T11:56:54","modified_gmt":"2021-12-14T09:56:54","slug":"cercetari-numismatice-vol-xxvii-2021","status":"publish","type":"product","link":"https:\/\/mnir.ro\/shop\/index.php\/produs\/cercetari-numismatice-vol-xxvii-2021\/","title":{"rendered":"Cercet\u0103ri Numismatice, vol. XXVII\/ 2021"},"content":{"rendered":"<p>Jurnal \u0219tiin\u021bific cu apari\u021bie anual\u0103, dedicat studiilor de numismatic\u0103 \u0219i \u0219tiin\u021belor auxiliare.<\/p>\n<p>Acest volum al publica\u021biei editate de Cabinetul Numismatic al Muzeului Na\u021bional de Istorie a Rom\u00e2niei cuprinde \u00een cele 280 de pagini un num\u0103r de 14 contribu\u021bii \u0219tiin\u021bifice, redactate at\u00e2t de speciali\u0219ti din cadrul muzeului, c\u00e2t \u0219i de speciali\u0219ti din alte institu\u021bii rom\u00e2ne\u0219ti \u0219i str\u0103ine. Cercet\u0103rile \u00eentreprinse de ace\u0219tia aduc \u00een aten\u021bia publicului materiale din domeniile numismaticii antice, romano-bizantine, medievale \u0219i moderne, precum \u0219i medalii, ordine \u0219i decora\u021bii sau materiale arhivistice inedite.<\/p>\n","protected":false},"excerpt":{"rendered":"<p>Jurnal \u0219tiin\u021bific cu apari\u021bie anual\u0103, dedicat studiilor de numismatic\u0103 \u0219i \u0219tiin\u021belor auxiliare. Acest volum al publica\u021biei editate de Cabinetul Numismatic al Muzeului Na\u021bional de Istorie a Rom\u00e2niei cuprinde \u00een cele&#8230;<\/p>\n","protected":false},"featured_media":5621,"template":"","meta":[],"product_brand":[],"product_cat":[125],"product_tag":[],"class_list":{"0":"post-5620","1":"product","2":"type-product","3":"status-publish","4":"has-post-thumbnail","6":"product_cat-anuar","8":"first","9":"instock","10":"shipping-taxable","11":"purchasable","12":"product-type-simple"},"_links":{"self":[{"href":"https:\/\/mnir.ro\/shop\/index.php\/wp-json\/wp\/v2\/product\/5620","targetHints":{"allow":["GET"]}}],"collection":[{"href":"https:\/\/mnir.ro\/shop\/index.php\/wp-json\/wp\/v2\/product"}],"about":[{"href":"https:\/\/mnir.ro\/shop\/index.php\/wp-json\/wp\/v2\/types\/product"}],"wp:featuredmedia":[{"embeddable":true,"href":"https:\/\/mnir.ro\/shop\/index.php\/wp-json\/wp\/v2\/media\/5621"}],"wp:attachment":[{"href":"https:\/\/mnir.ro\/shop\/index.php\/wp-json\/wp\/v2\/media?parent=5620"}],"wp:term":[{"taxonomy":"product_brand","embeddable":true,"href":"https:\/\/mnir.ro\/shop\/index.php\/wp-json\/wp\/v2\/product_brand?post=5620"},{"taxonomy":"product_cat","embeddable":true,"href":"https:\/\/mnir.ro\/shop\/index.php\/wp-json\/wp\/v2\/product_cat?post=5620"},{"taxonomy":"product_tag","embeddable":true,"href":"https:\/\/mnir.ro\/shop\/index.php\/wp-json\/wp\/v2\/product_tag?post=5620"}],"curies":[{"name":"wp","href":"https:\/\/api.w.org\/{rel}","templated":true}]}}