{"id":5613,"date":"2021-12-14T10:48:58","date_gmt":"2021-12-14T08:48:58","guid":{"rendered":"https:\/\/mnir.ro\/shop\/?post_type=product&#038;p=5613"},"modified":"2026-01-19T12:39:24","modified_gmt":"2026-01-19T10:39:24","slug":"ceramica-din-necropolele-nord-dunarene-din-secolul-al-iv-lea-d-chr-din-colectia-mnir","status":"publish","type":"product","link":"https:\/\/mnir.ro\/shop\/index.php\/produs\/ceramica-din-necropolele-nord-dunarene-din-secolul-al-iv-lea-d-chr-din-colectia-mnir\/","title":{"rendered":"Ceramica din necropolele nord-dun\u0103rene din secolul al IV-lea d. Chr. din colec\u021bia Muzeului Na\u021bional de istorie a Rom\u00e2niei"},"content":{"rendered":"<p>Catalogul este unul dintre instrumentele tipice ale muncii unui arheolog, care poate fi util chiar \u00een absen\u021ba unui studiu introductiv. Pe de alt\u0103 parte, o prezentare prealabil\u0103 poate ilumina at\u00e2t inten\u021biile, c\u00e2t \u0219i mijloacele pe care autorul le-a avut la dispozi\u021bie. \u00cen acela\u0219i timp, un astfel de demers poate prilejui sistematizarea unor observa\u021bii care pot fi, eventual, interesante \u0219i pentru al\u021bi speciali\u0219ti. \u00cen acela\u0219i timp, cititorii mai pu\u021bin aviza\u021bi, sau cercet\u0103torii la \u00eenceput de drum, pot fi \u00eendruma\u021bi \u00eentr-o problematic\u0103 destul de stufoas\u0103.<\/p>\n<p>CUPRINS:<\/p>\n<table>\n<tbody>\n<tr>\n<td width=\"310\">Studiu introductiv<\/td>\n<td width=\"57\">7<\/td>\n<\/tr>\n<tr>\n<td width=\"310\">Izvoru-Gogo\u015fari<\/td>\n<td width=\"57\">46<\/td>\n<\/tr>\n<tr>\n<td width=\"310\">Span\u0163ov, prezentare general\u0103<\/td>\n<td width=\"57\">52<\/td>\n<\/tr>\n<tr>\n<td width=\"310\">ceramic\u0103 fin\u0103, forme deschise<\/td>\n<td width=\"57\">65<\/td>\n<\/tr>\n<tr>\n<td width=\"310\">ceramic\u0103 fin\u0103, forme \u00eenchise<\/td>\n<td width=\"57\">126<\/td>\n<\/tr>\n<tr>\n<td width=\"310\">ceramic\u0103 de buc\u0103t\u0103rie<\/td>\n<td width=\"57\">200<\/td>\n<\/tr>\n<tr>\n<td width=\"310\">Independen\u0163a<\/td>\n<td width=\"57\">270<\/td>\n<\/tr>\n<tr>\n<td width=\"310\">Mogo\u015fani<\/td>\n<td width=\"57\">274<\/td>\n<\/tr>\n<tr>\n<td width=\"310\">T\u00e2rg\u015forul Vechi<\/td>\n<td width=\"57\">284<\/td>\n<\/tr>\n<tr>\n<td width=\"310\">Aldeni<\/td>\n<td width=\"57\">308<\/td>\n<\/tr>\n<tr>\n<td width=\"310\">Lunca<\/td>\n<td width=\"57\">318<\/td>\n<\/tr>\n<tr>\n<td width=\"310\">S\u00e2ntana<\/td>\n<td width=\"57\">322<\/td>\n<\/tr>\n<tr>\n<td width=\"310\">Negre\u015fti<\/td>\n<td width=\"57\">332<\/td>\n<\/tr>\n<tr>\n<td width=\"310\">Izvoare<\/td>\n<td width=\"57\">340<\/td>\n<\/tr>\n<tr>\n<td width=\"310\">Cozia<\/td>\n<td width=\"57\">390<\/td>\n<\/tr>\n<tr>\n<td width=\"310\">Le\u0163cani<\/td>\n<td width=\"57\">394<\/td>\n<\/tr>\n<tr>\n<td width=\"310\">Iacobeni<\/td>\n<td width=\"57\">406<\/td>\n<\/tr>\n<tr>\n<td width=\"310\">Miorcani<\/td>\n<td width=\"57\">426<\/td>\n<\/tr>\n<tr>\n<td width=\"310\">Bibliografie<\/td>\n<td width=\"57\">452<\/td>\n<\/tr>\n<\/tbody>\n<\/table>\n<p>Eugen S. Teodor, <em>Ceramica din necropolele nord-dun\u0103rene din secolul al IV-lea d.Chr., din colec\u021bia Muzeului Na\u021bional de istorie a Rom\u00e2niei<\/em>, Editura Cetatea de Scaun, T\u00e2rgovi\u0219te, 2021.<\/p>\n","protected":false},"excerpt":{"rendered":"<p>Catalogul este unul dintre instrumentele tipice ale muncii unui arheolog, care poate fi util chiar \u00een absen\u021ba unui studiu introductiv. Pe de alt\u0103 parte, o prezentare prealabil\u0103 poate ilumina at\u00e2t&#8230;<\/p>\n","protected":false},"featured_media":5614,"template":"","meta":[],"product_brand":[],"product_cat":[123],"product_tag":[],"class_list":{"0":"post-5613","1":"product","2":"type-product","3":"status-publish","4":"has-post-thumbnail","6":"product_cat-catalog-de-colectie","8":"first","9":"outofstock","10":"virtual","11":"purchasable","12":"product-type-simple"},"_links":{"self":[{"href":"https:\/\/mnir.ro\/shop\/index.php\/wp-json\/wp\/v2\/product\/5613","targetHints":{"allow":["GET"]}}],"collection":[{"href":"https:\/\/mnir.ro\/shop\/index.php\/wp-json\/wp\/v2\/product"}],"about":[{"href":"https:\/\/mnir.ro\/shop\/index.php\/wp-json\/wp\/v2\/types\/product"}],"wp:featuredmedia":[{"embeddable":true,"href":"https:\/\/mnir.ro\/shop\/index.php\/wp-json\/wp\/v2\/media\/5614"}],"wp:attachment":[{"href":"https:\/\/mnir.ro\/shop\/index.php\/wp-json\/wp\/v2\/media?parent=5613"}],"wp:term":[{"taxonomy":"product_brand","embeddable":true,"href":"https:\/\/mnir.ro\/shop\/index.php\/wp-json\/wp\/v2\/product_brand?post=5613"},{"taxonomy":"product_cat","embeddable":true,"href":"https:\/\/mnir.ro\/shop\/index.php\/wp-json\/wp\/v2\/product_cat?post=5613"},{"taxonomy":"product_tag","embeddable":true,"href":"https:\/\/mnir.ro\/shop\/index.php\/wp-json\/wp\/v2\/product_tag?post=5613"}],"curies":[{"name":"wp","href":"https:\/\/api.w.org\/{rel}","templated":true}]}}