{"id":5600,"date":"2021-12-13T13:58:55","date_gmt":"2021-12-13T11:58:55","guid":{"rendered":"https:\/\/mnir.ro\/shop\/?post_type=product&#038;p=5600"},"modified":"2025-05-27T14:03:42","modified_gmt":"2025-05-27T11:03:42","slug":"romania-in-al-doilea-razboi-mondial-1941-1945","status":"publish","type":"product","link":"https:\/\/mnir.ro\/shop\/index.php\/produs\/romania-in-al-doilea-razboi-mondial-1941-1945\/","title":{"rendered":"Rom\u00e2nia \u00een al Doilea R\u0103zboi Mondial. 1941-1945"},"content":{"rendered":"<p>Prezent\u00e2nd obiecte \u0219i imagini de patrimoniu care ilustreaz\u0103 participarea Rom\u00e2niei la cel de-al Doilea R\u0103zboi Mondial \u0219i care au fost incluse \u00een expozi\u021bia organizat\u0103 \u00een 2021 la Muzeul Na\u021bional de Istorie a Rom\u00e2niei pe aceast\u0103 tem\u0103, catalogul trateaz\u0103 subiecte precum: intrarea Rom\u00e2niei \u00een r\u0103zboi, desf\u0103\u0219urarea campaniilor militare de pe Frontul de Est \u0219i de pe Frontul de Vest, rolul Avia\u021biei \u0219i Marinei \u00een r\u0103zboi, via\u021ba cotidian\u0103 a militarilor pe front, dar \u0219i cea a civililor, soarta prizonierilor (rom\u00e2ni, sovietici, americani), activitatea Crucii Ro\u0219ii, deportarea \u0219i uciderea romilor \u0219i evreilor, bombardamentele aliate asupra teritoriului rom\u00e2n \u0219i instaurarea comunismului.<\/p>\n","protected":false},"excerpt":{"rendered":"<p>Prezent\u00e2nd obiecte \u0219i imagini de patrimoniu care ilustreaz\u0103 participarea Rom\u00e2niei la cel de-al Doilea R\u0103zboi Mondial \u0219i care au fost incluse \u00een expozi\u021bia organizat\u0103 \u00een 2021 la Muzeul Na\u021bional de&#8230;<\/p>\n","protected":false},"featured_media":5601,"template":"","meta":[],"product_brand":[],"product_cat":[27],"product_tag":[],"class_list":{"0":"post-5600","1":"product","2":"type-product","3":"status-publish","4":"has-post-thumbnail","6":"product_cat-catalog-expozitie","8":"first","9":"outofstock","10":"shipping-taxable","11":"purchasable","12":"product-type-simple"},"_links":{"self":[{"href":"https:\/\/mnir.ro\/shop\/index.php\/wp-json\/wp\/v2\/product\/5600","targetHints":{"allow":["GET"]}}],"collection":[{"href":"https:\/\/mnir.ro\/shop\/index.php\/wp-json\/wp\/v2\/product"}],"about":[{"href":"https:\/\/mnir.ro\/shop\/index.php\/wp-json\/wp\/v2\/types\/product"}],"wp:featuredmedia":[{"embeddable":true,"href":"https:\/\/mnir.ro\/shop\/index.php\/wp-json\/wp\/v2\/media\/5601"}],"wp:attachment":[{"href":"https:\/\/mnir.ro\/shop\/index.php\/wp-json\/wp\/v2\/media?parent=5600"}],"wp:term":[{"taxonomy":"product_brand","embeddable":true,"href":"https:\/\/mnir.ro\/shop\/index.php\/wp-json\/wp\/v2\/product_brand?post=5600"},{"taxonomy":"product_cat","embeddable":true,"href":"https:\/\/mnir.ro\/shop\/index.php\/wp-json\/wp\/v2\/product_cat?post=5600"},{"taxonomy":"product_tag","embeddable":true,"href":"https:\/\/mnir.ro\/shop\/index.php\/wp-json\/wp\/v2\/product_tag?post=5600"}],"curies":[{"name":"wp","href":"https:\/\/api.w.org\/{rel}","templated":true}]}}