{"id":5378,"date":"2021-02-10T12:57:59","date_gmt":"2021-02-10T10:57:59","guid":{"rendered":"https:\/\/mnir.ro\/shop\/?post_type=product&#038;p=5378"},"modified":"2021-02-10T13:09:22","modified_gmt":"2021-02-10T11:09:22","slug":"cercetari-numismatice-vol-xxvi-2020","status":"publish","type":"product","link":"https:\/\/mnir.ro\/shop\/index.php\/produs\/cercetari-numismatice-vol-xxvi-2020\/","title":{"rendered":"Cercet\u0103ri Numismatice vol. XXVI\/ 2020"},"content":{"rendered":"<p>Volumul XXVI al periodicului Cercet\u0103ri Numismatice, publicat \u00een anul 2020, aduce \u00een aten\u021bia publicului un num\u0103r de 17 articole \u0219tiin\u021bifice, din domeniile numismaticii antice, medievale, moderne, precum \u0219i din domeniile sigilografiei \u0219i faleristicii. Sunt astfel introduse \u00een circuitul \u0219tiin\u021bific piese inedite din colec\u021bii publice, precum tezaurul de monede romane descoperit \u00een anul 2019 la Valea Nenii, jude\u021bul Arge\u0219, dar \u0219i piese mai pu\u021bin cunoscute, asemenea\u00a0 monedelor dacice de tip \u0218ilindia \u0219i Toc-Cherelu\u0219, p\u0103strate \u00een colec\u021biile Complexului Muzeal Arad \u0219i ale Muzeului Na\u021bional de Istorie a Rom\u00e2niei. Articolele care privesc numismatica medieval\u0103 prezint\u0103 un lot de piese emise \u00een monet\u0103riile Transilv\u0103nene active la mijlocul secolului al XV-lea \u0219i un fragment de tezaur cu emisiuni ale regelui Mathia Corvin, descoperit \u00een zona Banatului. Studiile dedicate numismaticii moderne documenteaz\u0103 c\u00e2teva serii de jetoane folosite \u00een Rom\u00e2nia, dar \u0219i \u00een Statele Unite ale Americii. Domeniul sigilografic este reprezentat de dou\u0103 studii dedicate sigiliilor (emise de \u00eemp\u0103ratul bizantin Iustinian) \u0219i matricelor sigilare cu simboluri ale Principatelor Unite din vechiul jude\u021b R\u00e2mnicu S\u0103rat. Nu \u00een ultimul r\u00e2nd, \u00een cadrul capitolului \u201eColec\u021bii \u0219i colec\u021bionari\u201d, sunt cuprinse trei contribu\u021bii deosebite care prezint\u0103 un manuscris redactat de numismatul Constantin Moisil, colec\u021bia de monede de aur \u0219i platin\u0103 a Muzeului Olteniei din Craiova \u0219i un lot de piese bizantine dintr-o colec\u021bie particular\u0103 din Bucure\u0219ti.<\/p>\n<p>&nbsp;<\/p>\n","protected":false},"excerpt":{"rendered":"<p>Volumul XXVI al periodicului Cercet\u0103ri Numismatice, publicat \u00een anul 2020, aduce \u00een aten\u021bia publicului un num\u0103r de 17 articole \u0219tiin\u021bifice, din domeniile numismaticii antice, medievale, moderne, precum \u0219i din domeniile&#8230;<\/p>\n","protected":false},"featured_media":5379,"template":"","meta":[],"product_brand":[],"product_cat":[125],"product_tag":[],"class_list":{"0":"post-5378","1":"product","2":"type-product","3":"status-publish","4":"has-post-thumbnail","6":"product_cat-anuar","8":"first","9":"instock","10":"shipping-taxable","11":"purchasable","12":"product-type-simple"},"_links":{"self":[{"href":"https:\/\/mnir.ro\/shop\/index.php\/wp-json\/wp\/v2\/product\/5378","targetHints":{"allow":["GET"]}}],"collection":[{"href":"https:\/\/mnir.ro\/shop\/index.php\/wp-json\/wp\/v2\/product"}],"about":[{"href":"https:\/\/mnir.ro\/shop\/index.php\/wp-json\/wp\/v2\/types\/product"}],"wp:featuredmedia":[{"embeddable":true,"href":"https:\/\/mnir.ro\/shop\/index.php\/wp-json\/wp\/v2\/media\/5379"}],"wp:attachment":[{"href":"https:\/\/mnir.ro\/shop\/index.php\/wp-json\/wp\/v2\/media?parent=5378"}],"wp:term":[{"taxonomy":"product_brand","embeddable":true,"href":"https:\/\/mnir.ro\/shop\/index.php\/wp-json\/wp\/v2\/product_brand?post=5378"},{"taxonomy":"product_cat","embeddable":true,"href":"https:\/\/mnir.ro\/shop\/index.php\/wp-json\/wp\/v2\/product_cat?post=5378"},{"taxonomy":"product_tag","embeddable":true,"href":"https:\/\/mnir.ro\/shop\/index.php\/wp-json\/wp\/v2\/product_tag?post=5378"}],"curies":[{"name":"wp","href":"https:\/\/api.w.org\/{rel}","templated":true}]}}