{"id":5374,"date":"2021-02-05T12:24:16","date_gmt":"2021-02-05T10:24:16","guid":{"rendered":"https:\/\/mnir.ro\/shop\/?post_type=product&#038;p=5374"},"modified":"2021-02-05T12:24:16","modified_gmt":"2021-02-05T10:24:16","slug":"fragment-experienta-restaurarii","status":"publish","type":"product","link":"https:\/\/mnir.ro\/shop\/index.php\/produs\/fragment-experienta-restaurarii\/","title":{"rendered":"Fragment. Experien\u021ba restaur\u0103rii"},"content":{"rendered":"<p>Volumul de fa\u021b\u0103, con\u021bin\u00e2nd 420 de pagini \u0219i o ampl\u0103 ilustra\u021bie color, cuprinde prezentarea (informa\u021bii tehnice, stare de conservare, principale opera\u021biuni de restaurare efectuate) pentru cele cca. 200 de piese expuse \u00een cadrul expozi\u021biei <strong>\u201eFragment. Experien\u021ba restaur\u0103rii\u201d. <\/strong>Prezentarea este \u00eenso\u021bit\u0103 de poze realizate de-a lungul \u00eentregului proces de restaurare. Piesele au fost restaurate \u00een cadrul sec\u021biei de restaurare a MNIR, de-a lungul anilor \u0219i reprezint\u0103 o radiografie a muncii de restaurare. Catalogul este \u00eemp\u0103r\u021bit pe capitole dedicate fiec\u0103rui suport de material. Astfel primul capitol este dedicat restaur\u0103rii de carte veche, urmat de ceramic\u0103, lemn, metal, pictur\u0103 \u0219i textile. Acest catalog de expozi\u021bie propune o incursiune inedit\u0103 \u00een lumea restaur\u0103rii.<\/p>\n<p>&nbsp;<\/p>\n<p>&nbsp;<\/p>\n<p>&nbsp;<\/p>\n<p>&nbsp;<\/p>\n","protected":false},"excerpt":{"rendered":"<p>Volumul de fa\u021b\u0103, con\u021bin\u00e2nd 420 de pagini \u0219i o ampl\u0103 ilustra\u021bie color, cuprinde prezentarea (informa\u021bii tehnice, stare de conservare, principale opera\u021biuni de restaurare efectuate) pentru cele cca. 200 de piese&#8230;<\/p>\n","protected":false},"featured_media":5375,"template":"","meta":[],"product_brand":[],"product_cat":[155],"product_tag":[],"class_list":{"0":"post-5374","1":"product","2":"type-product","3":"status-publish","4":"has-post-thumbnail","6":"product_cat-fara-categorie","8":"first","9":"instock","10":"shipping-taxable","11":"purchasable","12":"product-type-simple"},"_links":{"self":[{"href":"https:\/\/mnir.ro\/shop\/index.php\/wp-json\/wp\/v2\/product\/5374","targetHints":{"allow":["GET"]}}],"collection":[{"href":"https:\/\/mnir.ro\/shop\/index.php\/wp-json\/wp\/v2\/product"}],"about":[{"href":"https:\/\/mnir.ro\/shop\/index.php\/wp-json\/wp\/v2\/types\/product"}],"wp:featuredmedia":[{"embeddable":true,"href":"https:\/\/mnir.ro\/shop\/index.php\/wp-json\/wp\/v2\/media\/5375"}],"wp:attachment":[{"href":"https:\/\/mnir.ro\/shop\/index.php\/wp-json\/wp\/v2\/media?parent=5374"}],"wp:term":[{"taxonomy":"product_brand","embeddable":true,"href":"https:\/\/mnir.ro\/shop\/index.php\/wp-json\/wp\/v2\/product_brand?post=5374"},{"taxonomy":"product_cat","embeddable":true,"href":"https:\/\/mnir.ro\/shop\/index.php\/wp-json\/wp\/v2\/product_cat?post=5374"},{"taxonomy":"product_tag","embeddable":true,"href":"https:\/\/mnir.ro\/shop\/index.php\/wp-json\/wp\/v2\/product_tag?post=5374"}],"curies":[{"name":"wp","href":"https:\/\/api.w.org\/{rel}","templated":true}]}}