{"id":5367,"date":"2021-02-01T14:20:23","date_gmt":"2021-02-01T12:20:23","guid":{"rendered":"https:\/\/mnir.ro\/shop\/?post_type=product&#038;p=5367"},"modified":"2021-02-01T14:20:44","modified_gmt":"2021-02-01T12:20:44","slug":"onoarea-natiunilor-vo-iii","status":"publish","type":"product","link":"https:\/\/mnir.ro\/shop\/index.php\/produs\/onoarea-natiunilor-vo-iii\/","title":{"rendered":"Onoarea Na\u021biunilor, vol. III"},"content":{"rendered":"<p>Al treilea volum al seriei <em>Onoarea Na\u021biunilor<\/em> continu\u0103 prezentarea colec\u021biei de medalii \u0219i distinc\u021bii a Muzeului Na\u021bional de Istorie a Rom\u00e2niei. Acesta prezint\u0103 un num\u0103r de 54 de decora\u021bii str\u0103ine din diferite state precum Principatul Albaniei, Imperiul Austriac\/ Austro-Ungar, Regatul Belgiei, Regatul Bulgariei, Republica Cehoslovac\u0103, Imperiul Francez\/ Republica Francez\u0103, Imperiul German, Principatul\/ Casa princiar\u0103 de Hohenzollern-Sigmaringen, Regatul Bavariei, Germania, Grecia, Regatul Italiei, Imperiul Britanic\/Marea Britanie \u0219i Imperiul Otoman.<\/p>\n<p>Materialul prezentat a fost aranjat \u00een ordine alfabetic\u0103 \u00een func\u021bie de statul emitent, iar acolo unde sunt mai multe distinc\u021bii pentru o \u021bar\u0103, acestea au fost organizate \u00een func\u021bie de anul instituirii, \u00een ordine cronologic\u0103, de la cea mai timpurie la cea mai recent\u0103. La sf\u00e2r\u0219itul volumului exist\u0103 un indice care cuprinde panglicile decora\u021biilor descrise.<\/p>\n<p>Autor: Tudor Alexandru Martin<\/p>\n<p>&nbsp;<\/p>\n<p>&nbsp;<\/p>\n","protected":false},"excerpt":{"rendered":"<p>Al treilea volum al seriei Onoarea Na\u021biunilor continu\u0103 prezentarea colec\u021biei de medalii \u0219i distinc\u021bii a Muzeului Na\u021bional de Istorie a Rom\u00e2niei. Acesta prezint\u0103 un num\u0103r de 54 de decora\u021bii str\u0103ine&#8230;<\/p>\n","protected":false},"featured_media":5368,"template":"","meta":[],"product_brand":[],"product_cat":[123],"product_tag":[],"class_list":{"0":"post-5367","1":"product","2":"type-product","3":"status-publish","4":"has-post-thumbnail","6":"product_cat-catalog-de-colectie","8":"first","9":"instock","10":"shipping-taxable","11":"purchasable","12":"product-type-simple"},"_links":{"self":[{"href":"https:\/\/mnir.ro\/shop\/index.php\/wp-json\/wp\/v2\/product\/5367","targetHints":{"allow":["GET"]}}],"collection":[{"href":"https:\/\/mnir.ro\/shop\/index.php\/wp-json\/wp\/v2\/product"}],"about":[{"href":"https:\/\/mnir.ro\/shop\/index.php\/wp-json\/wp\/v2\/types\/product"}],"wp:featuredmedia":[{"embeddable":true,"href":"https:\/\/mnir.ro\/shop\/index.php\/wp-json\/wp\/v2\/media\/5368"}],"wp:attachment":[{"href":"https:\/\/mnir.ro\/shop\/index.php\/wp-json\/wp\/v2\/media?parent=5367"}],"wp:term":[{"taxonomy":"product_brand","embeddable":true,"href":"https:\/\/mnir.ro\/shop\/index.php\/wp-json\/wp\/v2\/product_brand?post=5367"},{"taxonomy":"product_cat","embeddable":true,"href":"https:\/\/mnir.ro\/shop\/index.php\/wp-json\/wp\/v2\/product_cat?post=5367"},{"taxonomy":"product_tag","embeddable":true,"href":"https:\/\/mnir.ro\/shop\/index.php\/wp-json\/wp\/v2\/product_tag?post=5367"}],"curies":[{"name":"wp","href":"https:\/\/api.w.org\/{rel}","templated":true}]}}