{"id":5362,"date":"2021-01-22T11:14:24","date_gmt":"2021-01-22T09:14:24","guid":{"rendered":"https:\/\/mnir.ro\/shop\/?post_type=product&#038;p=5362"},"modified":"2024-02-27T13:29:56","modified_gmt":"2024-02-27T11:29:56","slug":"sigilii-romano-bizantine-si-bizantine-din-dobrogea-i-sigilii-imperiale-si-comerciale","status":"publish","type":"product","link":"https:\/\/mnir.ro\/shop\/index.php\/produs\/sigilii-romano-bizantine-si-bizantine-din-dobrogea-i-sigilii-imperiale-si-comerciale\/","title":{"rendered":"Sigilii romano-bizantine \u0219i bizantine din Dobrogea. I. Sigilii imperiale \u0219i comerciale"},"content":{"rendered":"<p>Volumul de fa\u021b\u0103 este primul dintr-o serie monografic\u0103 dedicat\u0103 descoperirilor sigilografice de pe teritoriul dobrogean (inclusiv zona aflat\u0103 ast\u0103zi \u00een Bulgaria). Sunt analizate aproximativ 300 de sigilii catalogate \u00een trei categorii: de tip imperial oficial, imperial comercial \u0219i comerciale particulare. Pe l\u00e2ng\u0103 analiza tipologic\u0103 se fac \u0219i alte observa\u021bii legate de informa\u021biile care deriv\u0103 din descifrarea plumburilor, cum ar fi imagistica \u0219i propaganda imperial\u0103 \u0219i religioas\u0103, ceea ce face aceste mici obiecte s\u0103 reprezinte un izvor semnificativ pentru istoria romano-bizantin\u0103 \u0219i bizantin\u0103.<\/p>\n<p>Locul apari\u021biei: Cluj-Napoca, editura MEGA<\/p>\n","protected":false},"excerpt":{"rendered":"<p>Volumul de fa\u021b\u0103 este primul dintr-o serie monografic\u0103 dedicat\u0103 descoperirilor sigilografice de pe teritoriul dobrogean (inclusiv zona aflat\u0103 ast\u0103zi \u00een Bulgaria). Sunt analizate aproximativ 300 de sigilii catalogate \u00een trei&#8230;<\/p>\n","protected":false},"featured_media":5363,"template":"","meta":[],"product_brand":[],"product_cat":[39],"product_tag":[],"class_list":{"0":"post-5362","1":"product","2":"type-product","3":"status-publish","4":"has-post-thumbnail","6":"product_cat-carte","8":"first","9":"outofstock","10":"shipping-taxable","11":"purchasable","12":"product-type-simple"},"_links":{"self":[{"href":"https:\/\/mnir.ro\/shop\/index.php\/wp-json\/wp\/v2\/product\/5362","targetHints":{"allow":["GET"]}}],"collection":[{"href":"https:\/\/mnir.ro\/shop\/index.php\/wp-json\/wp\/v2\/product"}],"about":[{"href":"https:\/\/mnir.ro\/shop\/index.php\/wp-json\/wp\/v2\/types\/product"}],"wp:featuredmedia":[{"embeddable":true,"href":"https:\/\/mnir.ro\/shop\/index.php\/wp-json\/wp\/v2\/media\/5363"}],"wp:attachment":[{"href":"https:\/\/mnir.ro\/shop\/index.php\/wp-json\/wp\/v2\/media?parent=5362"}],"wp:term":[{"taxonomy":"product_brand","embeddable":true,"href":"https:\/\/mnir.ro\/shop\/index.php\/wp-json\/wp\/v2\/product_brand?post=5362"},{"taxonomy":"product_cat","embeddable":true,"href":"https:\/\/mnir.ro\/shop\/index.php\/wp-json\/wp\/v2\/product_cat?post=5362"},{"taxonomy":"product_tag","embeddable":true,"href":"https:\/\/mnir.ro\/shop\/index.php\/wp-json\/wp\/v2\/product_tag?post=5362"}],"curies":[{"name":"wp","href":"https:\/\/api.w.org\/{rel}","templated":true}]}}