{"id":5359,"date":"2021-01-22T10:49:14","date_gmt":"2021-01-22T08:49:14","guid":{"rendered":"https:\/\/mnir.ro\/shop\/?post_type=product&#038;p=5359"},"modified":"2021-02-24T15:07:21","modified_gmt":"2021-02-24T13:07:21","slug":"codex-altemberger-primul-cod-de-legi-al-sasilor-din-sibiu","status":"publish","type":"product","link":"https:\/\/mnir.ro\/shop\/index.php\/produs\/codex-altemberger-primul-cod-de-legi-al-sasilor-din-sibiu\/","title":{"rendered":"Codex Altemberger. Primul cod de legi al sa\u0219ilor din Sibiu"},"content":{"rendered":"<p>Codex Altemberger. Primul cod de legi al sa\u0219ilor din Sibiu. Edi\u021bie anastatic\u0103, precedat\u0103 de o parte introductiv\u0103 bilingv\u0103 \u00een limba rom\u00e2n\u0103 \u0219i limba englez\u0103<\/p>\n<p><em>Editor<\/em><em>: dr. Ginel Laz<\/em><em>\u0103r<\/em><\/p>\n<p><em>Machetare grafic\u0103<\/em><em>: dir. adj. dr. <\/em><em>Cornel Ilie<\/em><\/p>\n<p><em>ISBN 978-973-0-29638-9<\/em><\/p>\n<p><em>Loc de apari<\/em><em>\u021bie<\/em><em>: Bucure<\/em><em>\u0219ti, 2019<\/em><\/p>\n<p><strong><em>\u00a0<\/em><\/strong>Manuscrisul medieval, copiat \u00een atelierul pictorului Nicolaus din Praga, reprezint\u0103 \u201eBiblia\u201c sa\u0219ilor din Sibiu, iar destinele sale se leag\u0103 de ale primarului urbei, Thomas Altemberger, posibilul cump\u0103r\u0103tor al manuscrisului cu caracter legislativ, care, \u00eentr-un final, \u00eei va purta \u0219i numele. Codexul a devenit din anul 1481 un reper important pentru \u00eenvestitura oficialilor sibieni.<\/p>\n<p>Aflat la momentul actual \u00een patrimoniul Muzeului Na\u021bional de Istorie din Bucure\u0219ti, nr. inv. 47606 (Colec\u021bia de carte veche), manuscrisul denumit <em>Codex Altemberger<\/em> s-a reg\u0103sit anterior \u00een proprietatea municipalit\u0103\u021bii sibiene timp de trei secole (1481- sec. XVIII), de unde a migrat \u00een biblioteca particular\u0103 a baronului Samuel von Brukenthal (1721-1803), guvernator al Transilvaniei \u0219i mare bibliofil, pentru a ajunge \u00een colec\u021biile muzeului ora\u0219ului Sibiu, deschis \u00een Palatul Brukenthal \u00een anul 1817 \u0219i administrat oficial de c\u0103tre Biserica Evanghelic\u0103, cu cota \u201eBiblioteca Brukenthal, Ms. LXXVI\u201c, unde a fost p\u0103strat p\u00e2n\u0103 \u00een 1971. <em>Codex Altemberger<\/em> prezint\u0103 urm\u0103toarele repere fizice: este un tom manuscris pe pergament, cu 184 foi cu dimensiunea de 340 x 240 mm. Oglinda paginii cuprinde dou\u0103 coloane desp\u0103r\u021bite de un spa\u021biu intermediar, de obicei umplut cu decor vegetal, liniate cu cerneal\u0103 ro\u0219ie \u0219i neagr\u0103. Manuscrisul a fost redactat \u00eentr-un dialect medieval german identificat de c\u0103tre speciali\u0219ti drept<em> Oberdeutsch allemannisch<\/em>. Con\u021bine dou\u0103 file miniate complet: \u201earborele consagvinit\u0103\u021bii\u201c \u0219i scena canonic\u0103 \u201eR\u0103stignirea M\u00e2ntuitorului\u201c, ultima fil\u0103 fiind urmat\u0103 de un colofon, redactat \u00een limba latin\u0103 la comanda lui Thomas Altemberger, atest\u00e2nd anul 1481, al nou\u0103lea an de la investitur\u0103 de primar. Leg\u0103tur\u0103 tomului este una simpl\u0103, func\u021bional\u0103, uzual\u0103 pentru un interval medieval larg: leg\u0103tur\u0103 plin\u0103, cu piele ro\u0219cat\u0103 pe t\u0103blii de lemn \u0219i cu piese metalice (6 butoni fa\u021b\u0103, cinci spate), dou\u0103 curele de \u00eenchidere. Aceast\u0103 leg\u0103tur\u0103 a suferit interven\u021bii moderne de restaurare, cu preluarea elementelor originale, o interven\u021bie indicat\u0103 cu eticheta din interiorul coper\u021bii spate \u201erestaurat Werner Bossert 1961\u201d. \u00cen cuprinsul manuscrisului pot fi identificate \u0219ase p\u0103r\u021bi, care formeaz\u0103 la r\u00e2ndul lor dou\u0103 unit\u0103\u021bi textuale distincte din punct de vedere cronologic: <em>registrul<\/em> de materii al volumului (f. 1[2]r-25[26]v), \u201eOglinda \u0219vabilor\u201c (f. 28[29]r-136[137]v), \u201eDreptul municipal de Magdeburg \u00eempreun\u0103 cu jur\u0103m\u00e2ntul evreilor\u201d (f. 137[138]v-162[163]r) \u0219i \u201eDreptul minier \u0219i urban de Jihlava\u201d (f. 164[165]r-182[183]r) reprezint\u0103 unitatea tematic\u0103 primar\u0103, \u00een timp ce f. 182[183]v con\u021bin\u00e2nd \u201eJur\u0103m\u00e2ntul oficialilor municipali din Sibiu\u201d \u0219i colofonul (f. 183[184]r) au fost ad\u0103ugate ulterior, \u00een Sibiu, la sf\u00e2r\u0219itul secolului al XV-lea.<\/p>\n<p><strong><em>\u00a0<\/em><\/strong><strong><em>\u00a0<\/em><\/strong><\/p>\n<p><strong><em>CODEX ALTEMBERGER. THE FIRST LEGAL CODE OF THE TRANSYLVANIAN SAXONS IN SIBIU<\/em><\/strong><\/p>\n<p><em>An anastatic edition, with a bilingual introduction (in Romanian and English)<\/em><\/p>\n<p>An anastatic edition, containing a bilingual introduction, in Romanian and English (the Title page and editorial notes, the Contents, critical expert studies with bibliography, all of them translated into English), as well as the digitized original volume, published by the National Museum of Romanian History (MNIR).<\/p>\n<p>Address: 12, Calea Victoriei, district 3, Bucharest.<\/p>\n<p>www. mnir.ro<\/p>\n","protected":false},"excerpt":{"rendered":"<p>Codex Altemberger. Primul cod de legi al sa\u0219ilor din Sibiu. Edi\u021bie anastatic\u0103, precedat\u0103 de o parte introductiv\u0103 bilingv\u0103 \u00een limba rom\u00e2n\u0103 \u0219i limba englez\u0103 Editor: dr. Ginel Laz\u0103r Machetare grafic\u0103:&#8230;<\/p>\n","protected":false},"featured_media":5360,"template":"","meta":[],"product_brand":[],"product_cat":[166],"product_tag":[],"class_list":{"0":"post-5359","1":"product","2":"type-product","3":"status-publish","4":"has-post-thumbnail","6":"product_cat-editie-anastatica","8":"first","9":"instock","10":"shipping-taxable","11":"purchasable","12":"product-type-simple"},"_links":{"self":[{"href":"https:\/\/mnir.ro\/shop\/index.php\/wp-json\/wp\/v2\/product\/5359","targetHints":{"allow":["GET"]}}],"collection":[{"href":"https:\/\/mnir.ro\/shop\/index.php\/wp-json\/wp\/v2\/product"}],"about":[{"href":"https:\/\/mnir.ro\/shop\/index.php\/wp-json\/wp\/v2\/types\/product"}],"wp:featuredmedia":[{"embeddable":true,"href":"https:\/\/mnir.ro\/shop\/index.php\/wp-json\/wp\/v2\/media\/5360"}],"wp:attachment":[{"href":"https:\/\/mnir.ro\/shop\/index.php\/wp-json\/wp\/v2\/media?parent=5359"}],"wp:term":[{"taxonomy":"product_brand","embeddable":true,"href":"https:\/\/mnir.ro\/shop\/index.php\/wp-json\/wp\/v2\/product_brand?post=5359"},{"taxonomy":"product_cat","embeddable":true,"href":"https:\/\/mnir.ro\/shop\/index.php\/wp-json\/wp\/v2\/product_cat?post=5359"},{"taxonomy":"product_tag","embeddable":true,"href":"https:\/\/mnir.ro\/shop\/index.php\/wp-json\/wp\/v2\/product_tag?post=5359"}],"curies":[{"name":"wp","href":"https:\/\/api.w.org\/{rel}","templated":true}]}}