{"id":5354,"date":"2021-01-18T13:41:52","date_gmt":"2021-01-18T11:41:52","guid":{"rendered":"https:\/\/mnir.ro\/shop\/?post_type=product&#038;p=5354"},"modified":"2023-02-07T11:58:35","modified_gmt":"2023-02-07T09:58:35","slug":"revista-muzeul-national-nr-xxxii-2020","status":"publish","type":"product","link":"https:\/\/mnir.ro\/shop\/index.php\/produs\/revista-muzeul-national-nr-xxxii-2020\/","title":{"rendered":"Revista \u201eMuzeul Na\u021bional\u201d nr. 32\/2020"},"content":{"rendered":"<p>Num\u0103rul XXXII al revistei \u201eMuzeul Na\u021bional\u201d cuprinde 16 de articole pe teme istorice interesante, cu informa\u021bii \u0219i imagini inedite \u0219i acoperind, din punct de vedere cronologic, Evul Mediu, Epoca Modern\u0103 \u0219i cea Contemporan\u0103, p\u00e2n\u0103 \u00een perioada comunist\u0103. Al\u0103turi de muzeografii \u0219i cercet\u0103torii muzeului, \u00een acest num\u0103r au publicat cercet\u0103ri inedite \u0219i al\u021bi istorici, dintre care \u00eei amintim pe dr. Daniel Dieaconu, cu studiul dedicat lui <em>Ciprian Porumbescu \u0219i lupta pentru emanciparea na\u021bional\u0103 a Bucovinei<\/em>, dr. Ion R\u00e2\u0219noveanu, cu studiul despre <em>M\u0103suri politico-militare luate de statul rom\u00e2n pentru ap\u0103rarea terestr\u0103 a Dobrogei \u00een perioada interbelic\u0103 <\/em>\u0219i dr. Narcis Dorin Ion, cu studiul despre <em>Palatul regelui Carol al II-lea de la Scrovi\u0219tea, jude\u021bul Ilfov<\/em>.<\/p>\n<p>De asemenea, volumul con\u021bine o sec\u021biune dedicat\u0103 contribu\u021biilor din domeniul Restaur\u0103rii \u0219i al Investiga\u021biilor Fizico-Chimice \u0219i Biologice, precum \u0219i dou\u0103 recenzii.<\/p>\n<h2 class=\"woocommerce-loop-product__title\"><\/h2>\n","protected":false},"excerpt":{"rendered":"<p>Num\u0103rul XXXII al revistei \u201eMuzeul Na\u021bional\u201d cuprinde 16 de articole pe teme istorice interesante, cu informa\u021bii \u0219i imagini inedite \u0219i acoperind, din punct de vedere cronologic, Evul Mediu, Epoca Modern\u0103&#8230;<\/p>\n","protected":false},"featured_media":5355,"template":"","meta":[],"product_brand":[],"product_cat":[125],"product_tag":[],"class_list":{"0":"post-5354","1":"product","2":"type-product","3":"status-publish","4":"has-post-thumbnail","6":"product_cat-anuar","8":"first","9":"instock","10":"shipping-taxable","11":"purchasable","12":"product-type-simple"},"_links":{"self":[{"href":"https:\/\/mnir.ro\/shop\/index.php\/wp-json\/wp\/v2\/product\/5354","targetHints":{"allow":["GET"]}}],"collection":[{"href":"https:\/\/mnir.ro\/shop\/index.php\/wp-json\/wp\/v2\/product"}],"about":[{"href":"https:\/\/mnir.ro\/shop\/index.php\/wp-json\/wp\/v2\/types\/product"}],"wp:featuredmedia":[{"embeddable":true,"href":"https:\/\/mnir.ro\/shop\/index.php\/wp-json\/wp\/v2\/media\/5355"}],"wp:attachment":[{"href":"https:\/\/mnir.ro\/shop\/index.php\/wp-json\/wp\/v2\/media?parent=5354"}],"wp:term":[{"taxonomy":"product_brand","embeddable":true,"href":"https:\/\/mnir.ro\/shop\/index.php\/wp-json\/wp\/v2\/product_brand?post=5354"},{"taxonomy":"product_cat","embeddable":true,"href":"https:\/\/mnir.ro\/shop\/index.php\/wp-json\/wp\/v2\/product_cat?post=5354"},{"taxonomy":"product_tag","embeddable":true,"href":"https:\/\/mnir.ro\/shop\/index.php\/wp-json\/wp\/v2\/product_tag?post=5354"}],"curies":[{"name":"wp","href":"https:\/\/api.w.org\/{rel}","templated":true}]}}