{"id":5314,"date":"2020-12-21T12:21:01","date_gmt":"2020-12-21T10:21:01","guid":{"rendered":"https:\/\/mnir.ro\/shop\/?post_type=product&#038;p=5314"},"modified":"2020-12-21T12:22:48","modified_gmt":"2020-12-21T10:22:48","slug":"teatrele-din-romania-scurta-istorie-ilustrata","status":"publish","type":"product","link":"https:\/\/mnir.ro\/shop\/index.php\/produs\/teatrele-din-romania-scurta-istorie-ilustrata\/","title":{"rendered":"Teatrele din Rom\u00e2nia. Scurt\u0103 istorie ilustrat\u0103"},"content":{"rendered":"<p><em>Teatrele din Rom\u00e2nia. Scurt\u0103 istorie ilustrat\u0103<\/em>, coordonatori Oana Ilie, Alexandra M\u0103r\u0103\u0219oiu, Muzeul Na\u021bional de Istorie a Rom\u00e2niei, Bucure\u0219ti, 2020, ISBN 978-973-0-33008-3<\/p>\n<p><em>Teatrele din Rom\u00e2nia. Scurt\u0103 istorie ilustrat\u0103, <\/em>realizat \u00een cadrul proiectului \u201eImago Romaniae\u201d, prezint\u0103 scurte istorii ale cl\u0103dirilor teatrelor din Rom\u00e2nia, cu referiri la \u00eenceputurile mi\u0219c\u0103rii teatrale din \u021aara Rom\u00e2neasc\u0103 \u0219i Moldova (ulterior Principatele Unite \u0219i apoi Rom\u00e2nia) \u0219i din provinciile rom\u00e2ne\u0219ti aflate sub st\u0103p\u00e2nire str\u0103in\u0103 (Transilvania, Banat, Maramure\u0219, Cri\u0219ana, Bucovina, Basarabia).<\/p>\n<p>Volumul cuprinde istoria Teatrelor Na\u021bionale din Bucure\u0219ti, Ia\u0219i, Cluj, Cern\u0103u\u021bi, Chi\u0219in\u0103u, Craiova, apoi pe a celor din Alba Iulia, Arad, Bac\u0103u, Boto\u0219ani, Br\u0103ila (cu dou\u0103 teatre), Caracal, Carei, a Teatrului de Var\u0103 din Cluj, Corabia, Deva, Foc\u0219ani, Gala\u021bi, Lugoj, Oradea, Oravi\u021ba, Piatra Neam\u021b, Pite\u0219ti, R\u00e2mnicul S\u0103rat, Satu Mare, Sibiu, Tecuci, Timi\u0219oara, Turda, Turnu-Severin, Vaslui, precum \u0219i aspecte privind via\u021ba teatral\u0103 rom\u00e2neasc\u0103 din primele decenii ale secolul al XIX-lea \u0219i p\u00e2n\u0103 \u00een perioada interbelic\u0103.<\/p>\n<p><em>Teatrele din Rom\u00e2nia. Scurt\u0103 istorie ilustrat\u0103 <\/em>este o edi\u021bie de colec\u021bie, care \u00eembin\u0103 armonios informa\u021bia istoric\u0103 \u0219i o ilustra\u021bie bogat\u0103 \u0219i par\u021bial inedit\u0103.<\/p>\n","protected":false},"excerpt":{"rendered":"<p>Teatrele din Rom\u00e2nia. Scurt\u0103 istorie ilustrat\u0103, coordonatori Oana Ilie, Alexandra M\u0103r\u0103\u0219oiu, Muzeul Na\u021bional de Istorie a Rom\u00e2niei, Bucure\u0219ti, 2020, ISBN 978-973-0-33008-3 Teatrele din Rom\u00e2nia. Scurt\u0103 istorie ilustrat\u0103, realizat \u00een cadrul&#8230;<\/p>\n","protected":false},"featured_media":5316,"template":"","meta":[],"product_brand":[],"product_cat":[155,123],"product_tag":[],"class_list":{"0":"post-5314","1":"product","2":"type-product","3":"status-publish","4":"has-post-thumbnail","6":"product_cat-fara-categorie","7":"product_cat-catalog-de-colectie","9":"first","10":"instock","11":"shipping-taxable","12":"purchasable","13":"product-type-simple"},"_links":{"self":[{"href":"https:\/\/mnir.ro\/shop\/index.php\/wp-json\/wp\/v2\/product\/5314","targetHints":{"allow":["GET"]}}],"collection":[{"href":"https:\/\/mnir.ro\/shop\/index.php\/wp-json\/wp\/v2\/product"}],"about":[{"href":"https:\/\/mnir.ro\/shop\/index.php\/wp-json\/wp\/v2\/types\/product"}],"wp:featuredmedia":[{"embeddable":true,"href":"https:\/\/mnir.ro\/shop\/index.php\/wp-json\/wp\/v2\/media\/5316"}],"wp:attachment":[{"href":"https:\/\/mnir.ro\/shop\/index.php\/wp-json\/wp\/v2\/media?parent=5314"}],"wp:term":[{"taxonomy":"product_brand","embeddable":true,"href":"https:\/\/mnir.ro\/shop\/index.php\/wp-json\/wp\/v2\/product_brand?post=5314"},{"taxonomy":"product_cat","embeddable":true,"href":"https:\/\/mnir.ro\/shop\/index.php\/wp-json\/wp\/v2\/product_cat?post=5314"},{"taxonomy":"product_tag","embeddable":true,"href":"https:\/\/mnir.ro\/shop\/index.php\/wp-json\/wp\/v2\/product_tag?post=5314"}],"curies":[{"name":"wp","href":"https:\/\/api.w.org\/{rel}","templated":true}]}}