{"id":5295,"date":"2020-11-27T16:08:39","date_gmt":"2020-11-27T14:08:39","guid":{"rendered":"https:\/\/mnir.ro\/shop\/?post_type=product&#038;p=5295"},"modified":"2020-11-27T16:19:00","modified_gmt":"2020-11-27T14:19:00","slug":"cercetari-arheologice-xxvi-2019","status":"publish","type":"product","link":"https:\/\/mnir.ro\/shop\/index.php\/produs\/cercetari-arheologice-xxvi-2019\/","title":{"rendered":"Cercet\u0103ri Arheologice XXVI\/ 2019"},"content":{"rendered":"<p>Revista <strong>Cercet\u0103ri Arheologice XXVI\/2019<\/strong>, cuprinde rapoarte arheologice (cinci), studii (patru), recenzii (trei) preacum \u0219i cercetarea arheologic\u0103 din anii 2018-2019 desf\u0103\u0219urat\u0103 de c\u0103tre arheologi ai Muzeului Na\u021bional de Istorie a Rom\u00e2niei. Prima rubric\u0103 are o actualizare a frontierei romane din Dobrogea, s\u0103p\u0103turile arheologice recente de la Poarta Mese\u0219an\u0103 (jud. S\u0103laj), cercet\u0103ri arheologice din castrul roman de la B\u0103neasa, poarta principal\u0103 a fortifica\u021biei romande de la Capidava (jud. Constan\u021ba) \u0219i situl medieval de la Marca-Sf\u0103r\u0103ua\u0219 I (jud. S\u0103laj).<\/p>\n<p>Studiile abordeaz\u0103 probleme ale arheologiei pentru epoca roman\u0103, precum peisajul arheologic al castrului de la M\u0103l\u0103ie\u0219ti (jud. Prahova), artefacte din materii dure animale provenite din situl de la Ro\u0219iori (jud. Neam\u021b), br\u0103\u021b\u0103rile bizantine \u0219i post-bizantine din veacurile XI-XII\/\u00eenceputul secolului al XIII-lea de la nordul Dun\u0103rii \u0219i o sob\u0103 cu cahle descoperit\u0103 la Ora\u0219ul de Floci (com. Giurgeni, jud. Ialomi\u021ba), datat\u0103 \u00een cursul secolului al XVI-lea.<\/p>\n<p>Recenziile aduc \u00een discu\u021bie at\u00e2t volume ap\u0103rute \u00een \u021bar\u0103, c\u00e2t \u0219i \u00een str\u0103in\u0103tate \u0219i sunt semnate de cercet\u0103tori din afara institu\u021biei.<\/p>\n<p>Contribu\u021biile apar\u021bin unor persoane din institu\u021bie, dar \u0219i din afara ei, at\u00e2t din Bucure\u0219ti, c\u00e2t \u0219i din alte centre de cercetare.<\/p>\n","protected":false},"excerpt":{"rendered":"<p>Revista Cercet\u0103ri Arheologice XXVI\/2019, cuprinde rapoarte arheologice (cinci), studii (patru), recenzii (trei) preacum \u0219i cercetarea arheologic\u0103 din anii 2018-2019 desf\u0103\u0219urat\u0103 de c\u0103tre arheologi ai Muzeului Na\u021bional de Istorie a Rom\u00e2niei&#8230;.<\/p>\n","protected":false},"featured_media":5296,"template":"","meta":[],"product_brand":[],"product_cat":[125],"product_tag":[],"class_list":{"0":"post-5295","1":"product","2":"type-product","3":"status-publish","4":"has-post-thumbnail","6":"product_cat-anuar","8":"first","9":"instock","10":"shipping-taxable","11":"purchasable","12":"product-type-simple"},"_links":{"self":[{"href":"https:\/\/mnir.ro\/shop\/index.php\/wp-json\/wp\/v2\/product\/5295","targetHints":{"allow":["GET"]}}],"collection":[{"href":"https:\/\/mnir.ro\/shop\/index.php\/wp-json\/wp\/v2\/product"}],"about":[{"href":"https:\/\/mnir.ro\/shop\/index.php\/wp-json\/wp\/v2\/types\/product"}],"wp:featuredmedia":[{"embeddable":true,"href":"https:\/\/mnir.ro\/shop\/index.php\/wp-json\/wp\/v2\/media\/5296"}],"wp:attachment":[{"href":"https:\/\/mnir.ro\/shop\/index.php\/wp-json\/wp\/v2\/media?parent=5295"}],"wp:term":[{"taxonomy":"product_brand","embeddable":true,"href":"https:\/\/mnir.ro\/shop\/index.php\/wp-json\/wp\/v2\/product_brand?post=5295"},{"taxonomy":"product_cat","embeddable":true,"href":"https:\/\/mnir.ro\/shop\/index.php\/wp-json\/wp\/v2\/product_cat?post=5295"},{"taxonomy":"product_tag","embeddable":true,"href":"https:\/\/mnir.ro\/shop\/index.php\/wp-json\/wp\/v2\/product_tag?post=5295"}],"curies":[{"name":"wp","href":"https:\/\/api.w.org\/{rel}","templated":true}]}}