{"id":5238,"date":"2020-10-09T14:23:53","date_gmt":"2020-10-09T11:23:53","guid":{"rendered":"https:\/\/mnir.ro\/shop\/?post_type=product&#038;p=5238"},"modified":"2023-01-12T13:40:19","modified_gmt":"2023-01-12T11:40:19","slug":"albumul-tezaurul","status":"publish","type":"product","link":"https:\/\/mnir.ro\/shop\/index.php\/produs\/albumul-tezaurul\/","title":{"rendered":"Albumul Tezaurul"},"content":{"rendered":"<p>Album Tezaurul (edi\u021bie bilingv\u0103 rom\u00e2n\u0103 \u2013 englez\u0103)<br \/>\nNr. de pagini:\u00a096<br \/>\nAn: 2009<\/p>\n<p>&nbsp;<\/p>\n<h2><em><strong>\u00a0 \u00a0 \u00a0 \u00a0 \u00a0 \u00a0<\/strong><\/em><\/h2>\n<h2><em><strong>\u00a0 \u00a0 \u00a0 \u00a0 \u00a0 \u00a0 \u00a0 \u00a0 \u00a0 \u00a0 \u00a0 \u00a0 \u00a0 \u00a0 \u00a0R\u0102SFOIE\u0218TE CATALOGUL :<\/strong><\/em><\/h2>\n<div class=\"_df_book df-lite\" id=\"df_5171\"  _slug=\"album-tezaur\" data-title=\"album-tezaur\" wpoptions=\"true\" thumb=\"https:\/\/mnir.ro\/shop\/wp-content\/uploads\/2020\/08\/Andreea_20200805_0001.jpg\" thumbtype=\"\" ><\/div><script class=\"df-shortcode-script\" nowprocket type=\"application\/javascript\">window.option_df_5171 = {\"webgl\":\"true\",\"outline\":[],\"height\":\"auto\",\"autoEnableOutline\":\"false\",\"autoEnableThumbnail\":\"false\",\"overwritePDFOutline\":\"false\",\"direction\":\"1\",\"source\":[\"https:\\\/\\\/mnir.ro\\\/shop\\\/wp-content\\\/uploads\\\/2020\\\/08\\\/Andreea_20200805_0001.jpg\",\"https:\\\/\\\/mnir.ro\\\/shop\\\/wp-content\\\/uploads\\\/2020\\\/08\\\/Andreea_20200805_0003.jpg\",\"https:\\\/\\\/mnir.ro\\\/shop\\\/wp-content\\\/uploads\\\/2020\\\/08\\\/Andreea_20200805_0004.jpg\",\"https:\\\/\\\/mnir.ro\\\/shop\\\/wp-content\\\/uploads\\\/2020\\\/08\\\/Andreea_20200805_0005.jpg\",\"https:\\\/\\\/mnir.ro\\\/shop\\\/wp-content\\\/uploads\\\/2020\\\/08\\\/Andreea_20200805_0006.jpg\",\"https:\\\/\\\/mnir.ro\\\/shop\\\/wp-content\\\/uploads\\\/2020\\\/08\\\/Andreea_20200805_0007.jpg\",\"https:\\\/\\\/mnir.ro\\\/shop\\\/wp-content\\\/uploads\\\/2020\\\/08\\\/Andreea_20200805_0008.jpg\",\"https:\\\/\\\/mnir.ro\\\/shop\\\/wp-content\\\/uploads\\\/2020\\\/08\\\/Andreea_20200805_0009.jpg\",\"https:\\\/\\\/mnir.ro\\\/shop\\\/wp-content\\\/uploads\\\/2020\\\/08\\\/Andreea_20200805_0010.jpg\",\"https:\\\/\\\/mnir.ro\\\/shop\\\/wp-content\\\/uploads\\\/2020\\\/08\\\/Andreea_20200805_0011.jpg\",\"https:\\\/\\\/mnir.ro\\\/shop\\\/wp-content\\\/uploads\\\/2020\\\/08\\\/Andreea_20200805_0012.jpg\",\"https:\\\/\\\/mnir.ro\\\/shop\\\/wp-content\\\/uploads\\\/2020\\\/08\\\/Andreea_20200805_0013.jpg\",\"https:\\\/\\\/mnir.ro\\\/shop\\\/wp-content\\\/uploads\\\/2020\\\/08\\\/Andreea_20200805_0014.jpg\",\"https:\\\/\\\/mnir.ro\\\/shop\\\/wp-content\\\/uploads\\\/2020\\\/08\\\/Andreea_20200805_0015.jpg\",\"https:\\\/\\\/mnir.ro\\\/shop\\\/wp-content\\\/uploads\\\/2020\\\/08\\\/Andreea_20200805_0016.jpg\",\"https:\\\/\\\/mnir.ro\\\/shop\\\/wp-content\\\/uploads\\\/2020\\\/08\\\/Andreea_20200805_0017.jpg\",\"https:\\\/\\\/mnir.ro\\\/shop\\\/wp-content\\\/uploads\\\/2020\\\/08\\\/Andreea_20200805_0018.jpg\",\"https:\\\/\\\/mnir.ro\\\/shop\\\/wp-content\\\/uploads\\\/2020\\\/08\\\/Andreea_20200805_0019.jpg\",\"https:\\\/\\\/mnir.ro\\\/shop\\\/wp-content\\\/uploads\\\/2020\\\/08\\\/Andreea_20200805_0020.jpg\",\"https:\\\/\\\/mnir.ro\\\/shop\\\/wp-content\\\/uploads\\\/2020\\\/08\\\/Andreea_20200805_0021.jpg\",\"https:\\\/\\\/mnir.ro\\\/shop\\\/wp-content\\\/uploads\\\/2020\\\/08\\\/Andreea_20200805_0022.jpg\",\"https:\\\/\\\/mnir.ro\\\/shop\\\/wp-content\\\/uploads\\\/2020\\\/08\\\/Andreea_20200805_0023.jpg\",\"https:\\\/\\\/mnir.ro\\\/shop\\\/wp-content\\\/uploads\\\/2020\\\/08\\\/Andreea_20200805_0024.jpg\",\"https:\\\/\\\/mnir.ro\\\/shop\\\/wp-content\\\/uploads\\\/2020\\\/08\\\/Tezaur.jpg\"],\"wpOptions\":\"true\",\"links\":[[],[],[],[],[],[],[],[],[],[],[],[],[],[],[],[],[],[],[],[],[],[],[],[],[]]}; if(window.DFLIP && window.DFLIP.parseBooks){window.DFLIP.parseBooks();}<\/script>\n","protected":false},"excerpt":{"rendered":"<p>Album Tezaurul (edi\u021bie bilingv\u0103 rom\u00e2n\u0103 \u2013 englez\u0103) Nr. de pagini:\u00a096 An: 2009 &nbsp; \u00a0 \u00a0 \u00a0 \u00a0 \u00a0 \u00a0 \u00a0 \u00a0 \u00a0 \u00a0 \u00a0 \u00a0 \u00a0 \u00a0 \u00a0 \u00a0 \u00a0&#8230;<\/p>\n","protected":false},"featured_media":4183,"template":"","meta":[],"product_brand":[],"product_cat":[28],"product_tag":[],"class_list":{"0":"post-5238","1":"product","2":"type-product","3":"status-publish","4":"has-post-thumbnail","6":"product_cat-album","8":"first","9":"instock","10":"shipping-taxable","11":"purchasable","12":"product-type-simple"},"_links":{"self":[{"href":"https:\/\/mnir.ro\/shop\/index.php\/wp-json\/wp\/v2\/product\/5238","targetHints":{"allow":["GET"]}}],"collection":[{"href":"https:\/\/mnir.ro\/shop\/index.php\/wp-json\/wp\/v2\/product"}],"about":[{"href":"https:\/\/mnir.ro\/shop\/index.php\/wp-json\/wp\/v2\/types\/product"}],"wp:featuredmedia":[{"embeddable":true,"href":"https:\/\/mnir.ro\/shop\/index.php\/wp-json\/wp\/v2\/media\/4183"}],"wp:attachment":[{"href":"https:\/\/mnir.ro\/shop\/index.php\/wp-json\/wp\/v2\/media?parent=5238"}],"wp:term":[{"taxonomy":"product_brand","embeddable":true,"href":"https:\/\/mnir.ro\/shop\/index.php\/wp-json\/wp\/v2\/product_brand?post=5238"},{"taxonomy":"product_cat","embeddable":true,"href":"https:\/\/mnir.ro\/shop\/index.php\/wp-json\/wp\/v2\/product_cat?post=5238"},{"taxonomy":"product_tag","embeddable":true,"href":"https:\/\/mnir.ro\/shop\/index.php\/wp-json\/wp\/v2\/product_tag?post=5238"}],"curies":[{"name":"wp","href":"https:\/\/api.w.org\/{rel}","templated":true}]}}