{"id":5031,"date":"2020-02-11T16:23:39","date_gmt":"2020-02-11T14:23:39","guid":{"rendered":"https:\/\/mnir.ro\/shop\/?post_type=product&#038;p=5031"},"modified":"2023-02-07T11:56:09","modified_gmt":"2023-02-07T09:56:09","slug":"capodopere-din-patrimoniul-muzeului-national-de-istorie-a-romaniei-2019-masterpieces-from-the-patrimony-of-the-national-history-museum-of-romania-2019","status":"publish","type":"product","link":"https:\/\/mnir.ro\/shop\/index.php\/produs\/capodopere-din-patrimoniul-muzeului-national-de-istorie-a-romaniei-2019-masterpieces-from-the-patrimony-of-the-national-history-museum-of-romania-2019\/","title":{"rendered":"Capodopere din patrimoniul Muzeului Na\u021bional de Istorie a Rom\u00e2niei 2019\/ Masterpieces from the Patrimony of the National History Museum of Romania 2019"},"content":{"rendered":"<p><em>Capodopere din patrimoniul Muzeului Na\u021bional de Istorie a Rom\u00e2niei 2019\/Masterpieces from the Patrimony of the National History Museum of Romania 2019,\u00a0<\/em>lucrare coordonat\u0103 de c\u0103tre dr. Cornel Constantin Ilie, cuprinde istoria a unsprezece dintre cele mai importante bunuri culturale aflate \u00een patrimoniul Muzeului Na\u021bional de Istorie a Rom\u00e2niei. Acestea au fost studiate \u0219i publicate de c\u0103tre speciali\u0219tii muzeului, purt\u00e2nd cititorul prin istoria Rom\u00e2niei, \u00eencep\u00e2nd cu preistoria &#8211; piese de podoab\u0103 din bronz din perioada mijlocie a primei epoci a fierului (Hallstatt Mijlociu), vasul de aur de la Biia (secolul X-VIII \u00ee.Ch), coiful princiar getic din aur de la Co\u021bofene\u0219ti (sec. IV \u00ee.Ch) \u2013 \u0219i p\u00e2n\u0103 \u00een perioada contemporan\u0103, cu piese precum caseta de bijuterii a reginei Maria (1892-1893) \u0219i mai multe exemplare din Ordinul s\u00e2rbesc Sf\u00e2ntul Sava, decora\u021bie conferit\u0103, \u00een secolul al XX-lea, mai multor personalit\u0103\u021bi rom\u00e2ne.<\/p>\n<p>Lucrarea\u00a0<em>Capodopere din patrimoniul Muzeului Na\u021bional de Istorie a Rom\u00e2niei 2019,\u00a0<\/em>este bilingv\u0103, rom\u00e2no-englez\u0103,<em>\u00a0<\/em>face parte din seria\u00a0<em>Capodopere,\u00a0<\/em>ini\u021biat\u0103 \u00een 2012.<\/p>\n<p>ISBN 978-973-0-30830-3<\/p>\n","protected":false},"excerpt":{"rendered":"<p>Capodopere din patrimoniul Muzeului Na\u021bional de Istorie a Rom\u00e2niei 2019\/Masterpieces from the Patrimony of the National History Museum of Romania 2019,\u00a0lucrare coordonat\u0103 de c\u0103tre dr. Cornel Constantin Ilie, cuprinde istoria&#8230;<\/p>\n","protected":false},"featured_media":5032,"template":"","meta":[],"product_brand":[],"product_cat":[39],"product_tag":[],"class_list":{"0":"post-5031","1":"product","2":"type-product","3":"status-publish","4":"has-post-thumbnail","6":"product_cat-carte","8":"first","9":"instock","10":"shipping-taxable","11":"purchasable","12":"product-type-simple"},"_links":{"self":[{"href":"https:\/\/mnir.ro\/shop\/index.php\/wp-json\/wp\/v2\/product\/5031","targetHints":{"allow":["GET"]}}],"collection":[{"href":"https:\/\/mnir.ro\/shop\/index.php\/wp-json\/wp\/v2\/product"}],"about":[{"href":"https:\/\/mnir.ro\/shop\/index.php\/wp-json\/wp\/v2\/types\/product"}],"wp:featuredmedia":[{"embeddable":true,"href":"https:\/\/mnir.ro\/shop\/index.php\/wp-json\/wp\/v2\/media\/5032"}],"wp:attachment":[{"href":"https:\/\/mnir.ro\/shop\/index.php\/wp-json\/wp\/v2\/media?parent=5031"}],"wp:term":[{"taxonomy":"product_brand","embeddable":true,"href":"https:\/\/mnir.ro\/shop\/index.php\/wp-json\/wp\/v2\/product_brand?post=5031"},{"taxonomy":"product_cat","embeddable":true,"href":"https:\/\/mnir.ro\/shop\/index.php\/wp-json\/wp\/v2\/product_cat?post=5031"},{"taxonomy":"product_tag","embeddable":true,"href":"https:\/\/mnir.ro\/shop\/index.php\/wp-json\/wp\/v2\/product_tag?post=5031"}],"curies":[{"name":"wp","href":"https:\/\/api.w.org\/{rel}","templated":true}]}}