{"id":5025,"date":"2020-01-31T13:42:06","date_gmt":"2020-01-31T11:42:06","guid":{"rendered":"https:\/\/mnir.ro\/shop\/?post_type=product&#038;p=5025"},"modified":"2021-01-29T14:47:39","modified_gmt":"2021-01-29T12:47:39","slug":"cercetari-numismatice-xxv","status":"publish","type":"product","link":"https:\/\/mnir.ro\/shop\/index.php\/produs\/cercetari-numismatice-xxv\/","title":{"rendered":"Cercet\u0103ri Numismatice XXV"},"content":{"rendered":"<div>Jurnal \u0219tiin\u021bific cu apari\u021bie anual\u0103, dedicat studiilor de numismatic\u0103 \u0219i \u0219tiin\u021belor auxiliare.<\/div>\n<div dir=\"ltr\"><span style=\"color: #444444;font-family: arial, sans-serif\">Acest volum al publica\u021biei editate de Cabinetul Numismatic al Muzeului Na\u021bional de Istorie a Rom\u00e2niei cuprinde \u00een cele 352 de pagini un num\u0103r de 16 contribu\u021bii \u0219tiin\u021bifice, redactate at\u00e2t de speciali\u0219ti din cadrul muzeului, c\u00e2t \u0219i de speciali\u0219ti din alte institu\u021bii rom\u00e2ne\u0219ti. Cercet\u0103rile \u00eentreprinse de ace\u0219tia acoper\u0103 o arie generoas\u0103 din domeniul numismatic, \u00een paginile publica\u021biei fiind abordate subiecte din domeniul numismaticii antice, medievale, moderne \u0219i contemporane, precum \u0219i subiecte din domeniile medalisticii, sigilografiei \u0219i genealogiei.\u00a0<\/span><\/div>\n","protected":false},"excerpt":{"rendered":"<p>Jurnal \u0219tiin\u021bific cu apari\u021bie anual\u0103, dedicat studiilor de numismatic\u0103 \u0219i \u0219tiin\u021belor auxiliare. Acest volum al publica\u021biei editate de Cabinetul Numismatic al Muzeului Na\u021bional de Istorie a Rom\u00e2niei cuprinde \u00een cele&#8230;<\/p>\n","protected":false},"featured_media":5024,"template":"","meta":[],"product_brand":[],"product_cat":[39],"product_tag":[],"class_list":{"0":"post-5025","1":"product","2":"type-product","3":"status-publish","4":"has-post-thumbnail","6":"product_cat-carte","8":"first","9":"instock","10":"shipping-taxable","11":"purchasable","12":"product-type-simple"},"_links":{"self":[{"href":"https:\/\/mnir.ro\/shop\/index.php\/wp-json\/wp\/v2\/product\/5025","targetHints":{"allow":["GET"]}}],"collection":[{"href":"https:\/\/mnir.ro\/shop\/index.php\/wp-json\/wp\/v2\/product"}],"about":[{"href":"https:\/\/mnir.ro\/shop\/index.php\/wp-json\/wp\/v2\/types\/product"}],"wp:featuredmedia":[{"embeddable":true,"href":"https:\/\/mnir.ro\/shop\/index.php\/wp-json\/wp\/v2\/media\/5024"}],"wp:attachment":[{"href":"https:\/\/mnir.ro\/shop\/index.php\/wp-json\/wp\/v2\/media?parent=5025"}],"wp:term":[{"taxonomy":"product_brand","embeddable":true,"href":"https:\/\/mnir.ro\/shop\/index.php\/wp-json\/wp\/v2\/product_brand?post=5025"},{"taxonomy":"product_cat","embeddable":true,"href":"https:\/\/mnir.ro\/shop\/index.php\/wp-json\/wp\/v2\/product_cat?post=5025"},{"taxonomy":"product_tag","embeddable":true,"href":"https:\/\/mnir.ro\/shop\/index.php\/wp-json\/wp\/v2\/product_tag?post=5025"}],"curies":[{"name":"wp","href":"https:\/\/api.w.org\/{rel}","templated":true}]}}