{"id":5018,"date":"2020-01-29T21:27:00","date_gmt":"2020-01-29T19:27:00","guid":{"rendered":"https:\/\/mnir.ro\/shop\/?post_type=product&#038;p=5018"},"modified":"2022-04-19T15:33:15","modified_gmt":"2022-04-19T12:33:15","slug":"scurta-istorie-a-drumurilor-de-fier-din-romania-a-short-history-of-romanian-iron-roads","status":"publish","type":"product","link":"https:\/\/mnir.ro\/shop\/index.php\/produs\/scurta-istorie-a-drumurilor-de-fier-din-romania-a-short-history-of-romanian-iron-roads\/","title":{"rendered":"Scurt\u0103 istorie a drumurilor de fier din Rom\u00e2nia\/ A short history of Romanian Iron Roads"},"content":{"rendered":"<p><em>Scurt\u0103 istorie a drumurilor de fier din Rom\u00e2nia\/ A short history of Romanian Iron Roads, <\/em>lucrare coordonat\u0103 de c\u0103tre Alexandra M\u0103r\u0103\u0219oiu \u0219i cu un layout realizat de c\u0103tre Cornel Ilie, este o cronologie a \u00eenceputurilor c\u0103ilor ferate rom\u00e2ne \u0219i a evolu\u021biei acestora p\u00e2n\u0103 la \u00eenceputul secolului al XX-lea, at\u00e2t \u00een Moldova \u0219i \u021aara Rom\u00e2neasc\u0103, c\u00e2t \u0219i \u00een Transilvania, Banat, Cri\u0219ana \u0219i Maramure\u0219, Basarabia \u0219i Bucovina.<\/p>\n<p><em>Scurt\u0103 istorie a drumurilor de fier din Rom\u00e2nia <\/em>valorific\u0103 fondul imagistic al Muzeului Na\u021bional de Istorie a Rom\u00e2niei, marea majoritate a fotografiilor fiind inedite. Lucrarea, ce este bilingv\u0103, rom\u00e2no-englez\u0103, este parte a seriei Imago Romaniae.<\/p>\n<p>ISBN 978-973-0-30790-7<\/p>\n","protected":false},"excerpt":{"rendered":"<p>Scurt\u0103 istorie a drumurilor de fier din Rom\u00e2nia\/ A short history of Romanian Iron Roads, lucrare coordonat\u0103 de c\u0103tre Alexandra M\u0103r\u0103\u0219oiu \u0219i cu un layout realizat de c\u0103tre Cornel Ilie,&#8230;<\/p>\n","protected":false},"featured_media":5019,"template":"","meta":[],"product_brand":[],"product_cat":[39],"product_tag":[],"class_list":{"0":"post-5018","1":"product","2":"type-product","3":"status-publish","4":"has-post-thumbnail","6":"product_cat-carte","8":"first","9":"instock","10":"shipping-taxable","11":"purchasable","12":"product-type-simple"},"_links":{"self":[{"href":"https:\/\/mnir.ro\/shop\/index.php\/wp-json\/wp\/v2\/product\/5018","targetHints":{"allow":["GET"]}}],"collection":[{"href":"https:\/\/mnir.ro\/shop\/index.php\/wp-json\/wp\/v2\/product"}],"about":[{"href":"https:\/\/mnir.ro\/shop\/index.php\/wp-json\/wp\/v2\/types\/product"}],"wp:featuredmedia":[{"embeddable":true,"href":"https:\/\/mnir.ro\/shop\/index.php\/wp-json\/wp\/v2\/media\/5019"}],"wp:attachment":[{"href":"https:\/\/mnir.ro\/shop\/index.php\/wp-json\/wp\/v2\/media?parent=5018"}],"wp:term":[{"taxonomy":"product_brand","embeddable":true,"href":"https:\/\/mnir.ro\/shop\/index.php\/wp-json\/wp\/v2\/product_brand?post=5018"},{"taxonomy":"product_cat","embeddable":true,"href":"https:\/\/mnir.ro\/shop\/index.php\/wp-json\/wp\/v2\/product_cat?post=5018"},{"taxonomy":"product_tag","embeddable":true,"href":"https:\/\/mnir.ro\/shop\/index.php\/wp-json\/wp\/v2\/product_tag?post=5018"}],"curies":[{"name":"wp","href":"https:\/\/api.w.org\/{rel}","templated":true}]}}