{"id":5014,"date":"2020-01-17T19:03:00","date_gmt":"2020-01-17T17:03:00","guid":{"rendered":"https:\/\/mnir.ro\/shop\/?post_type=product&#038;p=5014"},"modified":"2023-02-07T12:01:38","modified_gmt":"2023-02-07T10:01:38","slug":"numarul-31-al-revistei-muzeul-national","status":"publish","type":"product","link":"https:\/\/mnir.ro\/shop\/index.php\/produs\/numarul-31-al-revistei-muzeul-national\/","title":{"rendered":"Revista\u00a0\u201eMuzeul Na\u021bional\u201d nr. 31\/2019"},"content":{"rendered":"<p>Num\u0103rul 31 al revistei\u00a0<em>Muzeul na\u021bional<\/em>\u00a0cuprinde articole cu o tematic\u0103 variat\u0103, pornind de la Evul Mediu, continu\u00e2nd cu epoca modern\u0103 \u0219i ajung\u00e2nd p\u00e2n\u0103 la Primul R\u0103zboi Mondial \u0219i perioada comunist\u0103. C\u00e2teva dintre contribu\u021biile la acest num\u0103r sunt: Albert Weber, Adrian Gheorghe,\u00a0<em>Noi descoperiri din arhivele Italiei \u0219i Austriei cu privire la ultimul an din via\u021ba lui Vlad \u021aepe\u0219 (1476),\u00a0<\/em>Vasile Ciobanu,\u00a0<em>Germanii din Basarabia (1814-1940),\u00a0<\/em>George Trohani,\u00a0<em>C\u00e2teva \u201ebilete de vaccin\u201d din secolele XIX \u2013 XX,\u00a0<\/em>Narcis Dorin Ion,\u00a0<em>\u201eNoi, pribegii, r\u0103m\u00e2nem mistui\u021bi de dor\u201d.Ultimele scrisori ale Principesei Ileana c\u0103tre Alice Grunau.\u00a0<\/em>Acestora li se adaug\u0103 alte 12 articole, la fel de interesante \u0219i bine documentate.<\/p>\n<p>&nbsp;<\/p>\n<h2 class=\"woocommerce-loop-product__title\"><\/h2>\n","protected":false},"excerpt":{"rendered":"<p>Num\u0103rul 31 al revistei\u00a0<em>Muzeul na\u021bional<\/em>\u00a0cuprinde articole cu o tematic\u0103 variat\u0103, pornind de la Evul Mediu, continu\u00e2nd cu epoca modern\u0103 \u0219i ajung\u00e2nd p\u00e2n\u0103 la Primul R\u0103zboi Mondial \u0219i perioada comunist\u0103. C\u00e2teva dintre contribu\u021biile la acest num\u0103r sunt: Albert Weber, Adrian Gheorghe,\u00a0<em>Noi descoperiri din arhivele Italiei \u0219i Austriei cu privire la ultimul an din via\u021ba lui Vlad \u021aepe\u0219 (1476),\u00a0<\/em>Vasile Ciobanu,\u00a0<em>Germanii din Basarabia (1814-1940),\u00a0<\/em>George Trohani,\u00a0<em>C\u00e2teva \u201ebilete de vaccin\u201d din secolele XIX \u2013 XX,\u00a0<\/em>Narcis Dorin Ion,\u00a0<em>\u201eNoi, pribegii, r\u0103m\u00e2nem mistui\u021bi de dor\u201d.Ultimele scrisori ale Principesei Ileana c\u0103tre Alice Grunau.\u00a0<\/em>Acestora li se adaug\u0103 alte 12 articole, la fel de interesante \u0219i bine documentate.<\/p>\n","protected":false},"featured_media":5015,"template":"","meta":[],"product_brand":[],"product_cat":[125],"product_tag":[],"class_list":{"0":"post-5014","1":"product","2":"type-product","3":"status-publish","4":"has-post-thumbnail","6":"product_cat-anuar","8":"first","9":"instock","10":"shipping-taxable","11":"purchasable","12":"product-type-simple"},"_links":{"self":[{"href":"https:\/\/mnir.ro\/shop\/index.php\/wp-json\/wp\/v2\/product\/5014","targetHints":{"allow":["GET"]}}],"collection":[{"href":"https:\/\/mnir.ro\/shop\/index.php\/wp-json\/wp\/v2\/product"}],"about":[{"href":"https:\/\/mnir.ro\/shop\/index.php\/wp-json\/wp\/v2\/types\/product"}],"wp:featuredmedia":[{"embeddable":true,"href":"https:\/\/mnir.ro\/shop\/index.php\/wp-json\/wp\/v2\/media\/5015"}],"wp:attachment":[{"href":"https:\/\/mnir.ro\/shop\/index.php\/wp-json\/wp\/v2\/media?parent=5014"}],"wp:term":[{"taxonomy":"product_brand","embeddable":true,"href":"https:\/\/mnir.ro\/shop\/index.php\/wp-json\/wp\/v2\/product_brand?post=5014"},{"taxonomy":"product_cat","embeddable":true,"href":"https:\/\/mnir.ro\/shop\/index.php\/wp-json\/wp\/v2\/product_cat?post=5014"},{"taxonomy":"product_tag","embeddable":true,"href":"https:\/\/mnir.ro\/shop\/index.php\/wp-json\/wp\/v2\/product_tag?post=5014"}],"curies":[{"name":"wp","href":"https:\/\/api.w.org\/{rel}","templated":true}]}}