{"id":4951,"date":"2019-05-15T16:51:52","date_gmt":"2019-05-15T13:51:52","guid":{"rendered":"https:\/\/mnir.ro\/shop\/?post_type=product&#038;p=4951"},"modified":"2022-04-19T15:09:40","modified_gmt":"2022-04-19T12:09:40","slug":"civilizatia-taratului-asanestilor","status":"publish","type":"product","link":"https:\/\/mnir.ro\/shop\/index.php\/produs\/civilizatia-taratului-asanestilor\/","title":{"rendered":"Civiliza\u021bia \u021aaratului As\u0103ne\u0219tilor"},"content":{"rendered":"<p><em>Lucrarea<\/em><em>, intitulat\u0103 <\/em><em>Civiliza\u0163ia \u0162aratului As\u0103ne\u015ftilor, autor Ginel Laz<\/em><em>\u0103r, <\/em><em>reprezint\u0103 prima sintez\u0103 din istoriografia rom\u00e2neasc\u0103 destinat\u0103 exclusiv istoriei \u0219i civiliza<\/em><em>\u0163iei<\/em><em> balcanice a \u0162aratului As\u0103ne\u015ftilor. <\/em><em>Generala sa cuprindere (politic\u0103, militar\u0103, religioas\u0103, social\u0103 \u0219i cultural-<\/em><em>artistic\u0103) vine \u00een ajutorul unor probleme istoriografice nerezolvate, al unor controverse specifice ori <\/em><em>\u00een mai buna \u00een\u0163elegere a altor fenomene mai pu\u0163in sau deloc abordate p\u00e2n\u0103 \u00een prezent. <\/em><em>Realit\u0103\u0163ile istoriografice rom\u00e2ne\u015fti actuale, familiarizarea cu diferite aspecte ale balcanisticii medievale, c\u00e2t \u015fi preocup\u0103rile intelectuale ale autorului l-au determinat s\u0103 includ\u0103 \u00een demersul \u0219tiin\u021bific o analiz\u0103 critic\u0103 a Civiliza\u0163iei \u0162aratului As\u0103ne\u015ftilor, din care s\u0103 rezulte un studiu complex \u015fi detaliat asupra unui subiect care suscit\u0103 un viu interes. Propun\u00e2nd un proiect at\u00e2t de ambi\u0163ios precum lucrarea despre Civiliza\u0163ia \u0162aratului As\u0103ne\u015ftilor, autorul a con\u015ftientizat, pe de alt\u0103 parte, necesitatea dezvolt\u0103rii unor studii personale publicate \u00een ultimul deceniu referitoare la componentele importante ale civiliza\u0163iei vlaho-bulgare a As\u0103ne\u015ftilor. Sintagma Civiliza\u0163ia \u0162aratului As\u0103ne\u015ftilor genereaz\u0103 un orizont problematic specific, \u00eenc\u0103 din primul moment. Penuria surselor istorice, chestiunile litigioase \u00eenc\u0103 nel\u0103murite, descurajarea \u00een fa\u0163a problemelor de tot felul i-au determinat chiar \u015fi pe istoricii temerari s\u0103 abandoneze o tem\u0103 savuroas\u0103, dar extrem de provocatoare.<\/em><\/p>\n<p><em>Lucrarea dezv\u0103luie \u00een detalii aspectele prin care \u0162aratul As\u0103ne\u015ftilor a pendulat \u00eentre Roma \u015fi Bizan\u0163, \u00eentocmai ca \u015fi Primul \u0162arat bulgar. <\/em><em>Aceast\u0103 oscila\u0163ie \u00eentre Est \u015fi Vest a marcat altminteri \u015fi trecutul nostru. Bine conturat \u00een lucrare este \u015fi rolul cumanilor, poate \u015fi sub \u00eenr\u00e2urirea istoriografiei bulgare, tentat\u0103 s\u0103 supradimensioneze acest rol \u00een \u0162aratul As\u0103ne\u015ftilor, tocmai pentru a diminua \u00een chip implicit contribu\u0163ia vlahilor \u00een cursul acelor evenimente. \u00centruc\u00e2t discu\u0163ia privitoare la cumani a revenit \u00een istoriografia noastr\u0103 din ultimele decenii, subiectul are \u00een continuare relevan\u0163\u0103 pentru noi. Cu referire la izvoarele statului As\u0103ne\u015ftilor, e de avut \u00een vedere m\u0103sura \u00een care sub etnonimul cuman se afl\u0103 \u015fi vlahii, dup\u0103 cum ace\u015ftia sunt de c\u0103utat \u015fi sub etnonimul bulgar, ori sub alte sintagme sau arhaisme precum \u201emysienii\u201c. <\/em><\/p>\n<p><em>Pentru cititorul rom\u00e2n, care va g\u0103si \u00een lucrarea de fa\u0163\u0103 poate cea mai extins\u0103 \u015fi mai complet\u0103 istorie a Bulgariei medievale scris\u0103 pe limba sa, expunerea cuprinz\u0103toare care urmeaz\u0103 pune \u00een lumin\u0103 un fenomen de mare anvergur\u0103 istoric\u0103, care define\u015fte via\u0163a \u015fi crea\u0163ia comun\u0103 a popoarelor rom\u00e2n \u015fi bulgar de la \u00eenceputurile existen\u0163ei lor istorice p\u00e2n\u0103 c\u0103tre sf\u00e2r\u015fitul unei importante etape a evului mediu, cu urm\u0103ri durabile p\u00e2n\u0103 ast\u0103zi.<\/em><\/p>\n<p><em>Cartea pe care avem deosebita pl\u0103cere s-o recomand\u0103m cu toat\u0103 c\u0103ldura cititorilor no\u015ftri aduce contribu\u0163ii substan\u0163iale la l\u0103murirea acestor delicate chestiuni terminologice \u015fi istorice, confirm\u00e2nd \u00eenc\u0103 odat\u0103 mesajul, tulbur\u0103tor prin actualitatea lui, c\u0103 asemenea rom\u00e2nilor \u015fi bulgarilor, pentru toate popoarele Europei este mult mai puternic\u0103 \u015fi mai vizibil\u0103 comunitatea de via\u0163\u0103 \u015fi crea\u0163ia comun\u0103, dec\u00e2t separatismul \u015fi izolarea. <\/em><\/p>\n<p><em>Risipi\u0163i \u00een cea mai mare parte a Peninsulei Balcanice, \u00een enclave mai mari ori mai mici, care formau o p\u00e2nz\u0103 de popula\u0163ie vlah\u0103, rom\u00e2nii balcanici nu au putut forma p\u00e2n\u0103 la sf\u00e2r\u015fitul secolului al XII-lea un stat propriu, unde identitatea romanic\u0103 s\u0103 ias\u0103 \u00een eviden\u0163\u0103. Acest lucru s-a petrecut abia dup\u0103 r\u0103scoala antibizantin\u0103 izbucnit\u0103 \u00een Haemus (1185), unde puternicele grupuri de vlahi (rom\u00e2ni), ajutate \u015fi de bulgarii din regiune au ren\u0103scut spiritul statului bulgar, prin constituirea unui stat, devenit un adev\u0103rat \u0162arat, ce pe bun\u0103 dreptate poate fi catalogat drept al As\u0103ne\u015ftilor, dup\u0103 dinastia fondatoare de origine rom\u00e2n\u0103<\/em>.<\/p>\n","protected":false},"excerpt":{"rendered":"<p>Lucrarea, intitulat\u0103 Civiliza\u0163ia \u0162aratului As\u0103ne\u015ftilor, autor Ginel Laz\u0103r, reprezint\u0103 prima sintez\u0103 din istoriografia rom\u00e2neasc\u0103 destinat\u0103 exclusiv istoriei \u0219i civiliza\u0163iei balcanice a \u0162aratului As\u0103ne\u015ftilor. Generala sa cuprindere (politic\u0103, militar\u0103, religioas\u0103, social\u0103&#8230;<\/p>\n","protected":false},"featured_media":4952,"template":"","meta":[],"product_brand":[],"product_cat":[39],"product_tag":[],"class_list":{"0":"post-4951","1":"product","2":"type-product","3":"status-publish","4":"has-post-thumbnail","6":"product_cat-carte","8":"first","9":"instock","10":"shipping-taxable","11":"purchasable","12":"product-type-simple"},"_links":{"self":[{"href":"https:\/\/mnir.ro\/shop\/index.php\/wp-json\/wp\/v2\/product\/4951","targetHints":{"allow":["GET"]}}],"collection":[{"href":"https:\/\/mnir.ro\/shop\/index.php\/wp-json\/wp\/v2\/product"}],"about":[{"href":"https:\/\/mnir.ro\/shop\/index.php\/wp-json\/wp\/v2\/types\/product"}],"wp:featuredmedia":[{"embeddable":true,"href":"https:\/\/mnir.ro\/shop\/index.php\/wp-json\/wp\/v2\/media\/4952"}],"wp:attachment":[{"href":"https:\/\/mnir.ro\/shop\/index.php\/wp-json\/wp\/v2\/media?parent=4951"}],"wp:term":[{"taxonomy":"product_brand","embeddable":true,"href":"https:\/\/mnir.ro\/shop\/index.php\/wp-json\/wp\/v2\/product_brand?post=4951"},{"taxonomy":"product_cat","embeddable":true,"href":"https:\/\/mnir.ro\/shop\/index.php\/wp-json\/wp\/v2\/product_cat?post=4951"},{"taxonomy":"product_tag","embeddable":true,"href":"https:\/\/mnir.ro\/shop\/index.php\/wp-json\/wp\/v2\/product_tag?post=4951"}],"curies":[{"name":"wp","href":"https:\/\/api.w.org\/{rel}","templated":true}]}}